{"id":4136,"date":"2025-05-18T20:51:31","date_gmt":"2025-05-18T20:51:31","guid":{"rendered":"https:\/\/unnadeluxe.fi\/?post_type=product&#038;p=4136"},"modified":"2026-04-18T13:57:40","modified_gmt":"2026-04-18T13:57:40","slug":"lustglider-classic-plug-set","status":"publish","type":"product","link":"https:\/\/unnadeluxe.fi\/fi\/tuote\/lustglider-classic-plug-set\/","title":{"rendered":"LustGlider Classic Plug Set"},"content":{"rendered":"<p>Plugset med diamanter i  3 olika storlekar<br \/>\nSize:<br \/>\nSmall: 7.00 cm \u00d8 max. 2.80 cm<br \/>\nMedium:8.10 cm \u00d8 max. 3.50 cm<br \/>\nlarge: 9.54 cm \u00d8 max. 4.22 cm<\/p>","protected":false},"excerpt":{"rendered":"<p>H\u00e4r kommer det ideala kittet f\u00f6r att utforska dina erogena zoner.<br \/>\nOmr\u00e5det kring anus \u00e4r otroligt k\u00e4nsligt f\u00f6r ber\u00f6ring, eftersom det finns ett flertal erogena zoner kring anal\u00f6ppningen.<br \/>\n\u00c4r du nyb\u00f6rjare eller bara \u00e4r nyfiken p\u00e5 att utforska analstimulans \u00e4r detta set l\u00e4mpligt att b\u00f6rja med.<br \/>\nDetta set med 3 st analpluggar i silikon garanterar en sk\u00f6n stund b\u00e5de f\u00f6r dig och din partner.<\/p>\n<p>Kom ih\u00e5g att alltid anv\u00e4nda glidmedel tillsammans med sexleksaker f\u00f6r att \u00f6ka friktionen och f\u00f6r att det skall k\u00e4nnas sk\u00f6nt.<\/p>","protected":false},"featured_media":4137,"template":"","meta":[],"product_brand":[],"product_cat":[70,71],"product_tag":[],"class_list":{"0":"post-4136","1":"product","2":"type-product","3":"status-publish","4":"has-post-thumbnail","6":"product_cat-lust-njutning","7":"product_cat-sexleksaker","9":"first","10":"instock","11":"taxable","12":"shipping-taxable","13":"purchasable","14":"product-type-simple"},"yoast_head":"<!-- This site is optimized with the Yoast SEO plugin v27.1.1 - https:\/\/yoast.com\/product\/yoast-seo-wordpress\/ -->\n<title>LustGlider Classic Plug Set - Unnadeluxe<\/title>\n<meta name=\"robots\" content=\"index, follow, max-snippet:-1, max-image-preview:large, max-video-preview:-1\" \/>\n<link rel=\"canonical\" href=\"https:\/\/unnadeluxe.fi\/fi\/tuote\/lustglider-classic-plug-set\/\" \/>\n<meta property=\"og:locale\" content=\"fi_FI\" \/>\n<meta property=\"og:type\" content=\"article\" \/>\n<meta property=\"og:title\" content=\"LustGlider Classic Plug Set - Unnadeluxe\" \/>\n<meta property=\"og:description\" content=\"H\u00e4r kommer det ideala kittet f\u00f6r att utforska dina erogena zoner.  Omr\u00e5det kring anus \u00e4r otroligt k\u00e4nsligt f\u00f6r ber\u00f6ring, eftersom det finns ett flertal erogena zoner kring anal\u00f6ppningen. \u00c4r du nyb\u00f6rjare eller bara \u00e4r nyfiken p\u00e5 att utforska analstimulans \u00e4r detta set l\u00e4mpligt att b\u00f6rja med. Detta set med 3 st analpluggar i silikon garanterar en sk\u00f6n stund b\u00e5de f\u00f6r dig och din partner.  Kom ih\u00e5g att alltid anv\u00e4nda glidmedel tillsammans med sexleksaker f\u00f6r att \u00f6ka friktionen och f\u00f6r att det skall k\u00e4nnas sk\u00f6nt.\" \/>\n<meta property=\"og:url\" content=\"https:\/\/unnadeluxe.fi\/fi\/tuote\/lustglider-classic-plug-set\/\" \/>\n<meta property=\"og:site_name\" content=\"Unnadeluxe\" \/>\n<meta property=\"article:publisher\" content=\"https:\/\/www.facebook.com\/UnnaDeluxe\" \/>\n<meta property=\"article:modified_time\" content=\"2026-04-18T13:57:40+00:00\" \/>\n<meta property=\"og:image\" content=\"https:\/\/unnadeluxe.fi\/wp-content\/uploads\/2025\/05\/650000011401_2.jpg\" \/>\n\t<meta property=\"og:image:width\" content=\"1772\" \/>\n\t<meta property=\"og:image:height\" content=\"2054\" \/>\n\t<meta property=\"og:image:type\" content=\"image\/jpeg\" \/>\n<meta name=\"twitter:card\" content=\"summary_large_image\" \/>\n<meta name=\"twitter:label1\" content=\"Arvioitu lukuaika\" \/>\n\t<meta name=\"twitter:data1\" content=\"1 minuutti\" \/>\n<script type=\"application\/ld+json\" class=\"yoast-schema-graph\">{\"@context\":\"https:\/\/schema.org\",\"@graph\":[{\"@type\":\"WebPage\",\"@id\":\"https:\/\/unnadeluxe.fi\/produkt\/lustglider-classic-plug-set\/\",\"url\":\"https:\/\/unnadeluxe.fi\/produkt\/lustglider-classic-plug-set\/\",\"name\":\"LustGlider Classic Plug Set - Unnadeluxe\",\"isPartOf\":{\"@id\":\"https:\/\/unnadeluxe.fi\/#website\"},\"primaryImageOfPage\":{\"@id\":\"https:\/\/unnadeluxe.fi\/produkt\/lustglider-classic-plug-set\/#primaryimage\"},\"image\":{\"@id\":\"https:\/\/unnadeluxe.fi\/produkt\/lustglider-classic-plug-set\/#primaryimage\"},\"thumbnailUrl\":\"https:\/\/unnadeluxe.fi\/wp-content\/uploads\/2025\/05\/650000011401_2.jpg\",\"datePublished\":\"2025-05-18T20:51:31+00:00\",\"dateModified\":\"2026-04-18T13:57:40+00:00\",\"breadcrumb\":{\"@id\":\"https:\/\/unnadeluxe.fi\/produkt\/lustglider-classic-plug-set\/#breadcrumb\"},\"inLanguage\":\"fi\",\"potentialAction\":[{\"@type\":\"ReadAction\",\"target\":[\"https:\/\/unnadeluxe.fi\/produkt\/lustglider-classic-plug-set\/\"]}]},{\"@type\":\"ImageObject\",\"inLanguage\":\"fi\",\"@id\":\"https:\/\/unnadeluxe.fi\/produkt\/lustglider-classic-plug-set\/#primaryimage\",\"url\":\"https:\/\/unnadeluxe.fi\/wp-content\/uploads\/2025\/05\/650000011401_2.jpg\",\"contentUrl\":\"https:\/\/unnadeluxe.fi\/wp-content\/uploads\/2025\/05\/650000011401_2.jpg\",\"width\":1772,\"height\":2054},{\"@type\":\"BreadcrumbList\",\"@id\":\"https:\/\/unnadeluxe.fi\/produkt\/lustglider-classic-plug-set\/#breadcrumb\",\"itemListElement\":[{\"@type\":\"ListItem\",\"position\":1,\"name\":\"Hem\",\"item\":\"https:\/\/unnadeluxe.fi\/\"},{\"@type\":\"ListItem\",\"position\":2,\"name\":\"Shop\",\"item\":\"https:\/\/unnadeluxe.fi\/shop\/\"},{\"@type\":\"ListItem\",\"position\":3,\"name\":\"LustGlider Classic Plug Set\"}]},{\"@type\":\"WebSite\",\"@id\":\"https:\/\/unnadeluxe.fi\/#website\",\"url\":\"https:\/\/unnadeluxe.fi\/\",\"name\":\"Unnadeluxe\",\"description\":\"UnnaDeluxe\",\"publisher\":{\"@id\":\"https:\/\/unnadeluxe.fi\/#organization\"},\"potentialAction\":[{\"@type\":\"SearchAction\",\"target\":{\"@type\":\"EntryPoint\",\"urlTemplate\":\"https:\/\/unnadeluxe.fi\/?s={search_term_string}\"},\"query-input\":{\"@type\":\"PropertyValueSpecification\",\"valueRequired\":true,\"valueName\":\"search_term_string\"}}],\"inLanguage\":\"fi\"},{\"@type\":\"Organization\",\"@id\":\"https:\/\/unnadeluxe.fi\/#organization\",\"name\":\"Unnadeluxe\",\"url\":\"https:\/\/unnadeluxe.fi\/\",\"logo\":{\"@type\":\"ImageObject\",\"inLanguage\":\"fi\",\"@id\":\"https:\/\/unnadeluxe.fi\/#\/schema\/logo\/image\/\",\"url\":\"https:\/\/unnadeluxe.fi\/wp-content\/uploads\/2022\/09\/Unna-logo-lingerie-black-and-gold.png\",\"contentUrl\":\"https:\/\/unnadeluxe.fi\/wp-content\/uploads\/2022\/09\/Unna-logo-lingerie-black-and-gold.png\",\"width\":3150,\"height\":3937,\"caption\":\"Unnadeluxe\"},\"image\":{\"@id\":\"https:\/\/unnadeluxe.fi\/#\/schema\/logo\/image\/\"},\"sameAs\":[\"https:\/\/www.facebook.com\/UnnaDeluxe\"]}]}<\/script>\n<!-- \/ Yoast SEO plugin. -->","yoast_head_json":{"title":"LustGlider Classic Plug Set - Unnadeluxe","robots":{"index":"index","follow":"follow","max-snippet":"max-snippet:-1","max-image-preview":"max-image-preview:large","max-video-preview":"max-video-preview:-1"},"canonical":"https:\/\/unnadeluxe.fi\/fi\/tuote\/lustglider-classic-plug-set\/","og_locale":"fi_FI","og_type":"article","og_title":"LustGlider Classic Plug Set - Unnadeluxe","og_description":"H\u00e4r kommer det ideala kittet f\u00f6r att utforska dina erogena zoner.  Omr\u00e5det kring anus \u00e4r otroligt k\u00e4nsligt f\u00f6r ber\u00f6ring, eftersom det finns ett flertal erogena zoner kring anal\u00f6ppningen. \u00c4r du nyb\u00f6rjare eller bara \u00e4r nyfiken p\u00e5 att utforska analstimulans \u00e4r detta set l\u00e4mpligt att b\u00f6rja med. Detta set med 3 st analpluggar i silikon garanterar en sk\u00f6n stund b\u00e5de f\u00f6r dig och din partner.  Kom ih\u00e5g att alltid anv\u00e4nda glidmedel tillsammans med sexleksaker f\u00f6r att \u00f6ka friktionen och f\u00f6r att det skall k\u00e4nnas sk\u00f6nt.","og_url":"https:\/\/unnadeluxe.fi\/fi\/tuote\/lustglider-classic-plug-set\/","og_site_name":"Unnadeluxe","article_publisher":"https:\/\/www.facebook.com\/UnnaDeluxe","article_modified_time":"2026-04-18T13:57:40+00:00","og_image":[{"width":1772,"height":2054,"url":"https:\/\/unnadeluxe.fi\/wp-content\/uploads\/2025\/05\/650000011401_2.jpg","type":"image\/jpeg"}],"twitter_card":"summary_large_image","twitter_misc":{"Arvioitu lukuaika":"1 minuutti"},"schema":{"@context":"https:\/\/schema.org","@graph":[{"@type":"WebPage","@id":"https:\/\/unnadeluxe.fi\/produkt\/lustglider-classic-plug-set\/","url":"https:\/\/unnadeluxe.fi\/produkt\/lustglider-classic-plug-set\/","name":"LustGlider Classic Plug Set - Unnadeluxe","isPartOf":{"@id":"https:\/\/unnadeluxe.fi\/#website"},"primaryImageOfPage":{"@id":"https:\/\/unnadeluxe.fi\/produkt\/lustglider-classic-plug-set\/#primaryimage"},"image":{"@id":"https:\/\/unnadeluxe.fi\/produkt\/lustglider-classic-plug-set\/#primaryimage"},"thumbnailUrl":"https:\/\/unnadeluxe.fi\/wp-content\/uploads\/2025\/05\/650000011401_2.jpg","datePublished":"2025-05-18T20:51:31+00:00","dateModified":"2026-04-18T13:57:40+00:00","breadcrumb":{"@id":"https:\/\/unnadeluxe.fi\/produkt\/lustglider-classic-plug-set\/#breadcrumb"},"inLanguage":"fi","potentialAction":[{"@type":"ReadAction","target":["https:\/\/unnadeluxe.fi\/produkt\/lustglider-classic-plug-set\/"]}]},{"@type":"ImageObject","inLanguage":"fi","@id":"https:\/\/unnadeluxe.fi\/produkt\/lustglider-classic-plug-set\/#primaryimage","url":"https:\/\/unnadeluxe.fi\/wp-content\/uploads\/2025\/05\/650000011401_2.jpg","contentUrl":"https:\/\/unnadeluxe.fi\/wp-content\/uploads\/2025\/05\/650000011401_2.jpg","width":1772,"height":2054},{"@type":"BreadcrumbList","@id":"https:\/\/unnadeluxe.fi\/produkt\/lustglider-classic-plug-set\/#breadcrumb","itemListElement":[{"@type":"ListItem","position":1,"name":"Hem","item":"https:\/\/unnadeluxe.fi\/"},{"@type":"ListItem","position":2,"name":"Shop","item":"https:\/\/unnadeluxe.fi\/shop\/"},{"@type":"ListItem","position":3,"name":"LustGlider Classic Plug Set"}]},{"@type":"WebSite","@id":"https:\/\/unnadeluxe.fi\/#website","url":"https:\/\/unnadeluxe.fi\/","name":"Unnadeluxe","description":"UnnaDeluxe","publisher":{"@id":"https:\/\/unnadeluxe.fi\/#organization"},"potentialAction":[{"@type":"SearchAction","target":{"@type":"EntryPoint","urlTemplate":"https:\/\/unnadeluxe.fi\/?s={search_term_string}"},"query-input":{"@type":"PropertyValueSpecification","valueRequired":true,"valueName":"search_term_string"}}],"inLanguage":"fi"},{"@type":"Organization","@id":"https:\/\/unnadeluxe.fi\/#organization","name":"Unnadeluxe","url":"https:\/\/unnadeluxe.fi\/","logo":{"@type":"ImageObject","inLanguage":"fi","@id":"https:\/\/unnadeluxe.fi\/#\/schema\/logo\/image\/","url":"https:\/\/unnadeluxe.fi\/wp-content\/uploads\/2022\/09\/Unna-logo-lingerie-black-and-gold.png","contentUrl":"https:\/\/unnadeluxe.fi\/wp-content\/uploads\/2022\/09\/Unna-logo-lingerie-black-and-gold.png","width":3150,"height":3937,"caption":"Unnadeluxe"},"image":{"@id":"https:\/\/unnadeluxe.fi\/#\/schema\/logo\/image\/"},"sameAs":["https:\/\/www.facebook.com\/UnnaDeluxe"]}]}},"_links":{"self":[{"href":"https:\/\/unnadeluxe.fi\/fi\/wp-json\/wp\/v2\/product\/4136","targetHints":{"allow":["GET"]}}],"collection":[{"href":"https:\/\/unnadeluxe.fi\/fi\/wp-json\/wp\/v2\/product"}],"about":[{"href":"https:\/\/unnadeluxe.fi\/fi\/wp-json\/wp\/v2\/types\/product"}],"wp:featuredmedia":[{"embeddable":true,"href":"https:\/\/unnadeluxe.fi\/fi\/wp-json\/wp\/v2\/media\/4137"}],"wp:attachment":[{"href":"https:\/\/unnadeluxe.fi\/fi\/wp-json\/wp\/v2\/media?parent=4136"}],"wp:term":[{"taxonomy":"product_brand","embeddable":true,"href":"https:\/\/unnadeluxe.fi\/fi\/wp-json\/wp\/v2\/product_brand?post=4136"},{"taxonomy":"product_cat","embeddable":true,"href":"https:\/\/unnadeluxe.fi\/fi\/wp-json\/wp\/v2\/product_cat?post=4136"},{"taxonomy":"product_tag","embeddable":true,"href":"https:\/\/unnadeluxe.fi\/fi\/wp-json\/wp\/v2\/product_tag?post=4136"}],"curies":[{"name":"wp","href":"https:\/\/api.w.org\/{rel}","templated":true}]}}