{"id":3927,"date":"2025-04-14T13:30:07","date_gmt":"2025-04-14T13:30:07","guid":{"rendered":"https:\/\/unnadeluxe.fi\/?post_type=product&#038;p=3927"},"modified":"2025-09-28T19:46:26","modified_gmt":"2025-09-28T19:46:26","slug":"freya-idol-t-shirt","status":"publish","type":"product","link":"https:\/\/unnadeluxe.fi\/fi\/tuote\/freya-idol-t-shirt\/","title":{"rendered":"Freya Idol T-shirt Bra"},"content":{"rendered":"<p>L\u00e4ttvadderad bygelbh i en sl\u00e4t t-shirt modell.<br \/>\nOptimalt st\u00f6d och lyft.<br \/>\nBalconette-design ger bysten rundad, stilren form under kl\u00e4der<br \/>\nF\u00e4rg: Nude, beige<br \/>\nMaterial 81% polyester, 16% nylon, 3% elastan<br \/>\nHandtv\u00e4tt<\/p>","protected":false},"excerpt":{"rendered":"<p>Freya Idol Moulded Balcony Bra \u00e4r en stilren T-shirt-Bh som skapar en j\u00e4mn siluett med mycket st\u00f6d och maximal komfort. Forms\u00e4kra kupor och stabil konstruktion. Detta en bh som passar lika bra under tunna blusar som en tajt sittande top. B\u00e5de till vardag och fest.<\/p>","protected":false},"featured_media":3983,"template":"","meta":[],"product_brand":[86],"product_cat":[27,28,55,58],"product_tag":[],"class_list":{"0":"post-3927","1":"product","2":"type-product","3":"status-publish","4":"has-post-thumbnail","6":"product_brand-freya","7":"product_cat-underklader","8":"product_cat-bhn","9":"product_cat-bygel-bh","10":"product_cat-t-shirt-bh","12":"first","13":"instock","14":"taxable","15":"shipping-taxable","16":"purchasable","17":"product-type-variable"},"yoast_head":"<!-- This site is optimized with the Yoast SEO plugin v27.1.1 - https:\/\/yoast.com\/product\/yoast-seo-wordpress\/ -->\n<title>Freya Idol T-shirt Bra - Unnadeluxe<\/title>\n<meta name=\"robots\" content=\"index, follow, max-snippet:-1, max-image-preview:large, max-video-preview:-1\" \/>\n<link rel=\"canonical\" href=\"https:\/\/unnadeluxe.fi\/fi\/tuote\/freya-idol-t-shirt\/\" \/>\n<meta property=\"og:locale\" content=\"fi_FI\" \/>\n<meta property=\"og:type\" content=\"article\" \/>\n<meta property=\"og:title\" content=\"Freya Idol T-shirt Bra - Unnadeluxe\" \/>\n<meta property=\"og:description\" content=\"Freya Idol Moulded Balcony Bra \u00e4r en stilren T-shirt-Bh som skapar en j\u00e4mn siluett med mycket st\u00f6d och maximal komfort. Forms\u00e4kra kupor och stabil konstruktion. Detta en bh som passar lika bra under tunna blusar som en tajt sittande top. B\u00e5de till vardag och fest.\" \/>\n<meta property=\"og:url\" content=\"https:\/\/unnadeluxe.fi\/fi\/tuote\/freya-idol-t-shirt\/\" \/>\n<meta property=\"og:site_name\" content=\"Unnadeluxe\" \/>\n<meta property=\"article:publisher\" content=\"https:\/\/www.facebook.com\/UnnaDeluxe\" \/>\n<meta property=\"article:modified_time\" content=\"2025-09-28T19:46:26+00:00\" \/>\n<meta property=\"og:image\" content=\"https:\/\/unnadeluxe.fi\/wp-content\/uploads\/2025\/04\/IDOL-NUDE-UW-MOULDED-BALCONY-T-SHIRT-BRA-AA1050-CUTOUT-WEB-scaled.jpg\" \/>\n\t<meta property=\"og:image:width\" content=\"2560\" \/>\n\t<meta property=\"og:image:height\" content=\"2560\" \/>\n\t<meta property=\"og:image:type\" content=\"image\/jpeg\" \/>\n<meta name=\"twitter:card\" content=\"summary_large_image\" \/>\n<meta name=\"twitter:label1\" content=\"Arvioitu lukuaika\" \/>\n\t<meta name=\"twitter:data1\" content=\"1 minuutti\" \/>\n<script type=\"application\/ld+json\" class=\"yoast-schema-graph\">{\"@context\":\"https:\/\/schema.org\",\"@graph\":[{\"@type\":\"WebPage\",\"@id\":\"https:\/\/unnadeluxe.fi\/produkt\/freya-idol-t-shirt\/\",\"url\":\"https:\/\/unnadeluxe.fi\/produkt\/freya-idol-t-shirt\/\",\"name\":\"Freya Idol T-shirt Bra - Unnadeluxe\",\"isPartOf\":{\"@id\":\"https:\/\/unnadeluxe.fi\/#website\"},\"primaryImageOfPage\":{\"@id\":\"https:\/\/unnadeluxe.fi\/produkt\/freya-idol-t-shirt\/#primaryimage\"},\"image\":{\"@id\":\"https:\/\/unnadeluxe.fi\/produkt\/freya-idol-t-shirt\/#primaryimage\"},\"thumbnailUrl\":\"https:\/\/unnadeluxe.fi\/wp-content\/uploads\/2025\/04\/IDOL-NUDE-UW-MOULDED-BALCONY-T-SHIRT-BRA-AA1050-CUTOUT-WEB-scaled.jpg\",\"datePublished\":\"2025-04-14T13:30:07+00:00\",\"dateModified\":\"2025-09-28T19:46:26+00:00\",\"breadcrumb\":{\"@id\":\"https:\/\/unnadeluxe.fi\/produkt\/freya-idol-t-shirt\/#breadcrumb\"},\"inLanguage\":\"fi\",\"potentialAction\":[{\"@type\":\"ReadAction\",\"target\":[\"https:\/\/unnadeluxe.fi\/produkt\/freya-idol-t-shirt\/\"]}]},{\"@type\":\"ImageObject\",\"inLanguage\":\"fi\",\"@id\":\"https:\/\/unnadeluxe.fi\/produkt\/freya-idol-t-shirt\/#primaryimage\",\"url\":\"https:\/\/unnadeluxe.fi\/wp-content\/uploads\/2025\/04\/IDOL-NUDE-UW-MOULDED-BALCONY-T-SHIRT-BRA-AA1050-CUTOUT-WEB-scaled.jpg\",\"contentUrl\":\"https:\/\/unnadeluxe.fi\/wp-content\/uploads\/2025\/04\/IDOL-NUDE-UW-MOULDED-BALCONY-T-SHIRT-BRA-AA1050-CUTOUT-WEB-scaled.jpg\",\"width\":2560,\"height\":2560},{\"@type\":\"BreadcrumbList\",\"@id\":\"https:\/\/unnadeluxe.fi\/produkt\/freya-idol-t-shirt\/#breadcrumb\",\"itemListElement\":[{\"@type\":\"ListItem\",\"position\":1,\"name\":\"Hem\",\"item\":\"https:\/\/unnadeluxe.fi\/\"},{\"@type\":\"ListItem\",\"position\":2,\"name\":\"Shop\",\"item\":\"https:\/\/unnadeluxe.fi\/shop\/\"},{\"@type\":\"ListItem\",\"position\":3,\"name\":\"Freya Idol T-shirt Bra\"}]},{\"@type\":\"WebSite\",\"@id\":\"https:\/\/unnadeluxe.fi\/#website\",\"url\":\"https:\/\/unnadeluxe.fi\/\",\"name\":\"Unnadeluxe\",\"description\":\"UnnaDeluxe\",\"publisher\":{\"@id\":\"https:\/\/unnadeluxe.fi\/#organization\"},\"potentialAction\":[{\"@type\":\"SearchAction\",\"target\":{\"@type\":\"EntryPoint\",\"urlTemplate\":\"https:\/\/unnadeluxe.fi\/?s={search_term_string}\"},\"query-input\":{\"@type\":\"PropertyValueSpecification\",\"valueRequired\":true,\"valueName\":\"search_term_string\"}}],\"inLanguage\":\"fi\"},{\"@type\":\"Organization\",\"@id\":\"https:\/\/unnadeluxe.fi\/#organization\",\"name\":\"Unnadeluxe\",\"url\":\"https:\/\/unnadeluxe.fi\/\",\"logo\":{\"@type\":\"ImageObject\",\"inLanguage\":\"fi\",\"@id\":\"https:\/\/unnadeluxe.fi\/#\/schema\/logo\/image\/\",\"url\":\"https:\/\/unnadeluxe.fi\/wp-content\/uploads\/2022\/09\/Unna-logo-lingerie-black-and-gold.png\",\"contentUrl\":\"https:\/\/unnadeluxe.fi\/wp-content\/uploads\/2022\/09\/Unna-logo-lingerie-black-and-gold.png\",\"width\":3150,\"height\":3937,\"caption\":\"Unnadeluxe\"},\"image\":{\"@id\":\"https:\/\/unnadeluxe.fi\/#\/schema\/logo\/image\/\"},\"sameAs\":[\"https:\/\/www.facebook.com\/UnnaDeluxe\"]}]}<\/script>\n<!-- \/ Yoast SEO plugin. -->","yoast_head_json":{"title":"Freya Idol T-shirt Bra - Unnadeluxe","robots":{"index":"index","follow":"follow","max-snippet":"max-snippet:-1","max-image-preview":"max-image-preview:large","max-video-preview":"max-video-preview:-1"},"canonical":"https:\/\/unnadeluxe.fi\/fi\/tuote\/freya-idol-t-shirt\/","og_locale":"fi_FI","og_type":"article","og_title":"Freya Idol T-shirt Bra - Unnadeluxe","og_description":"Freya Idol Moulded Balcony Bra \u00e4r en stilren T-shirt-Bh som skapar en j\u00e4mn siluett med mycket st\u00f6d och maximal komfort. Forms\u00e4kra kupor och stabil konstruktion. Detta en bh som passar lika bra under tunna blusar som en tajt sittande top. B\u00e5de till vardag och fest.","og_url":"https:\/\/unnadeluxe.fi\/fi\/tuote\/freya-idol-t-shirt\/","og_site_name":"Unnadeluxe","article_publisher":"https:\/\/www.facebook.com\/UnnaDeluxe","article_modified_time":"2025-09-28T19:46:26+00:00","og_image":[{"width":2560,"height":2560,"url":"https:\/\/unnadeluxe.fi\/wp-content\/uploads\/2025\/04\/IDOL-NUDE-UW-MOULDED-BALCONY-T-SHIRT-BRA-AA1050-CUTOUT-WEB-scaled.jpg","type":"image\/jpeg"}],"twitter_card":"summary_large_image","twitter_misc":{"Arvioitu lukuaika":"1 minuutti"},"schema":{"@context":"https:\/\/schema.org","@graph":[{"@type":"WebPage","@id":"https:\/\/unnadeluxe.fi\/produkt\/freya-idol-t-shirt\/","url":"https:\/\/unnadeluxe.fi\/produkt\/freya-idol-t-shirt\/","name":"Freya Idol T-shirt Bra - Unnadeluxe","isPartOf":{"@id":"https:\/\/unnadeluxe.fi\/#website"},"primaryImageOfPage":{"@id":"https:\/\/unnadeluxe.fi\/produkt\/freya-idol-t-shirt\/#primaryimage"},"image":{"@id":"https:\/\/unnadeluxe.fi\/produkt\/freya-idol-t-shirt\/#primaryimage"},"thumbnailUrl":"https:\/\/unnadeluxe.fi\/wp-content\/uploads\/2025\/04\/IDOL-NUDE-UW-MOULDED-BALCONY-T-SHIRT-BRA-AA1050-CUTOUT-WEB-scaled.jpg","datePublished":"2025-04-14T13:30:07+00:00","dateModified":"2025-09-28T19:46:26+00:00","breadcrumb":{"@id":"https:\/\/unnadeluxe.fi\/produkt\/freya-idol-t-shirt\/#breadcrumb"},"inLanguage":"fi","potentialAction":[{"@type":"ReadAction","target":["https:\/\/unnadeluxe.fi\/produkt\/freya-idol-t-shirt\/"]}]},{"@type":"ImageObject","inLanguage":"fi","@id":"https:\/\/unnadeluxe.fi\/produkt\/freya-idol-t-shirt\/#primaryimage","url":"https:\/\/unnadeluxe.fi\/wp-content\/uploads\/2025\/04\/IDOL-NUDE-UW-MOULDED-BALCONY-T-SHIRT-BRA-AA1050-CUTOUT-WEB-scaled.jpg","contentUrl":"https:\/\/unnadeluxe.fi\/wp-content\/uploads\/2025\/04\/IDOL-NUDE-UW-MOULDED-BALCONY-T-SHIRT-BRA-AA1050-CUTOUT-WEB-scaled.jpg","width":2560,"height":2560},{"@type":"BreadcrumbList","@id":"https:\/\/unnadeluxe.fi\/produkt\/freya-idol-t-shirt\/#breadcrumb","itemListElement":[{"@type":"ListItem","position":1,"name":"Hem","item":"https:\/\/unnadeluxe.fi\/"},{"@type":"ListItem","position":2,"name":"Shop","item":"https:\/\/unnadeluxe.fi\/shop\/"},{"@type":"ListItem","position":3,"name":"Freya Idol T-shirt Bra"}]},{"@type":"WebSite","@id":"https:\/\/unnadeluxe.fi\/#website","url":"https:\/\/unnadeluxe.fi\/","name":"Unnadeluxe","description":"UnnaDeluxe","publisher":{"@id":"https:\/\/unnadeluxe.fi\/#organization"},"potentialAction":[{"@type":"SearchAction","target":{"@type":"EntryPoint","urlTemplate":"https:\/\/unnadeluxe.fi\/?s={search_term_string}"},"query-input":{"@type":"PropertyValueSpecification","valueRequired":true,"valueName":"search_term_string"}}],"inLanguage":"fi"},{"@type":"Organization","@id":"https:\/\/unnadeluxe.fi\/#organization","name":"Unnadeluxe","url":"https:\/\/unnadeluxe.fi\/","logo":{"@type":"ImageObject","inLanguage":"fi","@id":"https:\/\/unnadeluxe.fi\/#\/schema\/logo\/image\/","url":"https:\/\/unnadeluxe.fi\/wp-content\/uploads\/2022\/09\/Unna-logo-lingerie-black-and-gold.png","contentUrl":"https:\/\/unnadeluxe.fi\/wp-content\/uploads\/2022\/09\/Unna-logo-lingerie-black-and-gold.png","width":3150,"height":3937,"caption":"Unnadeluxe"},"image":{"@id":"https:\/\/unnadeluxe.fi\/#\/schema\/logo\/image\/"},"sameAs":["https:\/\/www.facebook.com\/UnnaDeluxe"]}]}},"_links":{"self":[{"href":"https:\/\/unnadeluxe.fi\/fi\/wp-json\/wp\/v2\/product\/3927","targetHints":{"allow":["GET"]}}],"collection":[{"href":"https:\/\/unnadeluxe.fi\/fi\/wp-json\/wp\/v2\/product"}],"about":[{"href":"https:\/\/unnadeluxe.fi\/fi\/wp-json\/wp\/v2\/types\/product"}],"wp:featuredmedia":[{"embeddable":true,"href":"https:\/\/unnadeluxe.fi\/fi\/wp-json\/wp\/v2\/media\/3983"}],"wp:attachment":[{"href":"https:\/\/unnadeluxe.fi\/fi\/wp-json\/wp\/v2\/media?parent=3927"}],"wp:term":[{"taxonomy":"product_brand","embeddable":true,"href":"https:\/\/unnadeluxe.fi\/fi\/wp-json\/wp\/v2\/product_brand?post=3927"},{"taxonomy":"product_cat","embeddable":true,"href":"https:\/\/unnadeluxe.fi\/fi\/wp-json\/wp\/v2\/product_cat?post=3927"},{"taxonomy":"product_tag","embeddable":true,"href":"https:\/\/unnadeluxe.fi\/fi\/wp-json\/wp\/v2\/product_tag?post=3927"}],"curies":[{"name":"wp","href":"https:\/\/api.w.org\/{rel}","templated":true}]}}