{"id":392,"date":"2022-10-23T08:54:00","date_gmt":"2022-10-23T08:54:00","guid":{"rendered":"https:\/\/unnadeluxe.fi\/?post_type=product&#038;p=392"},"modified":"2025-05-28T15:39:40","modified_gmt":"2025-05-28T15:39:40","slug":"dynamic-sport-bh","status":"publish","type":"product","link":"https:\/\/unnadeluxe.fi\/fi\/tuote\/dynamic-sport-bh\/","title":{"rendered":"Dynamic Sport-BH"},"content":{"rendered":"<p>VARUM\u00c4RKE:\u00a0Abecita<br \/>\nNAMN:Dynamic Sport-BH, Svart\/Gr\u00e5<br \/>\nF\u00c4RG:\u00a0Svart<br \/>\nMATERIAL:75% Polyamid, 15% Elastan, 10% Polyester<br \/>\nTV\u00c4TTR\u00c5D:40 grader maskintv\u00e4tt<\/p>","protected":false},"excerpt":{"rendered":"<p>En unik Sport-BH med material som andas och absorberar fukt fr\u00e5n kroppen. Formpressade kupor och foder i Coolshape f\u00f6r stabilitet, st\u00f6d och komfort. N\u00e4t dekolletage i Coolmax. Brett band under bysten f\u00f6r komfort och st\u00f6d. Vadderat sidost\u00f6d och axelband h\u00e5ller bysten p\u00e5 plats och f\u00f6r extra komfort. Axelbanden \u00e4r reglerbara bak och flexibla och kan korsas bakom ryggen.<\/p>\n<p>-Reglerbara axelband f\u00f6r b\u00e4sta passform och st\u00f6d f\u00f6r bysten<br \/>\n-Bekv\u00e4ma, vadderade axelband som avlastar axlarna<br \/>\n-Formpressade kupor ger en naturlig siluett<br \/>\n-Extrem support f\u00f6r tr\u00e4ning med h\u00f6g intensitet<br \/>\n-Brottarrygg som flexibel funktion<br \/>\n-Nickelfria ringar och sp\u00e4nnen<br \/>\n-Vadderad hake &amp; hyska som \u00e4r sk\u00f6n mot huden<br \/>\n-Framdel som separerar bysten<br \/>\n-Vadderat sidost\u00f6d centrerar och formar bysten<\/p>","protected":false},"featured_media":393,"template":"","meta":[],"product_brand":[89],"product_cat":[28,56,59],"product_tag":[],"class_list":{"0":"post-392","1":"product","2":"type-product","3":"status-publish","4":"has-post-thumbnail","6":"product_brand-abecita","7":"product_cat-bhn","8":"product_cat-bygellos-bh","9":"product_cat-sport-bh","11":"first","12":"outofstock","13":"taxable","14":"shipping-taxable","15":"purchasable","16":"product-type-simple"},"yoast_head":"<!-- This site is optimized with the Yoast SEO plugin v27.5 - https:\/\/yoast.com\/product\/yoast-seo-wordpress\/ -->\n<title>Dynamic Sport-BH - Unnadeluxe<\/title>\n<meta name=\"robots\" content=\"index, follow, max-snippet:-1, max-image-preview:large, max-video-preview:-1\" \/>\n<link rel=\"canonical\" href=\"https:\/\/unnadeluxe.fi\/fi\/tuote\/dynamic-sport-bh\/\" \/>\n<meta property=\"og:locale\" content=\"fi_FI\" \/>\n<meta property=\"og:type\" content=\"article\" \/>\n<meta property=\"og:title\" content=\"Dynamic Sport-BH - Unnadeluxe\" \/>\n<meta property=\"og:description\" content=\"En unik Sport-BH med material som andas och absorberar fukt fr\u00e5n kroppen. Formpressade kupor och foder i Coolshape f\u00f6r stabilitet, st\u00f6d och komfort. N\u00e4t dekolletage i Coolmax. Brett band under bysten f\u00f6r komfort och st\u00f6d. Vadderat sidost\u00f6d och axelband h\u00e5ller bysten p\u00e5 plats och f\u00f6r extra komfort. Axelbanden \u00e4r reglerbara bak och flexibla och kan korsas bakom ryggen.  -Reglerbara axelband f\u00f6r b\u00e4sta passform och st\u00f6d f\u00f6r bysten -Bekv\u00e4ma, vadderade axelband som avlastar axlarna -Formpressade kupor ger en naturlig siluett -Extrem support f\u00f6r tr\u00e4ning med h\u00f6g intensitet -Brottarrygg som flexibel funktion -Nickelfria ringar och sp\u00e4nnen -Vadderad hake &amp; hyska som \u00e4r sk\u00f6n mot huden -Framdel som separerar bysten -Vadderat sidost\u00f6d centrerar och formar bysten\" \/>\n<meta property=\"og:url\" content=\"https:\/\/unnadeluxe.fi\/fi\/tuote\/dynamic-sport-bh\/\" \/>\n<meta property=\"og:site_name\" content=\"Unnadeluxe\" \/>\n<meta property=\"article:publisher\" content=\"https:\/\/www.facebook.com\/UnnaDeluxe\" \/>\n<meta property=\"article:modified_time\" content=\"2025-05-28T15:39:40+00:00\" \/>\n<meta property=\"og:image\" content=\"https:\/\/unnadeluxe.fi\/wp-content\/uploads\/2022\/10\/144684-9800_5.jpg\" \/>\n\t<meta property=\"og:image:width\" content=\"510\" \/>\n\t<meta property=\"og:image:height\" content=\"700\" \/>\n\t<meta property=\"og:image:type\" content=\"image\/jpeg\" \/>\n<meta name=\"twitter:card\" content=\"summary_large_image\" \/>\n<meta name=\"twitter:label1\" content=\"Arvioitu lukuaika\" \/>\n\t<meta name=\"twitter:data1\" content=\"1 minuutti\" \/>\n<script type=\"application\/ld+json\" class=\"yoast-schema-graph\">{\"@context\":\"https:\\\/\\\/schema.org\",\"@graph\":[{\"@type\":\"WebPage\",\"@id\":\"https:\\\/\\\/unnadeluxe.fi\\\/produkt\\\/dynamic-sport-bh\\\/\",\"url\":\"https:\\\/\\\/unnadeluxe.fi\\\/produkt\\\/dynamic-sport-bh\\\/\",\"name\":\"Dynamic Sport-BH - Unnadeluxe\",\"isPartOf\":{\"@id\":\"https:\\\/\\\/unnadeluxe.fi\\\/#website\"},\"primaryImageOfPage\":{\"@id\":\"https:\\\/\\\/unnadeluxe.fi\\\/produkt\\\/dynamic-sport-bh\\\/#primaryimage\"},\"image\":{\"@id\":\"https:\\\/\\\/unnadeluxe.fi\\\/produkt\\\/dynamic-sport-bh\\\/#primaryimage\"},\"thumbnailUrl\":\"https:\\\/\\\/unnadeluxe.fi\\\/wp-content\\\/uploads\\\/2022\\\/10\\\/144684-9800_5.jpg\",\"datePublished\":\"2022-10-23T08:54:00+00:00\",\"dateModified\":\"2025-05-28T15:39:40+00:00\",\"breadcrumb\":{\"@id\":\"https:\\\/\\\/unnadeluxe.fi\\\/produkt\\\/dynamic-sport-bh\\\/#breadcrumb\"},\"inLanguage\":\"fi\",\"potentialAction\":[{\"@type\":\"ReadAction\",\"target\":[\"https:\\\/\\\/unnadeluxe.fi\\\/produkt\\\/dynamic-sport-bh\\\/\"]}]},{\"@type\":\"ImageObject\",\"inLanguage\":\"fi\",\"@id\":\"https:\\\/\\\/unnadeluxe.fi\\\/produkt\\\/dynamic-sport-bh\\\/#primaryimage\",\"url\":\"https:\\\/\\\/unnadeluxe.fi\\\/wp-content\\\/uploads\\\/2022\\\/10\\\/144684-9800_5.jpg\",\"contentUrl\":\"https:\\\/\\\/unnadeluxe.fi\\\/wp-content\\\/uploads\\\/2022\\\/10\\\/144684-9800_5.jpg\",\"width\":510,\"height\":700},{\"@type\":\"BreadcrumbList\",\"@id\":\"https:\\\/\\\/unnadeluxe.fi\\\/produkt\\\/dynamic-sport-bh\\\/#breadcrumb\",\"itemListElement\":[{\"@type\":\"ListItem\",\"position\":1,\"name\":\"Hem\",\"item\":\"https:\\\/\\\/unnadeluxe.fi\\\/\"},{\"@type\":\"ListItem\",\"position\":2,\"name\":\"Shop\",\"item\":\"https:\\\/\\\/unnadeluxe.fi\\\/shop\\\/\"},{\"@type\":\"ListItem\",\"position\":3,\"name\":\"Dynamic Sport-BH\"}]},{\"@type\":\"WebSite\",\"@id\":\"https:\\\/\\\/unnadeluxe.fi\\\/#website\",\"url\":\"https:\\\/\\\/unnadeluxe.fi\\\/\",\"name\":\"Unnadeluxe\",\"description\":\"UnnaDeluxe\",\"publisher\":{\"@id\":\"https:\\\/\\\/unnadeluxe.fi\\\/#organization\"},\"potentialAction\":[{\"@type\":\"SearchAction\",\"target\":{\"@type\":\"EntryPoint\",\"urlTemplate\":\"https:\\\/\\\/unnadeluxe.fi\\\/?s={search_term_string}\"},\"query-input\":{\"@type\":\"PropertyValueSpecification\",\"valueRequired\":true,\"valueName\":\"search_term_string\"}}],\"inLanguage\":\"fi\"},{\"@type\":\"Organization\",\"@id\":\"https:\\\/\\\/unnadeluxe.fi\\\/#organization\",\"name\":\"Unnadeluxe\",\"url\":\"https:\\\/\\\/unnadeluxe.fi\\\/\",\"logo\":{\"@type\":\"ImageObject\",\"inLanguage\":\"fi\",\"@id\":\"https:\\\/\\\/unnadeluxe.fi\\\/#\\\/schema\\\/logo\\\/image\\\/\",\"url\":\"https:\\\/\\\/unnadeluxe.fi\\\/wp-content\\\/uploads\\\/2022\\\/09\\\/Unna-logo-lingerie-black-and-gold.png\",\"contentUrl\":\"https:\\\/\\\/unnadeluxe.fi\\\/wp-content\\\/uploads\\\/2022\\\/09\\\/Unna-logo-lingerie-black-and-gold.png\",\"width\":3150,\"height\":3937,\"caption\":\"Unnadeluxe\"},\"image\":{\"@id\":\"https:\\\/\\\/unnadeluxe.fi\\\/#\\\/schema\\\/logo\\\/image\\\/\"},\"sameAs\":[\"https:\\\/\\\/www.facebook.com\\\/UnnaDeluxe\"]}]}<\/script>\n<!-- \/ Yoast SEO plugin. -->","yoast_head_json":{"title":"Dynamic Sport-BH - Unnadeluxe","robots":{"index":"index","follow":"follow","max-snippet":"max-snippet:-1","max-image-preview":"max-image-preview:large","max-video-preview":"max-video-preview:-1"},"canonical":"https:\/\/unnadeluxe.fi\/fi\/tuote\/dynamic-sport-bh\/","og_locale":"fi_FI","og_type":"article","og_title":"Dynamic Sport-BH - Unnadeluxe","og_description":"En unik Sport-BH med material som andas och absorberar fukt fr\u00e5n kroppen. Formpressade kupor och foder i Coolshape f\u00f6r stabilitet, st\u00f6d och komfort. N\u00e4t dekolletage i Coolmax. Brett band under bysten f\u00f6r komfort och st\u00f6d. Vadderat sidost\u00f6d och axelband h\u00e5ller bysten p\u00e5 plats och f\u00f6r extra komfort. Axelbanden \u00e4r reglerbara bak och flexibla och kan korsas bakom ryggen.  -Reglerbara axelband f\u00f6r b\u00e4sta passform och st\u00f6d f\u00f6r bysten -Bekv\u00e4ma, vadderade axelband som avlastar axlarna -Formpressade kupor ger en naturlig siluett -Extrem support f\u00f6r tr\u00e4ning med h\u00f6g intensitet -Brottarrygg som flexibel funktion -Nickelfria ringar och sp\u00e4nnen -Vadderad hake &amp; hyska som \u00e4r sk\u00f6n mot huden -Framdel som separerar bysten -Vadderat sidost\u00f6d centrerar och formar bysten","og_url":"https:\/\/unnadeluxe.fi\/fi\/tuote\/dynamic-sport-bh\/","og_site_name":"Unnadeluxe","article_publisher":"https:\/\/www.facebook.com\/UnnaDeluxe","article_modified_time":"2025-05-28T15:39:40+00:00","og_image":[{"width":510,"height":700,"url":"https:\/\/unnadeluxe.fi\/wp-content\/uploads\/2022\/10\/144684-9800_5.jpg","type":"image\/jpeg"}],"twitter_card":"summary_large_image","twitter_misc":{"Arvioitu lukuaika":"1 minuutti"},"schema":{"@context":"https:\/\/schema.org","@graph":[{"@type":"WebPage","@id":"https:\/\/unnadeluxe.fi\/produkt\/dynamic-sport-bh\/","url":"https:\/\/unnadeluxe.fi\/produkt\/dynamic-sport-bh\/","name":"Dynamic Sport-BH - Unnadeluxe","isPartOf":{"@id":"https:\/\/unnadeluxe.fi\/#website"},"primaryImageOfPage":{"@id":"https:\/\/unnadeluxe.fi\/produkt\/dynamic-sport-bh\/#primaryimage"},"image":{"@id":"https:\/\/unnadeluxe.fi\/produkt\/dynamic-sport-bh\/#primaryimage"},"thumbnailUrl":"https:\/\/unnadeluxe.fi\/wp-content\/uploads\/2022\/10\/144684-9800_5.jpg","datePublished":"2022-10-23T08:54:00+00:00","dateModified":"2025-05-28T15:39:40+00:00","breadcrumb":{"@id":"https:\/\/unnadeluxe.fi\/produkt\/dynamic-sport-bh\/#breadcrumb"},"inLanguage":"fi","potentialAction":[{"@type":"ReadAction","target":["https:\/\/unnadeluxe.fi\/produkt\/dynamic-sport-bh\/"]}]},{"@type":"ImageObject","inLanguage":"fi","@id":"https:\/\/unnadeluxe.fi\/produkt\/dynamic-sport-bh\/#primaryimage","url":"https:\/\/unnadeluxe.fi\/wp-content\/uploads\/2022\/10\/144684-9800_5.jpg","contentUrl":"https:\/\/unnadeluxe.fi\/wp-content\/uploads\/2022\/10\/144684-9800_5.jpg","width":510,"height":700},{"@type":"BreadcrumbList","@id":"https:\/\/unnadeluxe.fi\/produkt\/dynamic-sport-bh\/#breadcrumb","itemListElement":[{"@type":"ListItem","position":1,"name":"Hem","item":"https:\/\/unnadeluxe.fi\/"},{"@type":"ListItem","position":2,"name":"Shop","item":"https:\/\/unnadeluxe.fi\/shop\/"},{"@type":"ListItem","position":3,"name":"Dynamic Sport-BH"}]},{"@type":"WebSite","@id":"https:\/\/unnadeluxe.fi\/#website","url":"https:\/\/unnadeluxe.fi\/","name":"Unnadeluxe","description":"UnnaDeluxe","publisher":{"@id":"https:\/\/unnadeluxe.fi\/#organization"},"potentialAction":[{"@type":"SearchAction","target":{"@type":"EntryPoint","urlTemplate":"https:\/\/unnadeluxe.fi\/?s={search_term_string}"},"query-input":{"@type":"PropertyValueSpecification","valueRequired":true,"valueName":"search_term_string"}}],"inLanguage":"fi"},{"@type":"Organization","@id":"https:\/\/unnadeluxe.fi\/#organization","name":"Unnadeluxe","url":"https:\/\/unnadeluxe.fi\/","logo":{"@type":"ImageObject","inLanguage":"fi","@id":"https:\/\/unnadeluxe.fi\/#\/schema\/logo\/image\/","url":"https:\/\/unnadeluxe.fi\/wp-content\/uploads\/2022\/09\/Unna-logo-lingerie-black-and-gold.png","contentUrl":"https:\/\/unnadeluxe.fi\/wp-content\/uploads\/2022\/09\/Unna-logo-lingerie-black-and-gold.png","width":3150,"height":3937,"caption":"Unnadeluxe"},"image":{"@id":"https:\/\/unnadeluxe.fi\/#\/schema\/logo\/image\/"},"sameAs":["https:\/\/www.facebook.com\/UnnaDeluxe"]}]}},"_links":{"self":[{"href":"https:\/\/unnadeluxe.fi\/fi\/wp-json\/wp\/v2\/product\/392","targetHints":{"allow":["GET"]}}],"collection":[{"href":"https:\/\/unnadeluxe.fi\/fi\/wp-json\/wp\/v2\/product"}],"about":[{"href":"https:\/\/unnadeluxe.fi\/fi\/wp-json\/wp\/v2\/types\/product"}],"wp:featuredmedia":[{"embeddable":true,"href":"https:\/\/unnadeluxe.fi\/fi\/wp-json\/wp\/v2\/media\/393"}],"wp:attachment":[{"href":"https:\/\/unnadeluxe.fi\/fi\/wp-json\/wp\/v2\/media?parent=392"}],"wp:term":[{"taxonomy":"product_brand","embeddable":true,"href":"https:\/\/unnadeluxe.fi\/fi\/wp-json\/wp\/v2\/product_brand?post=392"},{"taxonomy":"product_cat","embeddable":true,"href":"https:\/\/unnadeluxe.fi\/fi\/wp-json\/wp\/v2\/product_cat?post=392"},{"taxonomy":"product_tag","embeddable":true,"href":"https:\/\/unnadeluxe.fi\/fi\/wp-json\/wp\/v2\/product_tag?post=392"}],"curies":[{"name":"wp","href":"https:\/\/api.w.org\/{rel}","templated":true}]}}