{"id":380,"date":"2022-10-23T07:32:00","date_gmt":"2022-10-23T07:32:00","guid":{"rendered":"https:\/\/unnadeluxe.fi\/?post_type=product&#038;p=380"},"modified":"2025-09-20T09:26:22","modified_gmt":"2025-09-20T09:26:22","slug":"rita-bygel-bh","status":"publish","type":"product","link":"https:\/\/unnadeluxe.fi\/fi\/tuote\/rita-bygel-bh\/","title":{"rendered":"Abecita Rita Bygel-BH"},"content":{"rendered":"<p>Popul\u00e4r vadderad bygelbh<br \/>\nNAMN:Rita,Halvvadderad Bygel-bh<br \/>\nF\u00c4RG:\u00a0Svart<br \/>\nMATERIAL:\u00a085% Polyamid, 15% Elastan<br \/>\nTV\u00c4TTR\u00c5D: Handtv\u00e4tt<\/p>","protected":false},"excerpt":{"rendered":"<p>Svart halvvadderad bh med bygel. Beh\u00e5n har ett vackert tunt n\u00e4t \u00f6ver kupan som ger ett vackert intryck och t\u00e4cker bysten snyggt. Sk\u00f6n bh med bra passform och passar de flesta bysttyper.<br \/>\n-Reglerbara axelband f\u00f6r b\u00e4sta passform och st\u00f6d f\u00f6r bysten<br \/>\n-Vadderade kupor ger st\u00f6d och en naturlig siluett<br \/>\n-Nickelfria ringar och sp\u00e4nnen<br \/>\n-Mjuka kanter som ger en behaglig k\u00e4nsla<br \/>\n-Komfortb\u00e5ge som \u00e4r sk\u00f6n och ger st\u00f6d f\u00f6r bysten<br \/>\n-Res\u00e5r med mjuk insida f\u00f6r extra sk\u00f6n komfort<\/p>","protected":false},"featured_media":381,"template":"","meta":[],"product_brand":[89],"product_cat":[28,55,57],"product_tag":[],"class_list":{"0":"post-380","1":"product","2":"type-product","3":"status-publish","4":"has-post-thumbnail","6":"product_brand-abecita","7":"product_cat-bhn","8":"product_cat-bygel-bh","9":"product_cat-vadderad-bh","11":"first","12":"instock","13":"taxable","14":"shipping-taxable","15":"purchasable","16":"product-type-variable"},"yoast_head":"<!-- This site is optimized with the Yoast SEO plugin v27.5 - https:\/\/yoast.com\/product\/yoast-seo-wordpress\/ -->\n<title>Abecita Rita Bygel-BH - Unnadeluxe<\/title>\n<meta name=\"robots\" content=\"index, follow, max-snippet:-1, max-image-preview:large, max-video-preview:-1\" \/>\n<link rel=\"canonical\" href=\"https:\/\/unnadeluxe.fi\/fi\/tuote\/rita-bygel-bh\/\" \/>\n<meta property=\"og:locale\" content=\"fi_FI\" \/>\n<meta property=\"og:type\" content=\"article\" \/>\n<meta property=\"og:title\" content=\"Abecita Rita Bygel-BH - Unnadeluxe\" \/>\n<meta property=\"og:description\" content=\"Svart halvvadderad bh med bygel. Beh\u00e5n har ett vackert tunt n\u00e4t \u00f6ver kupan som ger ett vackert intryck och t\u00e4cker bysten snyggt. Sk\u00f6n bh med bra passform och passar de flesta bysttyper. -Reglerbara axelband f\u00f6r b\u00e4sta passform och st\u00f6d f\u00f6r bysten -Vadderade kupor ger st\u00f6d och en naturlig siluett -Nickelfria ringar och sp\u00e4nnen -Mjuka kanter som ger en behaglig k\u00e4nsla -Komfortb\u00e5ge som \u00e4r sk\u00f6n och ger st\u00f6d f\u00f6r bysten -Res\u00e5r med mjuk insida f\u00f6r extra sk\u00f6n komfort\" \/>\n<meta property=\"og:url\" content=\"https:\/\/unnadeluxe.fi\/fi\/tuote\/rita-bygel-bh\/\" \/>\n<meta property=\"og:site_name\" content=\"Unnadeluxe\" \/>\n<meta property=\"article:publisher\" content=\"https:\/\/www.facebook.com\/UnnaDeluxe\" \/>\n<meta property=\"article:modified_time\" content=\"2025-09-20T09:26:22+00:00\" \/>\n<meta property=\"og:image\" content=\"https:\/\/unnadeluxe.fi\/wp-content\/uploads\/2022\/10\/142141-9000_4.jpg\" \/>\n\t<meta property=\"og:image:width\" content=\"510\" \/>\n\t<meta property=\"og:image:height\" content=\"700\" \/>\n\t<meta property=\"og:image:type\" content=\"image\/jpeg\" \/>\n<meta name=\"twitter:card\" content=\"summary_large_image\" \/>\n<meta name=\"twitter:label1\" content=\"Arvioitu lukuaika\" \/>\n\t<meta name=\"twitter:data1\" content=\"1 minuutti\" \/>\n<script type=\"application\/ld+json\" class=\"yoast-schema-graph\">{\"@context\":\"https:\\\/\\\/schema.org\",\"@graph\":[{\"@type\":\"WebPage\",\"@id\":\"https:\\\/\\\/unnadeluxe.fi\\\/produkt\\\/rita-bygel-bh\\\/\",\"url\":\"https:\\\/\\\/unnadeluxe.fi\\\/produkt\\\/rita-bygel-bh\\\/\",\"name\":\"Abecita Rita Bygel-BH - Unnadeluxe\",\"isPartOf\":{\"@id\":\"https:\\\/\\\/unnadeluxe.fi\\\/#website\"},\"primaryImageOfPage\":{\"@id\":\"https:\\\/\\\/unnadeluxe.fi\\\/produkt\\\/rita-bygel-bh\\\/#primaryimage\"},\"image\":{\"@id\":\"https:\\\/\\\/unnadeluxe.fi\\\/produkt\\\/rita-bygel-bh\\\/#primaryimage\"},\"thumbnailUrl\":\"https:\\\/\\\/unnadeluxe.fi\\\/wp-content\\\/uploads\\\/2022\\\/10\\\/142141-9000_4.jpg\",\"datePublished\":\"2022-10-23T07:32:00+00:00\",\"dateModified\":\"2025-09-20T09:26:22+00:00\",\"breadcrumb\":{\"@id\":\"https:\\\/\\\/unnadeluxe.fi\\\/produkt\\\/rita-bygel-bh\\\/#breadcrumb\"},\"inLanguage\":\"fi\",\"potentialAction\":[{\"@type\":\"ReadAction\",\"target\":[\"https:\\\/\\\/unnadeluxe.fi\\\/produkt\\\/rita-bygel-bh\\\/\"]}]},{\"@type\":\"ImageObject\",\"inLanguage\":\"fi\",\"@id\":\"https:\\\/\\\/unnadeluxe.fi\\\/produkt\\\/rita-bygel-bh\\\/#primaryimage\",\"url\":\"https:\\\/\\\/unnadeluxe.fi\\\/wp-content\\\/uploads\\\/2022\\\/10\\\/142141-9000_4.jpg\",\"contentUrl\":\"https:\\\/\\\/unnadeluxe.fi\\\/wp-content\\\/uploads\\\/2022\\\/10\\\/142141-9000_4.jpg\",\"width\":510,\"height\":700},{\"@type\":\"BreadcrumbList\",\"@id\":\"https:\\\/\\\/unnadeluxe.fi\\\/produkt\\\/rita-bygel-bh\\\/#breadcrumb\",\"itemListElement\":[{\"@type\":\"ListItem\",\"position\":1,\"name\":\"Hem\",\"item\":\"https:\\\/\\\/unnadeluxe.fi\\\/\"},{\"@type\":\"ListItem\",\"position\":2,\"name\":\"Shop\",\"item\":\"https:\\\/\\\/unnadeluxe.fi\\\/shop\\\/\"},{\"@type\":\"ListItem\",\"position\":3,\"name\":\"Abecita Rita Bygel-BH\"}]},{\"@type\":\"WebSite\",\"@id\":\"https:\\\/\\\/unnadeluxe.fi\\\/#website\",\"url\":\"https:\\\/\\\/unnadeluxe.fi\\\/\",\"name\":\"Unnadeluxe\",\"description\":\"UnnaDeluxe\",\"publisher\":{\"@id\":\"https:\\\/\\\/unnadeluxe.fi\\\/#organization\"},\"potentialAction\":[{\"@type\":\"SearchAction\",\"target\":{\"@type\":\"EntryPoint\",\"urlTemplate\":\"https:\\\/\\\/unnadeluxe.fi\\\/?s={search_term_string}\"},\"query-input\":{\"@type\":\"PropertyValueSpecification\",\"valueRequired\":true,\"valueName\":\"search_term_string\"}}],\"inLanguage\":\"fi\"},{\"@type\":\"Organization\",\"@id\":\"https:\\\/\\\/unnadeluxe.fi\\\/#organization\",\"name\":\"Unnadeluxe\",\"url\":\"https:\\\/\\\/unnadeluxe.fi\\\/\",\"logo\":{\"@type\":\"ImageObject\",\"inLanguage\":\"fi\",\"@id\":\"https:\\\/\\\/unnadeluxe.fi\\\/#\\\/schema\\\/logo\\\/image\\\/\",\"url\":\"https:\\\/\\\/unnadeluxe.fi\\\/wp-content\\\/uploads\\\/2022\\\/09\\\/Unna-logo-lingerie-black-and-gold.png\",\"contentUrl\":\"https:\\\/\\\/unnadeluxe.fi\\\/wp-content\\\/uploads\\\/2022\\\/09\\\/Unna-logo-lingerie-black-and-gold.png\",\"width\":3150,\"height\":3937,\"caption\":\"Unnadeluxe\"},\"image\":{\"@id\":\"https:\\\/\\\/unnadeluxe.fi\\\/#\\\/schema\\\/logo\\\/image\\\/\"},\"sameAs\":[\"https:\\\/\\\/www.facebook.com\\\/UnnaDeluxe\"]}]}<\/script>\n<!-- \/ Yoast SEO plugin. -->","yoast_head_json":{"title":"Abecita Rita Bygel-BH - Unnadeluxe","robots":{"index":"index","follow":"follow","max-snippet":"max-snippet:-1","max-image-preview":"max-image-preview:large","max-video-preview":"max-video-preview:-1"},"canonical":"https:\/\/unnadeluxe.fi\/fi\/tuote\/rita-bygel-bh\/","og_locale":"fi_FI","og_type":"article","og_title":"Abecita Rita Bygel-BH - Unnadeluxe","og_description":"Svart halvvadderad bh med bygel. Beh\u00e5n har ett vackert tunt n\u00e4t \u00f6ver kupan som ger ett vackert intryck och t\u00e4cker bysten snyggt. Sk\u00f6n bh med bra passform och passar de flesta bysttyper. -Reglerbara axelband f\u00f6r b\u00e4sta passform och st\u00f6d f\u00f6r bysten -Vadderade kupor ger st\u00f6d och en naturlig siluett -Nickelfria ringar och sp\u00e4nnen -Mjuka kanter som ger en behaglig k\u00e4nsla -Komfortb\u00e5ge som \u00e4r sk\u00f6n och ger st\u00f6d f\u00f6r bysten -Res\u00e5r med mjuk insida f\u00f6r extra sk\u00f6n komfort","og_url":"https:\/\/unnadeluxe.fi\/fi\/tuote\/rita-bygel-bh\/","og_site_name":"Unnadeluxe","article_publisher":"https:\/\/www.facebook.com\/UnnaDeluxe","article_modified_time":"2025-09-20T09:26:22+00:00","og_image":[{"width":510,"height":700,"url":"https:\/\/unnadeluxe.fi\/wp-content\/uploads\/2022\/10\/142141-9000_4.jpg","type":"image\/jpeg"}],"twitter_card":"summary_large_image","twitter_misc":{"Arvioitu lukuaika":"1 minuutti"},"schema":{"@context":"https:\/\/schema.org","@graph":[{"@type":"WebPage","@id":"https:\/\/unnadeluxe.fi\/produkt\/rita-bygel-bh\/","url":"https:\/\/unnadeluxe.fi\/produkt\/rita-bygel-bh\/","name":"Abecita Rita Bygel-BH - Unnadeluxe","isPartOf":{"@id":"https:\/\/unnadeluxe.fi\/#website"},"primaryImageOfPage":{"@id":"https:\/\/unnadeluxe.fi\/produkt\/rita-bygel-bh\/#primaryimage"},"image":{"@id":"https:\/\/unnadeluxe.fi\/produkt\/rita-bygel-bh\/#primaryimage"},"thumbnailUrl":"https:\/\/unnadeluxe.fi\/wp-content\/uploads\/2022\/10\/142141-9000_4.jpg","datePublished":"2022-10-23T07:32:00+00:00","dateModified":"2025-09-20T09:26:22+00:00","breadcrumb":{"@id":"https:\/\/unnadeluxe.fi\/produkt\/rita-bygel-bh\/#breadcrumb"},"inLanguage":"fi","potentialAction":[{"@type":"ReadAction","target":["https:\/\/unnadeluxe.fi\/produkt\/rita-bygel-bh\/"]}]},{"@type":"ImageObject","inLanguage":"fi","@id":"https:\/\/unnadeluxe.fi\/produkt\/rita-bygel-bh\/#primaryimage","url":"https:\/\/unnadeluxe.fi\/wp-content\/uploads\/2022\/10\/142141-9000_4.jpg","contentUrl":"https:\/\/unnadeluxe.fi\/wp-content\/uploads\/2022\/10\/142141-9000_4.jpg","width":510,"height":700},{"@type":"BreadcrumbList","@id":"https:\/\/unnadeluxe.fi\/produkt\/rita-bygel-bh\/#breadcrumb","itemListElement":[{"@type":"ListItem","position":1,"name":"Hem","item":"https:\/\/unnadeluxe.fi\/"},{"@type":"ListItem","position":2,"name":"Shop","item":"https:\/\/unnadeluxe.fi\/shop\/"},{"@type":"ListItem","position":3,"name":"Abecita Rita Bygel-BH"}]},{"@type":"WebSite","@id":"https:\/\/unnadeluxe.fi\/#website","url":"https:\/\/unnadeluxe.fi\/","name":"Unnadeluxe","description":"UnnaDeluxe","publisher":{"@id":"https:\/\/unnadeluxe.fi\/#organization"},"potentialAction":[{"@type":"SearchAction","target":{"@type":"EntryPoint","urlTemplate":"https:\/\/unnadeluxe.fi\/?s={search_term_string}"},"query-input":{"@type":"PropertyValueSpecification","valueRequired":true,"valueName":"search_term_string"}}],"inLanguage":"fi"},{"@type":"Organization","@id":"https:\/\/unnadeluxe.fi\/#organization","name":"Unnadeluxe","url":"https:\/\/unnadeluxe.fi\/","logo":{"@type":"ImageObject","inLanguage":"fi","@id":"https:\/\/unnadeluxe.fi\/#\/schema\/logo\/image\/","url":"https:\/\/unnadeluxe.fi\/wp-content\/uploads\/2022\/09\/Unna-logo-lingerie-black-and-gold.png","contentUrl":"https:\/\/unnadeluxe.fi\/wp-content\/uploads\/2022\/09\/Unna-logo-lingerie-black-and-gold.png","width":3150,"height":3937,"caption":"Unnadeluxe"},"image":{"@id":"https:\/\/unnadeluxe.fi\/#\/schema\/logo\/image\/"},"sameAs":["https:\/\/www.facebook.com\/UnnaDeluxe"]}]}},"_links":{"self":[{"href":"https:\/\/unnadeluxe.fi\/fi\/wp-json\/wp\/v2\/product\/380","targetHints":{"allow":["GET"]}}],"collection":[{"href":"https:\/\/unnadeluxe.fi\/fi\/wp-json\/wp\/v2\/product"}],"about":[{"href":"https:\/\/unnadeluxe.fi\/fi\/wp-json\/wp\/v2\/types\/product"}],"wp:featuredmedia":[{"embeddable":true,"href":"https:\/\/unnadeluxe.fi\/fi\/wp-json\/wp\/v2\/media\/381"}],"wp:attachment":[{"href":"https:\/\/unnadeluxe.fi\/fi\/wp-json\/wp\/v2\/media?parent=380"}],"wp:term":[{"taxonomy":"product_brand","embeddable":true,"href":"https:\/\/unnadeluxe.fi\/fi\/wp-json\/wp\/v2\/product_brand?post=380"},{"taxonomy":"product_cat","embeddable":true,"href":"https:\/\/unnadeluxe.fi\/fi\/wp-json\/wp\/v2\/product_cat?post=380"},{"taxonomy":"product_tag","embeddable":true,"href":"https:\/\/unnadeluxe.fi\/fi\/wp-json\/wp\/v2\/product_tag?post=380"}],"curies":[{"name":"wp","href":"https:\/\/api.w.org\/{rel}","templated":true}]}}