{"id":3742,"date":"2025-03-25T16:24:36","date_gmt":"2025-03-25T16:24:36","guid":{"rendered":"https:\/\/unnadeluxe.fi\/?post_type=product&#038;p=3742"},"modified":"2026-03-31T14:38:46","modified_gmt":"2026-03-31T14:38:46","slug":"anita-air-control-delta-pad","status":"publish","type":"product","link":"https:\/\/unnadeluxe.fi\/fi\/tuote\/anita-air-control-delta-pad\/","title":{"rendered":"Anita Active Air Control Delta Pad"},"content":{"rendered":"<p>Active Air Control DeltaPad \u00e4r en mycket sk\u00f6n och funktionell sport beh\u00e5 med maximalt st\u00f6d f\u00f6r alla tr\u00e4ningsformer.<br \/>\nMaterial: Polyamid 49%, Polyester 39%, Elastan 12%<\/p>","protected":false},"excerpt":{"rendered":"<p>Active Air Control DeltaPad fr\u00e5n Anita Active \u00e4r en snygg och funktionell sport beh\u00e5 med maximalt st\u00f6d f\u00f6r alla tr\u00e4ningsformer. Den patenterade designen kombineras med t\u00e4ckande, triangelformade kupor och luftigt meshmaterial, vilket g\u00f6r att den andas bra och h\u00e5ller huden torr och sval \u00e4ven vid h\u00e5rd tr\u00e4ning. Reglerbara axelband, praktisk hak- och hyskkn\u00e4ppning baktill och ett f\u00f6ljsamt band under bysten. Mesh-tyget p\u00e5 ryggen \u00f6kar komforten ytterligare och l\u00e5ter huden andas. Denna sport beh\u00e5 \u00e4r bland v\u00e5ra mest s\u00e5lda sport beh\u00e5n och  kommer snabbt bli din favorit oavsett om du springer, styrketr\u00e4nar eller ut\u00f6var andra sporter. Denna sportbeh\u00e5 \u00e4r s\u00e5 sk\u00f6n att den kan med f\u00f6rdel anv\u00e4ndas som en vardagsbeh\u00e5 om man vill ha en stadig beh\u00e5 utan byglar.<\/p>","protected":false},"featured_media":3743,"template":"","meta":[],"product_brand":[80],"product_cat":[27,28,59],"product_tag":[],"class_list":{"0":"post-3742","1":"product","2":"type-product","3":"status-publish","4":"has-post-thumbnail","6":"product_brand-anita","7":"product_cat-underklader","8":"product_cat-bhn","9":"product_cat-sport-bh","11":"first","12":"instock","13":"taxable","14":"shipping-taxable","15":"purchasable","16":"product-type-variable"},"yoast_head":"<!-- This site is optimized with the Yoast SEO plugin v27.1.1 - https:\/\/yoast.com\/product\/yoast-seo-wordpress\/ -->\n<title>Anita Active Air Control Delta Pad - Unnadeluxe<\/title>\n<meta name=\"robots\" content=\"index, follow, max-snippet:-1, max-image-preview:large, max-video-preview:-1\" \/>\n<link rel=\"canonical\" href=\"https:\/\/unnadeluxe.fi\/fi\/tuote\/anita-air-control-delta-pad\/\" \/>\n<meta property=\"og:locale\" content=\"fi_FI\" \/>\n<meta property=\"og:type\" content=\"article\" \/>\n<meta property=\"og:title\" content=\"Anita Active Air Control Delta Pad - Unnadeluxe\" \/>\n<meta property=\"og:description\" content=\"Active Air Control DeltaPad fr\u00e5n Anita Active \u00e4r en snygg och funktionell sport beh\u00e5 med maximalt st\u00f6d f\u00f6r alla tr\u00e4ningsformer. Den patenterade designen kombineras med t\u00e4ckande, triangelformade kupor och luftigt meshmaterial, vilket g\u00f6r att den andas bra och h\u00e5ller huden torr och sval \u00e4ven vid h\u00e5rd tr\u00e4ning. Reglerbara axelband, praktisk hak- och hyskkn\u00e4ppning baktill och ett f\u00f6ljsamt band under bysten. Mesh-tyget p\u00e5 ryggen \u00f6kar komforten ytterligare och l\u00e5ter huden andas. Denna sport beh\u00e5 \u00e4r bland v\u00e5ra mest s\u00e5lda sport beh\u00e5n och kommer snabbt bli din favorit oavsett om du springer, styrketr\u00e4nar eller ut\u00f6var andra sporter. Denna sportbeh\u00e5 \u00e4r s\u00e5 sk\u00f6n att den kan med f\u00f6rdel anv\u00e4ndas som en vardagsbeh\u00e5 om man vill ha en stadig beh\u00e5 utan byglar.\" \/>\n<meta property=\"og:url\" content=\"https:\/\/unnadeluxe.fi\/fi\/tuote\/anita-air-control-delta-pad\/\" \/>\n<meta property=\"og:site_name\" content=\"Unnadeluxe\" \/>\n<meta property=\"article:publisher\" content=\"https:\/\/www.facebook.com\/UnnaDeluxe\" \/>\n<meta property=\"article:modified_time\" content=\"2026-03-31T14:38:46+00:00\" \/>\n<meta property=\"og:image\" content=\"https:\/\/unnadeluxe.fi\/wp-content\/uploads\/2025\/03\/5544_361_FS_rgb_1920.jpg\" \/>\n\t<meta property=\"og:image:width\" content=\"1280\" \/>\n\t<meta property=\"og:image:height\" content=\"1920\" \/>\n\t<meta property=\"og:image:type\" content=\"image\/jpeg\" \/>\n<meta name=\"twitter:card\" content=\"summary_large_image\" \/>\n<meta name=\"twitter:label1\" content=\"Arvioitu lukuaika\" \/>\n\t<meta name=\"twitter:data1\" content=\"1 minuutti\" \/>\n<script type=\"application\/ld+json\" class=\"yoast-schema-graph\">{\"@context\":\"https:\/\/schema.org\",\"@graph\":[{\"@type\":\"WebPage\",\"@id\":\"https:\/\/unnadeluxe.fi\/produkt\/anita-air-control-delta-pad\/\",\"url\":\"https:\/\/unnadeluxe.fi\/produkt\/anita-air-control-delta-pad\/\",\"name\":\"Anita Active Air Control Delta Pad - Unnadeluxe\",\"isPartOf\":{\"@id\":\"https:\/\/unnadeluxe.fi\/#website\"},\"primaryImageOfPage\":{\"@id\":\"https:\/\/unnadeluxe.fi\/produkt\/anita-air-control-delta-pad\/#primaryimage\"},\"image\":{\"@id\":\"https:\/\/unnadeluxe.fi\/produkt\/anita-air-control-delta-pad\/#primaryimage\"},\"thumbnailUrl\":\"https:\/\/unnadeluxe.fi\/wp-content\/uploads\/2025\/03\/5544_361_FS_rgb_1920.jpg\",\"datePublished\":\"2025-03-25T16:24:36+00:00\",\"dateModified\":\"2026-03-31T14:38:46+00:00\",\"breadcrumb\":{\"@id\":\"https:\/\/unnadeluxe.fi\/produkt\/anita-air-control-delta-pad\/#breadcrumb\"},\"inLanguage\":\"fi\",\"potentialAction\":[{\"@type\":\"ReadAction\",\"target\":[\"https:\/\/unnadeluxe.fi\/produkt\/anita-air-control-delta-pad\/\"]}]},{\"@type\":\"ImageObject\",\"inLanguage\":\"fi\",\"@id\":\"https:\/\/unnadeluxe.fi\/produkt\/anita-air-control-delta-pad\/#primaryimage\",\"url\":\"https:\/\/unnadeluxe.fi\/wp-content\/uploads\/2025\/03\/5544_361_FS_rgb_1920.jpg\",\"contentUrl\":\"https:\/\/unnadeluxe.fi\/wp-content\/uploads\/2025\/03\/5544_361_FS_rgb_1920.jpg\",\"width\":1280,\"height\":1920},{\"@type\":\"BreadcrumbList\",\"@id\":\"https:\/\/unnadeluxe.fi\/produkt\/anita-air-control-delta-pad\/#breadcrumb\",\"itemListElement\":[{\"@type\":\"ListItem\",\"position\":1,\"name\":\"Hem\",\"item\":\"https:\/\/unnadeluxe.fi\/\"},{\"@type\":\"ListItem\",\"position\":2,\"name\":\"Shop\",\"item\":\"https:\/\/unnadeluxe.fi\/shop\/\"},{\"@type\":\"ListItem\",\"position\":3,\"name\":\"Anita Active Air Control Delta Pad\"}]},{\"@type\":\"WebSite\",\"@id\":\"https:\/\/unnadeluxe.fi\/#website\",\"url\":\"https:\/\/unnadeluxe.fi\/\",\"name\":\"Unnadeluxe\",\"description\":\"UnnaDeluxe\",\"publisher\":{\"@id\":\"https:\/\/unnadeluxe.fi\/#organization\"},\"potentialAction\":[{\"@type\":\"SearchAction\",\"target\":{\"@type\":\"EntryPoint\",\"urlTemplate\":\"https:\/\/unnadeluxe.fi\/?s={search_term_string}\"},\"query-input\":{\"@type\":\"PropertyValueSpecification\",\"valueRequired\":true,\"valueName\":\"search_term_string\"}}],\"inLanguage\":\"fi\"},{\"@type\":\"Organization\",\"@id\":\"https:\/\/unnadeluxe.fi\/#organization\",\"name\":\"Unnadeluxe\",\"url\":\"https:\/\/unnadeluxe.fi\/\",\"logo\":{\"@type\":\"ImageObject\",\"inLanguage\":\"fi\",\"@id\":\"https:\/\/unnadeluxe.fi\/#\/schema\/logo\/image\/\",\"url\":\"https:\/\/unnadeluxe.fi\/wp-content\/uploads\/2022\/09\/Unna-logo-lingerie-black-and-gold.png\",\"contentUrl\":\"https:\/\/unnadeluxe.fi\/wp-content\/uploads\/2022\/09\/Unna-logo-lingerie-black-and-gold.png\",\"width\":3150,\"height\":3937,\"caption\":\"Unnadeluxe\"},\"image\":{\"@id\":\"https:\/\/unnadeluxe.fi\/#\/schema\/logo\/image\/\"},\"sameAs\":[\"https:\/\/www.facebook.com\/UnnaDeluxe\"]}]}<\/script>\n<!-- \/ Yoast SEO plugin. -->","yoast_head_json":{"title":"Anita Active Air Control Delta Pad - Unnadeluxe","robots":{"index":"index","follow":"follow","max-snippet":"max-snippet:-1","max-image-preview":"max-image-preview:large","max-video-preview":"max-video-preview:-1"},"canonical":"https:\/\/unnadeluxe.fi\/fi\/tuote\/anita-air-control-delta-pad\/","og_locale":"fi_FI","og_type":"article","og_title":"Anita Active Air Control Delta Pad - Unnadeluxe","og_description":"Active Air Control DeltaPad fr\u00e5n Anita Active \u00e4r en snygg och funktionell sport beh\u00e5 med maximalt st\u00f6d f\u00f6r alla tr\u00e4ningsformer. Den patenterade designen kombineras med t\u00e4ckande, triangelformade kupor och luftigt meshmaterial, vilket g\u00f6r att den andas bra och h\u00e5ller huden torr och sval \u00e4ven vid h\u00e5rd tr\u00e4ning. Reglerbara axelband, praktisk hak- och hyskkn\u00e4ppning baktill och ett f\u00f6ljsamt band under bysten. Mesh-tyget p\u00e5 ryggen \u00f6kar komforten ytterligare och l\u00e5ter huden andas. Denna sport beh\u00e5 \u00e4r bland v\u00e5ra mest s\u00e5lda sport beh\u00e5n och kommer snabbt bli din favorit oavsett om du springer, styrketr\u00e4nar eller ut\u00f6var andra sporter. Denna sportbeh\u00e5 \u00e4r s\u00e5 sk\u00f6n att den kan med f\u00f6rdel anv\u00e4ndas som en vardagsbeh\u00e5 om man vill ha en stadig beh\u00e5 utan byglar.","og_url":"https:\/\/unnadeluxe.fi\/fi\/tuote\/anita-air-control-delta-pad\/","og_site_name":"Unnadeluxe","article_publisher":"https:\/\/www.facebook.com\/UnnaDeluxe","article_modified_time":"2026-03-31T14:38:46+00:00","og_image":[{"width":1280,"height":1920,"url":"https:\/\/unnadeluxe.fi\/wp-content\/uploads\/2025\/03\/5544_361_FS_rgb_1920.jpg","type":"image\/jpeg"}],"twitter_card":"summary_large_image","twitter_misc":{"Arvioitu lukuaika":"1 minuutti"},"schema":{"@context":"https:\/\/schema.org","@graph":[{"@type":"WebPage","@id":"https:\/\/unnadeluxe.fi\/produkt\/anita-air-control-delta-pad\/","url":"https:\/\/unnadeluxe.fi\/produkt\/anita-air-control-delta-pad\/","name":"Anita Active Air Control Delta Pad - Unnadeluxe","isPartOf":{"@id":"https:\/\/unnadeluxe.fi\/#website"},"primaryImageOfPage":{"@id":"https:\/\/unnadeluxe.fi\/produkt\/anita-air-control-delta-pad\/#primaryimage"},"image":{"@id":"https:\/\/unnadeluxe.fi\/produkt\/anita-air-control-delta-pad\/#primaryimage"},"thumbnailUrl":"https:\/\/unnadeluxe.fi\/wp-content\/uploads\/2025\/03\/5544_361_FS_rgb_1920.jpg","datePublished":"2025-03-25T16:24:36+00:00","dateModified":"2026-03-31T14:38:46+00:00","breadcrumb":{"@id":"https:\/\/unnadeluxe.fi\/produkt\/anita-air-control-delta-pad\/#breadcrumb"},"inLanguage":"fi","potentialAction":[{"@type":"ReadAction","target":["https:\/\/unnadeluxe.fi\/produkt\/anita-air-control-delta-pad\/"]}]},{"@type":"ImageObject","inLanguage":"fi","@id":"https:\/\/unnadeluxe.fi\/produkt\/anita-air-control-delta-pad\/#primaryimage","url":"https:\/\/unnadeluxe.fi\/wp-content\/uploads\/2025\/03\/5544_361_FS_rgb_1920.jpg","contentUrl":"https:\/\/unnadeluxe.fi\/wp-content\/uploads\/2025\/03\/5544_361_FS_rgb_1920.jpg","width":1280,"height":1920},{"@type":"BreadcrumbList","@id":"https:\/\/unnadeluxe.fi\/produkt\/anita-air-control-delta-pad\/#breadcrumb","itemListElement":[{"@type":"ListItem","position":1,"name":"Hem","item":"https:\/\/unnadeluxe.fi\/"},{"@type":"ListItem","position":2,"name":"Shop","item":"https:\/\/unnadeluxe.fi\/shop\/"},{"@type":"ListItem","position":3,"name":"Anita Active Air Control Delta Pad"}]},{"@type":"WebSite","@id":"https:\/\/unnadeluxe.fi\/#website","url":"https:\/\/unnadeluxe.fi\/","name":"Unnadeluxe","description":"UnnaDeluxe","publisher":{"@id":"https:\/\/unnadeluxe.fi\/#organization"},"potentialAction":[{"@type":"SearchAction","target":{"@type":"EntryPoint","urlTemplate":"https:\/\/unnadeluxe.fi\/?s={search_term_string}"},"query-input":{"@type":"PropertyValueSpecification","valueRequired":true,"valueName":"search_term_string"}}],"inLanguage":"fi"},{"@type":"Organization","@id":"https:\/\/unnadeluxe.fi\/#organization","name":"Unnadeluxe","url":"https:\/\/unnadeluxe.fi\/","logo":{"@type":"ImageObject","inLanguage":"fi","@id":"https:\/\/unnadeluxe.fi\/#\/schema\/logo\/image\/","url":"https:\/\/unnadeluxe.fi\/wp-content\/uploads\/2022\/09\/Unna-logo-lingerie-black-and-gold.png","contentUrl":"https:\/\/unnadeluxe.fi\/wp-content\/uploads\/2022\/09\/Unna-logo-lingerie-black-and-gold.png","width":3150,"height":3937,"caption":"Unnadeluxe"},"image":{"@id":"https:\/\/unnadeluxe.fi\/#\/schema\/logo\/image\/"},"sameAs":["https:\/\/www.facebook.com\/UnnaDeluxe"]}]}},"_links":{"self":[{"href":"https:\/\/unnadeluxe.fi\/fi\/wp-json\/wp\/v2\/product\/3742","targetHints":{"allow":["GET"]}}],"collection":[{"href":"https:\/\/unnadeluxe.fi\/fi\/wp-json\/wp\/v2\/product"}],"about":[{"href":"https:\/\/unnadeluxe.fi\/fi\/wp-json\/wp\/v2\/types\/product"}],"wp:featuredmedia":[{"embeddable":true,"href":"https:\/\/unnadeluxe.fi\/fi\/wp-json\/wp\/v2\/media\/3743"}],"wp:attachment":[{"href":"https:\/\/unnadeluxe.fi\/fi\/wp-json\/wp\/v2\/media?parent=3742"}],"wp:term":[{"taxonomy":"product_brand","embeddable":true,"href":"https:\/\/unnadeluxe.fi\/fi\/wp-json\/wp\/v2\/product_brand?post=3742"},{"taxonomy":"product_cat","embeddable":true,"href":"https:\/\/unnadeluxe.fi\/fi\/wp-json\/wp\/v2\/product_cat?post=3742"},{"taxonomy":"product_tag","embeddable":true,"href":"https:\/\/unnadeluxe.fi\/fi\/wp-json\/wp\/v2\/product_tag?post=3742"}],"curies":[{"name":"wp","href":"https:\/\/api.w.org\/{rel}","templated":true}]}}