{"id":3528,"date":"2025-03-22T10:28:35","date_gmt":"2025-03-22T10:28:35","guid":{"rendered":"https:\/\/unnadeluxe.fi\/?post_type=product&#038;p=3528"},"modified":"2025-11-04T15:52:46","modified_gmt":"2025-11-04T15:52:46","slug":"freya-undetected-t-shirt","status":"publish","type":"product","link":"https:\/\/unnadeluxe.fi\/fi\/tuote\/freya-undetected-t-shirt\/","title":{"rendered":"Freya Undetected T-shirt Bra"},"content":{"rendered":"<p>L\u00e4ttvadderad bygelbh i en sl\u00e4t t-shirt modell.<br \/>\nF\u00e4rg: Iced Mocha<br \/>\nKupa: 87% Polyamide, 13% Elastane<br \/>\nKup foder: 100% Polyester<br \/>\nVinge: 61% Polyamide, 39% Elastane<br \/>\nHandtv\u00e4tt<\/p>","protected":false},"excerpt":{"rendered":"<p>L\u00e4ttvadderad bygelbh i en sl\u00e4t t-shirt modell. Perfekt f\u00f6r vardagens behov, denna bh kombinerar komfort och stil som b\u00e5de lyfter och formar bysten. De s\u00f6ml\u00f6sa, formgjutna kuporna skapar en j\u00e4mn och rundad siluett som ger en osynlig finish under kl\u00e4der. Tidl\u00f6s leopard print. Justerbara axelband som kan korsas i ryggen.<\/p>","protected":false},"featured_media":3554,"template":"","meta":[],"product_brand":[86],"product_cat":[27,28,55,58],"product_tag":[],"class_list":{"0":"post-3528","1":"product","2":"type-product","3":"status-publish","4":"has-post-thumbnail","6":"product_brand-freya","7":"product_cat-underklader","8":"product_cat-bhn","9":"product_cat-bygel-bh","10":"product_cat-t-shirt-bh","12":"first","13":"instock","14":"taxable","15":"shipping-taxable","16":"purchasable","17":"product-type-variable"},"yoast_head":"<!-- This site is optimized with the Yoast SEO plugin v27.1.1 - https:\/\/yoast.com\/product\/yoast-seo-wordpress\/ -->\n<title>Freya Undetected T-shirt Bra - Unnadeluxe<\/title>\n<meta name=\"robots\" content=\"index, follow, max-snippet:-1, max-image-preview:large, max-video-preview:-1\" \/>\n<link rel=\"canonical\" href=\"https:\/\/unnadeluxe.fi\/fi\/tuote\/freya-undetected-t-shirt\/\" \/>\n<meta property=\"og:locale\" content=\"fi_FI\" \/>\n<meta property=\"og:type\" content=\"article\" \/>\n<meta property=\"og:title\" content=\"Freya Undetected T-shirt Bra - Unnadeluxe\" \/>\n<meta property=\"og:description\" content=\"L\u00e4ttvadderad bygelbh i en sl\u00e4t t-shirt modell. Perfekt f\u00f6r vardagens behov, denna bh kombinerar komfort och stil som b\u00e5de lyfter och formar bysten. De s\u00f6ml\u00f6sa, formgjutna kuporna skapar en j\u00e4mn och rundad siluett som ger en osynlig finish under kl\u00e4der. Tidl\u00f6s leopard print. Justerbara axelband som kan korsas i ryggen.\" \/>\n<meta property=\"og:url\" content=\"https:\/\/unnadeluxe.fi\/fi\/tuote\/freya-undetected-t-shirt\/\" \/>\n<meta property=\"og:site_name\" content=\"Unnadeluxe\" \/>\n<meta property=\"article:publisher\" content=\"https:\/\/www.facebook.com\/UnnaDeluxe\" \/>\n<meta property=\"article:modified_time\" content=\"2025-11-04T15:52:46+00:00\" \/>\n<meta property=\"og:image\" content=\"https:\/\/unnadeluxe.fi\/wp-content\/uploads\/2025\/03\/1200x1680-pdp-widescreen-AA401747-IMH-cut-Freya-Lingerie-Undetected-Iced-Mocha-Uw-Moulded-T-shirt-Bra.jpg\" \/>\n\t<meta property=\"og:image:width\" content=\"1200\" \/>\n\t<meta property=\"og:image:height\" content=\"1680\" \/>\n\t<meta property=\"og:image:type\" content=\"image\/jpeg\" \/>\n<meta name=\"twitter:card\" content=\"summary_large_image\" \/>\n<meta name=\"twitter:label1\" content=\"Arvioitu lukuaika\" \/>\n\t<meta name=\"twitter:data1\" content=\"1 minuutti\" \/>\n<script type=\"application\/ld+json\" class=\"yoast-schema-graph\">{\"@context\":\"https:\/\/schema.org\",\"@graph\":[{\"@type\":\"WebPage\",\"@id\":\"https:\/\/unnadeluxe.fi\/produkt\/freya-undetected-t-shirt\/\",\"url\":\"https:\/\/unnadeluxe.fi\/produkt\/freya-undetected-t-shirt\/\",\"name\":\"Freya Undetected T-shirt Bra - Unnadeluxe\",\"isPartOf\":{\"@id\":\"https:\/\/unnadeluxe.fi\/#website\"},\"primaryImageOfPage\":{\"@id\":\"https:\/\/unnadeluxe.fi\/produkt\/freya-undetected-t-shirt\/#primaryimage\"},\"image\":{\"@id\":\"https:\/\/unnadeluxe.fi\/produkt\/freya-undetected-t-shirt\/#primaryimage\"},\"thumbnailUrl\":\"https:\/\/unnadeluxe.fi\/wp-content\/uploads\/2025\/03\/1200x1680-pdp-widescreen-AA401747-IMH-cut-Freya-Lingerie-Undetected-Iced-Mocha-Uw-Moulded-T-shirt-Bra.jpg\",\"datePublished\":\"2025-03-22T10:28:35+00:00\",\"dateModified\":\"2025-11-04T15:52:46+00:00\",\"breadcrumb\":{\"@id\":\"https:\/\/unnadeluxe.fi\/produkt\/freya-undetected-t-shirt\/#breadcrumb\"},\"inLanguage\":\"fi\",\"potentialAction\":[{\"@type\":\"ReadAction\",\"target\":[\"https:\/\/unnadeluxe.fi\/produkt\/freya-undetected-t-shirt\/\"]}]},{\"@type\":\"ImageObject\",\"inLanguage\":\"fi\",\"@id\":\"https:\/\/unnadeluxe.fi\/produkt\/freya-undetected-t-shirt\/#primaryimage\",\"url\":\"https:\/\/unnadeluxe.fi\/wp-content\/uploads\/2025\/03\/1200x1680-pdp-widescreen-AA401747-IMH-cut-Freya-Lingerie-Undetected-Iced-Mocha-Uw-Moulded-T-shirt-Bra.jpg\",\"contentUrl\":\"https:\/\/unnadeluxe.fi\/wp-content\/uploads\/2025\/03\/1200x1680-pdp-widescreen-AA401747-IMH-cut-Freya-Lingerie-Undetected-Iced-Mocha-Uw-Moulded-T-shirt-Bra.jpg\",\"width\":1200,\"height\":1680},{\"@type\":\"BreadcrumbList\",\"@id\":\"https:\/\/unnadeluxe.fi\/produkt\/freya-undetected-t-shirt\/#breadcrumb\",\"itemListElement\":[{\"@type\":\"ListItem\",\"position\":1,\"name\":\"Hem\",\"item\":\"https:\/\/unnadeluxe.fi\/\"},{\"@type\":\"ListItem\",\"position\":2,\"name\":\"Shop\",\"item\":\"https:\/\/unnadeluxe.fi\/shop\/\"},{\"@type\":\"ListItem\",\"position\":3,\"name\":\"Freya Undetected T-shirt Bra\"}]},{\"@type\":\"WebSite\",\"@id\":\"https:\/\/unnadeluxe.fi\/#website\",\"url\":\"https:\/\/unnadeluxe.fi\/\",\"name\":\"Unnadeluxe\",\"description\":\"UnnaDeluxe\",\"publisher\":{\"@id\":\"https:\/\/unnadeluxe.fi\/#organization\"},\"potentialAction\":[{\"@type\":\"SearchAction\",\"target\":{\"@type\":\"EntryPoint\",\"urlTemplate\":\"https:\/\/unnadeluxe.fi\/?s={search_term_string}\"},\"query-input\":{\"@type\":\"PropertyValueSpecification\",\"valueRequired\":true,\"valueName\":\"search_term_string\"}}],\"inLanguage\":\"fi\"},{\"@type\":\"Organization\",\"@id\":\"https:\/\/unnadeluxe.fi\/#organization\",\"name\":\"Unnadeluxe\",\"url\":\"https:\/\/unnadeluxe.fi\/\",\"logo\":{\"@type\":\"ImageObject\",\"inLanguage\":\"fi\",\"@id\":\"https:\/\/unnadeluxe.fi\/#\/schema\/logo\/image\/\",\"url\":\"https:\/\/unnadeluxe.fi\/wp-content\/uploads\/2022\/09\/Unna-logo-lingerie-black-and-gold.png\",\"contentUrl\":\"https:\/\/unnadeluxe.fi\/wp-content\/uploads\/2022\/09\/Unna-logo-lingerie-black-and-gold.png\",\"width\":3150,\"height\":3937,\"caption\":\"Unnadeluxe\"},\"image\":{\"@id\":\"https:\/\/unnadeluxe.fi\/#\/schema\/logo\/image\/\"},\"sameAs\":[\"https:\/\/www.facebook.com\/UnnaDeluxe\"]}]}<\/script>\n<!-- \/ Yoast SEO plugin. -->","yoast_head_json":{"title":"Freya Undetected T-shirt Bra - Unnadeluxe","robots":{"index":"index","follow":"follow","max-snippet":"max-snippet:-1","max-image-preview":"max-image-preview:large","max-video-preview":"max-video-preview:-1"},"canonical":"https:\/\/unnadeluxe.fi\/fi\/tuote\/freya-undetected-t-shirt\/","og_locale":"fi_FI","og_type":"article","og_title":"Freya Undetected T-shirt Bra - Unnadeluxe","og_description":"L\u00e4ttvadderad bygelbh i en sl\u00e4t t-shirt modell. Perfekt f\u00f6r vardagens behov, denna bh kombinerar komfort och stil som b\u00e5de lyfter och formar bysten. De s\u00f6ml\u00f6sa, formgjutna kuporna skapar en j\u00e4mn och rundad siluett som ger en osynlig finish under kl\u00e4der. Tidl\u00f6s leopard print. Justerbara axelband som kan korsas i ryggen.","og_url":"https:\/\/unnadeluxe.fi\/fi\/tuote\/freya-undetected-t-shirt\/","og_site_name":"Unnadeluxe","article_publisher":"https:\/\/www.facebook.com\/UnnaDeluxe","article_modified_time":"2025-11-04T15:52:46+00:00","og_image":[{"width":1200,"height":1680,"url":"https:\/\/unnadeluxe.fi\/wp-content\/uploads\/2025\/03\/1200x1680-pdp-widescreen-AA401747-IMH-cut-Freya-Lingerie-Undetected-Iced-Mocha-Uw-Moulded-T-shirt-Bra.jpg","type":"image\/jpeg"}],"twitter_card":"summary_large_image","twitter_misc":{"Arvioitu lukuaika":"1 minuutti"},"schema":{"@context":"https:\/\/schema.org","@graph":[{"@type":"WebPage","@id":"https:\/\/unnadeluxe.fi\/produkt\/freya-undetected-t-shirt\/","url":"https:\/\/unnadeluxe.fi\/produkt\/freya-undetected-t-shirt\/","name":"Freya Undetected T-shirt Bra - Unnadeluxe","isPartOf":{"@id":"https:\/\/unnadeluxe.fi\/#website"},"primaryImageOfPage":{"@id":"https:\/\/unnadeluxe.fi\/produkt\/freya-undetected-t-shirt\/#primaryimage"},"image":{"@id":"https:\/\/unnadeluxe.fi\/produkt\/freya-undetected-t-shirt\/#primaryimage"},"thumbnailUrl":"https:\/\/unnadeluxe.fi\/wp-content\/uploads\/2025\/03\/1200x1680-pdp-widescreen-AA401747-IMH-cut-Freya-Lingerie-Undetected-Iced-Mocha-Uw-Moulded-T-shirt-Bra.jpg","datePublished":"2025-03-22T10:28:35+00:00","dateModified":"2025-11-04T15:52:46+00:00","breadcrumb":{"@id":"https:\/\/unnadeluxe.fi\/produkt\/freya-undetected-t-shirt\/#breadcrumb"},"inLanguage":"fi","potentialAction":[{"@type":"ReadAction","target":["https:\/\/unnadeluxe.fi\/produkt\/freya-undetected-t-shirt\/"]}]},{"@type":"ImageObject","inLanguage":"fi","@id":"https:\/\/unnadeluxe.fi\/produkt\/freya-undetected-t-shirt\/#primaryimage","url":"https:\/\/unnadeluxe.fi\/wp-content\/uploads\/2025\/03\/1200x1680-pdp-widescreen-AA401747-IMH-cut-Freya-Lingerie-Undetected-Iced-Mocha-Uw-Moulded-T-shirt-Bra.jpg","contentUrl":"https:\/\/unnadeluxe.fi\/wp-content\/uploads\/2025\/03\/1200x1680-pdp-widescreen-AA401747-IMH-cut-Freya-Lingerie-Undetected-Iced-Mocha-Uw-Moulded-T-shirt-Bra.jpg","width":1200,"height":1680},{"@type":"BreadcrumbList","@id":"https:\/\/unnadeluxe.fi\/produkt\/freya-undetected-t-shirt\/#breadcrumb","itemListElement":[{"@type":"ListItem","position":1,"name":"Hem","item":"https:\/\/unnadeluxe.fi\/"},{"@type":"ListItem","position":2,"name":"Shop","item":"https:\/\/unnadeluxe.fi\/shop\/"},{"@type":"ListItem","position":3,"name":"Freya Undetected T-shirt Bra"}]},{"@type":"WebSite","@id":"https:\/\/unnadeluxe.fi\/#website","url":"https:\/\/unnadeluxe.fi\/","name":"Unnadeluxe","description":"UnnaDeluxe","publisher":{"@id":"https:\/\/unnadeluxe.fi\/#organization"},"potentialAction":[{"@type":"SearchAction","target":{"@type":"EntryPoint","urlTemplate":"https:\/\/unnadeluxe.fi\/?s={search_term_string}"},"query-input":{"@type":"PropertyValueSpecification","valueRequired":true,"valueName":"search_term_string"}}],"inLanguage":"fi"},{"@type":"Organization","@id":"https:\/\/unnadeluxe.fi\/#organization","name":"Unnadeluxe","url":"https:\/\/unnadeluxe.fi\/","logo":{"@type":"ImageObject","inLanguage":"fi","@id":"https:\/\/unnadeluxe.fi\/#\/schema\/logo\/image\/","url":"https:\/\/unnadeluxe.fi\/wp-content\/uploads\/2022\/09\/Unna-logo-lingerie-black-and-gold.png","contentUrl":"https:\/\/unnadeluxe.fi\/wp-content\/uploads\/2022\/09\/Unna-logo-lingerie-black-and-gold.png","width":3150,"height":3937,"caption":"Unnadeluxe"},"image":{"@id":"https:\/\/unnadeluxe.fi\/#\/schema\/logo\/image\/"},"sameAs":["https:\/\/www.facebook.com\/UnnaDeluxe"]}]}},"_links":{"self":[{"href":"https:\/\/unnadeluxe.fi\/fi\/wp-json\/wp\/v2\/product\/3528","targetHints":{"allow":["GET"]}}],"collection":[{"href":"https:\/\/unnadeluxe.fi\/fi\/wp-json\/wp\/v2\/product"}],"about":[{"href":"https:\/\/unnadeluxe.fi\/fi\/wp-json\/wp\/v2\/types\/product"}],"wp:featuredmedia":[{"embeddable":true,"href":"https:\/\/unnadeluxe.fi\/fi\/wp-json\/wp\/v2\/media\/3554"}],"wp:attachment":[{"href":"https:\/\/unnadeluxe.fi\/fi\/wp-json\/wp\/v2\/media?parent=3528"}],"wp:term":[{"taxonomy":"product_brand","embeddable":true,"href":"https:\/\/unnadeluxe.fi\/fi\/wp-json\/wp\/v2\/product_brand?post=3528"},{"taxonomy":"product_cat","embeddable":true,"href":"https:\/\/unnadeluxe.fi\/fi\/wp-json\/wp\/v2\/product_cat?post=3528"},{"taxonomy":"product_tag","embeddable":true,"href":"https:\/\/unnadeluxe.fi\/fi\/wp-json\/wp\/v2\/product_tag?post=3528"}],"curies":[{"name":"wp","href":"https:\/\/api.w.org\/{rel}","templated":true}]}}