{"id":3512,"date":"2025-03-19T16:11:18","date_gmt":"2025-03-19T16:11:18","guid":{"rendered":"https:\/\/unnadeluxe.fi\/?post_type=product&#038;p=3512"},"modified":"2026-02-23T15:23:36","modified_gmt":"2026-02-23T15:23:36","slug":"boxer-av-bambu-2-pack","status":"publish","type":"product","link":"https:\/\/unnadeluxe.fi\/fi\/tuote\/boxer-av-bambu-2-pack\/","title":{"rendered":"Boxer av Bambu 2-Pack"},"content":{"rendered":"<p>Bambu Boxer 2-Pack<br \/>\n67% viskos av bambu, 28% bomull, 5% elastan.<br \/>\nTv\u00e4ttr\u00e5d: 60\u00b0 tv\u00e4tt.<br \/>\nInneh\u00e5ller inga h\u00e4lsofarliga \u00e4mnen enligt \u00d6KO-TEX 100<\/p>","protected":false},"excerpt":{"rendered":"<p>2-pack boxer av mjuk och sk\u00f6n bambu. Bambuns naturliga egenskaper g\u00f6r att fukt transporteras bort fr\u00e5n kroppen och h\u00e5ller huden fr\u00e4sch l\u00e4ngre. Maximal komfort och perfekt passform med tv\u00e5v\u00e4gs-stretch och bred res\u00e5r i midjan. En enf\u00e4rgad och en m\u00f6nstrad per pack.<br \/>\nInneh\u00e5ller ekologiskt odlad Life Wear\u00ae Bamboo. Bambu varken vattnas eller besprutas och har v\u00e4sentligt mindre milj\u00f6p\u00e5verkan \u00e4n bomull. Naturliga egenskaper, h\u00e5ller materialet fr\u00e4scht l\u00e4ngre. H\u00e5ller huden sval och verkar fuktighetsreglerande. Runda, lena fibrer som \u00e4r bra f\u00f6r k\u00e4nslig hud. Lyxigt, mjukt och f\u00f6ljsamt.<\/p>","protected":false},"featured_media":3513,"template":"","meta":[],"product_brand":[94],"product_cat":[27,43,39,66,69],"product_tag":[],"class_list":{"0":"post-3512","1":"product","2":"type-product","3":"status-publish","4":"has-post-thumbnail","6":"product_brand-life-wear","7":"product_cat-underklader","8":"product_cat-kalsonger","9":"product_cat-bambuklader","10":"product_cat-bambuboxer","11":"product_cat-rea","13":"first","14":"instock","15":"sale","16":"taxable","17":"shipping-taxable","18":"purchasable","19":"product-type-variable"},"yoast_head":"<!-- This site is optimized with the Yoast SEO plugin v27.1.1 - https:\/\/yoast.com\/product\/yoast-seo-wordpress\/ -->\n<title>Boxer av Bambu 2-Pack - Unnadeluxe<\/title>\n<meta name=\"description\" content=\"Mjuk och bekv\u00e4m bambuboxer f\u00f6r m\u00e4n i 2-pack. Andas, transporterar fukt och ger perfekt passform hela dagen. Perfekt f\u00f6r vardag, tr\u00e4ning och resor.\" \/>\n<meta name=\"robots\" content=\"index, follow, max-snippet:-1, max-image-preview:large, max-video-preview:-1\" \/>\n<link rel=\"canonical\" href=\"https:\/\/unnadeluxe.fi\/fi\/tuote\/boxer-av-bambu-2-pack\/\" \/>\n<meta property=\"og:locale\" content=\"fi_FI\" \/>\n<meta property=\"og:type\" content=\"article\" \/>\n<meta property=\"og:title\" content=\"Boxer av Bambu 2-Pack - Unnadeluxe\" \/>\n<meta property=\"og:description\" content=\"Mjuk och bekv\u00e4m bambuboxer f\u00f6r m\u00e4n i 2-pack. Andas, transporterar fukt och ger perfekt passform hela dagen. Perfekt f\u00f6r vardag, tr\u00e4ning och resor.\" \/>\n<meta property=\"og:url\" content=\"https:\/\/unnadeluxe.fi\/fi\/tuote\/boxer-av-bambu-2-pack\/\" \/>\n<meta property=\"og:site_name\" content=\"Unnadeluxe\" \/>\n<meta property=\"article:publisher\" content=\"https:\/\/www.facebook.com\/UnnaDeluxe\" \/>\n<meta property=\"article:modified_time\" content=\"2026-02-23T15:23:36+00:00\" \/>\n<meta property=\"og:image\" content=\"https:\/\/unnadeluxe.fi\/wp-content\/uploads\/2025\/03\/00006837423-1-scaled.jpg\" \/>\n\t<meta property=\"og:image:width\" content=\"1969\" \/>\n\t<meta property=\"og:image:height\" content=\"2560\" \/>\n\t<meta property=\"og:image:type\" content=\"image\/jpeg\" \/>\n<meta name=\"twitter:card\" content=\"summary_large_image\" \/>\n<meta name=\"twitter:label1\" content=\"Arvioitu lukuaika\" \/>\n\t<meta name=\"twitter:data1\" content=\"1 minuutti\" \/>\n<script type=\"application\/ld+json\" class=\"yoast-schema-graph\">{\"@context\":\"https:\/\/schema.org\",\"@graph\":[{\"@type\":\"WebPage\",\"@id\":\"https:\/\/unnadeluxe.fi\/produkt\/boxer-av-bambu-2-pack\/\",\"url\":\"https:\/\/unnadeluxe.fi\/produkt\/boxer-av-bambu-2-pack\/\",\"name\":\"Boxer av Bambu 2-Pack - Unnadeluxe\",\"isPartOf\":{\"@id\":\"https:\/\/unnadeluxe.fi\/#website\"},\"primaryImageOfPage\":{\"@id\":\"https:\/\/unnadeluxe.fi\/produkt\/boxer-av-bambu-2-pack\/#primaryimage\"},\"image\":{\"@id\":\"https:\/\/unnadeluxe.fi\/produkt\/boxer-av-bambu-2-pack\/#primaryimage\"},\"thumbnailUrl\":\"https:\/\/unnadeluxe.fi\/wp-content\/uploads\/2025\/03\/00006837423-1-scaled.jpg\",\"datePublished\":\"2025-03-19T16:11:18+00:00\",\"dateModified\":\"2026-02-23T15:23:36+00:00\",\"description\":\"Mjuk och bekv\u00e4m bambuboxer f\u00f6r m\u00e4n i 2-pack. Andas, transporterar fukt och ger perfekt passform hela dagen. Perfekt f\u00f6r vardag, tr\u00e4ning och resor.\",\"breadcrumb\":{\"@id\":\"https:\/\/unnadeluxe.fi\/produkt\/boxer-av-bambu-2-pack\/#breadcrumb\"},\"inLanguage\":\"fi\",\"potentialAction\":[{\"@type\":\"ReadAction\",\"target\":[\"https:\/\/unnadeluxe.fi\/produkt\/boxer-av-bambu-2-pack\/\"]}]},{\"@type\":\"ImageObject\",\"inLanguage\":\"fi\",\"@id\":\"https:\/\/unnadeluxe.fi\/produkt\/boxer-av-bambu-2-pack\/#primaryimage\",\"url\":\"https:\/\/unnadeluxe.fi\/wp-content\/uploads\/2025\/03\/00006837423-1-scaled.jpg\",\"contentUrl\":\"https:\/\/unnadeluxe.fi\/wp-content\/uploads\/2025\/03\/00006837423-1-scaled.jpg\",\"width\":1969,\"height\":2560},{\"@type\":\"BreadcrumbList\",\"@id\":\"https:\/\/unnadeluxe.fi\/produkt\/boxer-av-bambu-2-pack\/#breadcrumb\",\"itemListElement\":[{\"@type\":\"ListItem\",\"position\":1,\"name\":\"Hem\",\"item\":\"https:\/\/unnadeluxe.fi\/\"},{\"@type\":\"ListItem\",\"position\":2,\"name\":\"Shop\",\"item\":\"https:\/\/unnadeluxe.fi\/shop\/\"},{\"@type\":\"ListItem\",\"position\":3,\"name\":\"Boxer av Bambu 2-Pack\"}]},{\"@type\":\"WebSite\",\"@id\":\"https:\/\/unnadeluxe.fi\/#website\",\"url\":\"https:\/\/unnadeluxe.fi\/\",\"name\":\"Unnadeluxe\",\"description\":\"UnnaDeluxe\",\"publisher\":{\"@id\":\"https:\/\/unnadeluxe.fi\/#organization\"},\"potentialAction\":[{\"@type\":\"SearchAction\",\"target\":{\"@type\":\"EntryPoint\",\"urlTemplate\":\"https:\/\/unnadeluxe.fi\/?s={search_term_string}\"},\"query-input\":{\"@type\":\"PropertyValueSpecification\",\"valueRequired\":true,\"valueName\":\"search_term_string\"}}],\"inLanguage\":\"fi\"},{\"@type\":\"Organization\",\"@id\":\"https:\/\/unnadeluxe.fi\/#organization\",\"name\":\"Unnadeluxe\",\"url\":\"https:\/\/unnadeluxe.fi\/\",\"logo\":{\"@type\":\"ImageObject\",\"inLanguage\":\"fi\",\"@id\":\"https:\/\/unnadeluxe.fi\/#\/schema\/logo\/image\/\",\"url\":\"https:\/\/unnadeluxe.fi\/wp-content\/uploads\/2022\/09\/Unna-logo-lingerie-black-and-gold.png\",\"contentUrl\":\"https:\/\/unnadeluxe.fi\/wp-content\/uploads\/2022\/09\/Unna-logo-lingerie-black-and-gold.png\",\"width\":3150,\"height\":3937,\"caption\":\"Unnadeluxe\"},\"image\":{\"@id\":\"https:\/\/unnadeluxe.fi\/#\/schema\/logo\/image\/\"},\"sameAs\":[\"https:\/\/www.facebook.com\/UnnaDeluxe\"]}]}<\/script>\n<!-- \/ Yoast SEO plugin. -->","yoast_head_json":{"title":"Boxer av Bambu 2-Pack - Unnadeluxe","description":"Mjuk och bekv\u00e4m bambuboxer f\u00f6r m\u00e4n i 2-pack. Andas, transporterar fukt och ger perfekt passform hela dagen. Perfekt f\u00f6r vardag, tr\u00e4ning och resor.","robots":{"index":"index","follow":"follow","max-snippet":"max-snippet:-1","max-image-preview":"max-image-preview:large","max-video-preview":"max-video-preview:-1"},"canonical":"https:\/\/unnadeluxe.fi\/fi\/tuote\/boxer-av-bambu-2-pack\/","og_locale":"fi_FI","og_type":"article","og_title":"Boxer av Bambu 2-Pack - Unnadeluxe","og_description":"Mjuk och bekv\u00e4m bambuboxer f\u00f6r m\u00e4n i 2-pack. Andas, transporterar fukt och ger perfekt passform hela dagen. Perfekt f\u00f6r vardag, tr\u00e4ning och resor.","og_url":"https:\/\/unnadeluxe.fi\/fi\/tuote\/boxer-av-bambu-2-pack\/","og_site_name":"Unnadeluxe","article_publisher":"https:\/\/www.facebook.com\/UnnaDeluxe","article_modified_time":"2026-02-23T15:23:36+00:00","og_image":[{"width":1969,"height":2560,"url":"https:\/\/unnadeluxe.fi\/wp-content\/uploads\/2025\/03\/00006837423-1-scaled.jpg","type":"image\/jpeg"}],"twitter_card":"summary_large_image","twitter_misc":{"Arvioitu lukuaika":"1 minuutti"},"schema":{"@context":"https:\/\/schema.org","@graph":[{"@type":"WebPage","@id":"https:\/\/unnadeluxe.fi\/produkt\/boxer-av-bambu-2-pack\/","url":"https:\/\/unnadeluxe.fi\/produkt\/boxer-av-bambu-2-pack\/","name":"Boxer av Bambu 2-Pack - Unnadeluxe","isPartOf":{"@id":"https:\/\/unnadeluxe.fi\/#website"},"primaryImageOfPage":{"@id":"https:\/\/unnadeluxe.fi\/produkt\/boxer-av-bambu-2-pack\/#primaryimage"},"image":{"@id":"https:\/\/unnadeluxe.fi\/produkt\/boxer-av-bambu-2-pack\/#primaryimage"},"thumbnailUrl":"https:\/\/unnadeluxe.fi\/wp-content\/uploads\/2025\/03\/00006837423-1-scaled.jpg","datePublished":"2025-03-19T16:11:18+00:00","dateModified":"2026-02-23T15:23:36+00:00","description":"Mjuk och bekv\u00e4m bambuboxer f\u00f6r m\u00e4n i 2-pack. Andas, transporterar fukt och ger perfekt passform hela dagen. Perfekt f\u00f6r vardag, tr\u00e4ning och resor.","breadcrumb":{"@id":"https:\/\/unnadeluxe.fi\/produkt\/boxer-av-bambu-2-pack\/#breadcrumb"},"inLanguage":"fi","potentialAction":[{"@type":"ReadAction","target":["https:\/\/unnadeluxe.fi\/produkt\/boxer-av-bambu-2-pack\/"]}]},{"@type":"ImageObject","inLanguage":"fi","@id":"https:\/\/unnadeluxe.fi\/produkt\/boxer-av-bambu-2-pack\/#primaryimage","url":"https:\/\/unnadeluxe.fi\/wp-content\/uploads\/2025\/03\/00006837423-1-scaled.jpg","contentUrl":"https:\/\/unnadeluxe.fi\/wp-content\/uploads\/2025\/03\/00006837423-1-scaled.jpg","width":1969,"height":2560},{"@type":"BreadcrumbList","@id":"https:\/\/unnadeluxe.fi\/produkt\/boxer-av-bambu-2-pack\/#breadcrumb","itemListElement":[{"@type":"ListItem","position":1,"name":"Hem","item":"https:\/\/unnadeluxe.fi\/"},{"@type":"ListItem","position":2,"name":"Shop","item":"https:\/\/unnadeluxe.fi\/shop\/"},{"@type":"ListItem","position":3,"name":"Boxer av Bambu 2-Pack"}]},{"@type":"WebSite","@id":"https:\/\/unnadeluxe.fi\/#website","url":"https:\/\/unnadeluxe.fi\/","name":"Unnadeluxe","description":"UnnaDeluxe","publisher":{"@id":"https:\/\/unnadeluxe.fi\/#organization"},"potentialAction":[{"@type":"SearchAction","target":{"@type":"EntryPoint","urlTemplate":"https:\/\/unnadeluxe.fi\/?s={search_term_string}"},"query-input":{"@type":"PropertyValueSpecification","valueRequired":true,"valueName":"search_term_string"}}],"inLanguage":"fi"},{"@type":"Organization","@id":"https:\/\/unnadeluxe.fi\/#organization","name":"Unnadeluxe","url":"https:\/\/unnadeluxe.fi\/","logo":{"@type":"ImageObject","inLanguage":"fi","@id":"https:\/\/unnadeluxe.fi\/#\/schema\/logo\/image\/","url":"https:\/\/unnadeluxe.fi\/wp-content\/uploads\/2022\/09\/Unna-logo-lingerie-black-and-gold.png","contentUrl":"https:\/\/unnadeluxe.fi\/wp-content\/uploads\/2022\/09\/Unna-logo-lingerie-black-and-gold.png","width":3150,"height":3937,"caption":"Unnadeluxe"},"image":{"@id":"https:\/\/unnadeluxe.fi\/#\/schema\/logo\/image\/"},"sameAs":["https:\/\/www.facebook.com\/UnnaDeluxe"]}]}},"_links":{"self":[{"href":"https:\/\/unnadeluxe.fi\/fi\/wp-json\/wp\/v2\/product\/3512","targetHints":{"allow":["GET"]}}],"collection":[{"href":"https:\/\/unnadeluxe.fi\/fi\/wp-json\/wp\/v2\/product"}],"about":[{"href":"https:\/\/unnadeluxe.fi\/fi\/wp-json\/wp\/v2\/types\/product"}],"wp:featuredmedia":[{"embeddable":true,"href":"https:\/\/unnadeluxe.fi\/fi\/wp-json\/wp\/v2\/media\/3513"}],"wp:attachment":[{"href":"https:\/\/unnadeluxe.fi\/fi\/wp-json\/wp\/v2\/media?parent=3512"}],"wp:term":[{"taxonomy":"product_brand","embeddable":true,"href":"https:\/\/unnadeluxe.fi\/fi\/wp-json\/wp\/v2\/product_brand?post=3512"},{"taxonomy":"product_cat","embeddable":true,"href":"https:\/\/unnadeluxe.fi\/fi\/wp-json\/wp\/v2\/product_cat?post=3512"},{"taxonomy":"product_tag","embeddable":true,"href":"https:\/\/unnadeluxe.fi\/fi\/wp-json\/wp\/v2\/product_tag?post=3512"}],"curies":[{"name":"wp","href":"https:\/\/api.w.org\/{rel}","templated":true}]}}