{"id":3502,"date":"2025-03-19T15:47:45","date_gmt":"2025-03-19T15:47:45","guid":{"rendered":"https:\/\/unnadeluxe.fi\/?post_type=product&#038;p=3502"},"modified":"2025-03-19T15:56:16","modified_gmt":"2025-03-19T15:56:16","slug":"kompressionsstrumpa-monstrad-1-pack-2","status":"publish","type":"product","link":"https:\/\/unnadeluxe.fi\/fi\/tuote\/kompressionsstrumpa-monstrad-1-pack-2\/","title":{"rendered":"Kompressionsstrumpa M\u00f6nstrad 1-Pack"},"content":{"rendered":"<p>M\u00f6nstrad kompressionsstrumpa 16-18 mmHg<br \/>\n74% bomull, 23% polyamid, 3% Lycra.<br \/>\nTv\u00e4ttr\u00e5d: 60\u00b0 tv\u00e4tt.<br \/>\nInneh\u00e5ller inga h\u00e4lsofarliga \u00e4mnen enligt \u00d6KO-TEX 100<br \/>\n34\/36, 37\/39, 40\/42<\/p>","protected":false},"excerpt":{"rendered":"<p>The Doctor Recommends, kompressionsstrumpa med 16-18 mmHg graderad kompression. Strumpan f\u00f6rebygger svullna ben, blodproppar och \u00e5derbr\u00e5ck. \u00c4ven personer utan cirkulationsproblem har nytta av strumpan vid exempelvis flygresor eller l\u00e5nga dagar p\u00e5 jobb d\u00e4r man st\u00e5r och g\u00e5r mycket. Graderad kompression fr\u00e5n ankeln och upp\u00e5t. F\u00f6rst\u00e4rkt sula f\u00f6r l\u00e4ngre livsl\u00e4ngd.<\/p>","protected":false},"featured_media":3506,"template":"","meta":[],"product_brand":[93],"product_cat":[30,51],"product_tag":[],"class_list":{"0":"post-3502","1":"product","2":"type-product","3":"status-publish","4":"has-post-thumbnail","6":"product_brand-the-doctor-recommends","7":"product_cat-strumpor","8":"product_cat-stodstrumpor","10":"first","11":"instock","12":"taxable","13":"shipping-taxable","14":"purchasable","15":"product-type-variable"},"yoast_head":"<!-- This site is optimized with the Yoast SEO plugin v27.1.1 - https:\/\/yoast.com\/product\/yoast-seo-wordpress\/ -->\n<title>Kompressionsstrumpa M\u00f6nstrad 1-Pack - Unnadeluxe<\/title>\n<meta name=\"robots\" content=\"index, follow, max-snippet:-1, max-image-preview:large, max-video-preview:-1\" \/>\n<link rel=\"canonical\" href=\"https:\/\/unnadeluxe.fi\/fi\/tuote\/kompressionsstrumpa-monstrad-1-pack-2\/\" \/>\n<meta property=\"og:locale\" content=\"fi_FI\" \/>\n<meta property=\"og:type\" content=\"article\" \/>\n<meta property=\"og:title\" content=\"Kompressionsstrumpa M\u00f6nstrad 1-Pack - Unnadeluxe\" \/>\n<meta property=\"og:description\" content=\"The Doctor Recommends, kompressionsstrumpa med 16-18 mmHg graderad kompression. Strumpan f\u00f6rebygger svullna ben, blodproppar och \u00e5derbr\u00e5ck. \u00c4ven personer utan cirkulationsproblem har nytta av strumpan vid exempelvis flygresor eller l\u00e5nga dagar p\u00e5 jobb d\u00e4r man st\u00e5r och g\u00e5r mycket. Graderad kompression fr\u00e5n ankeln och upp\u00e5t. F\u00f6rst\u00e4rkt sula f\u00f6r l\u00e4ngre livsl\u00e4ngd.\" \/>\n<meta property=\"og:url\" content=\"https:\/\/unnadeluxe.fi\/fi\/tuote\/kompressionsstrumpa-monstrad-1-pack-2\/\" \/>\n<meta property=\"og:site_name\" content=\"Unnadeluxe\" \/>\n<meta property=\"article:publisher\" content=\"https:\/\/www.facebook.com\/UnnaDeluxe\" \/>\n<meta property=\"article:modified_time\" content=\"2025-03-19T15:56:16+00:00\" \/>\n<meta property=\"og:image\" content=\"https:\/\/unnadeluxe.fi\/wp-content\/uploads\/2025\/03\/000005329C9-scaled.jpg\" \/>\n\t<meta property=\"og:image:width\" content=\"1969\" \/>\n\t<meta property=\"og:image:height\" content=\"2560\" \/>\n\t<meta property=\"og:image:type\" content=\"image\/jpeg\" \/>\n<meta name=\"twitter:card\" content=\"summary_large_image\" \/>\n<meta name=\"twitter:label1\" content=\"Arvioitu lukuaika\" \/>\n\t<meta name=\"twitter:data1\" content=\"1 minuutti\" \/>\n<script type=\"application\/ld+json\" class=\"yoast-schema-graph\">{\"@context\":\"https:\/\/schema.org\",\"@graph\":[{\"@type\":\"WebPage\",\"@id\":\"https:\/\/unnadeluxe.fi\/produkt\/kompressionsstrumpa-monstrad-1-pack-2\/\",\"url\":\"https:\/\/unnadeluxe.fi\/produkt\/kompressionsstrumpa-monstrad-1-pack-2\/\",\"name\":\"Kompressionsstrumpa M\u00f6nstrad 1-Pack - Unnadeluxe\",\"isPartOf\":{\"@id\":\"https:\/\/unnadeluxe.fi\/#website\"},\"primaryImageOfPage\":{\"@id\":\"https:\/\/unnadeluxe.fi\/produkt\/kompressionsstrumpa-monstrad-1-pack-2\/#primaryimage\"},\"image\":{\"@id\":\"https:\/\/unnadeluxe.fi\/produkt\/kompressionsstrumpa-monstrad-1-pack-2\/#primaryimage\"},\"thumbnailUrl\":\"https:\/\/unnadeluxe.fi\/wp-content\/uploads\/2025\/03\/000005329C9-scaled.jpg\",\"datePublished\":\"2025-03-19T15:47:45+00:00\",\"dateModified\":\"2025-03-19T15:56:16+00:00\",\"breadcrumb\":{\"@id\":\"https:\/\/unnadeluxe.fi\/produkt\/kompressionsstrumpa-monstrad-1-pack-2\/#breadcrumb\"},\"inLanguage\":\"fi\",\"potentialAction\":[{\"@type\":\"ReadAction\",\"target\":[\"https:\/\/unnadeluxe.fi\/produkt\/kompressionsstrumpa-monstrad-1-pack-2\/\"]}]},{\"@type\":\"ImageObject\",\"inLanguage\":\"fi\",\"@id\":\"https:\/\/unnadeluxe.fi\/produkt\/kompressionsstrumpa-monstrad-1-pack-2\/#primaryimage\",\"url\":\"https:\/\/unnadeluxe.fi\/wp-content\/uploads\/2025\/03\/000005329C9-scaled.jpg\",\"contentUrl\":\"https:\/\/unnadeluxe.fi\/wp-content\/uploads\/2025\/03\/000005329C9-scaled.jpg\",\"width\":1969,\"height\":2560},{\"@type\":\"BreadcrumbList\",\"@id\":\"https:\/\/unnadeluxe.fi\/produkt\/kompressionsstrumpa-monstrad-1-pack-2\/#breadcrumb\",\"itemListElement\":[{\"@type\":\"ListItem\",\"position\":1,\"name\":\"Hem\",\"item\":\"https:\/\/unnadeluxe.fi\/\"},{\"@type\":\"ListItem\",\"position\":2,\"name\":\"Shop\",\"item\":\"https:\/\/unnadeluxe.fi\/shop\/\"},{\"@type\":\"ListItem\",\"position\":3,\"name\":\"Kompressionsstrumpa M\u00f6nstrad 1-Pack\"}]},{\"@type\":\"WebSite\",\"@id\":\"https:\/\/unnadeluxe.fi\/#website\",\"url\":\"https:\/\/unnadeluxe.fi\/\",\"name\":\"Unnadeluxe\",\"description\":\"UnnaDeluxe\",\"publisher\":{\"@id\":\"https:\/\/unnadeluxe.fi\/#organization\"},\"potentialAction\":[{\"@type\":\"SearchAction\",\"target\":{\"@type\":\"EntryPoint\",\"urlTemplate\":\"https:\/\/unnadeluxe.fi\/?s={search_term_string}\"},\"query-input\":{\"@type\":\"PropertyValueSpecification\",\"valueRequired\":true,\"valueName\":\"search_term_string\"}}],\"inLanguage\":\"fi\"},{\"@type\":\"Organization\",\"@id\":\"https:\/\/unnadeluxe.fi\/#organization\",\"name\":\"Unnadeluxe\",\"url\":\"https:\/\/unnadeluxe.fi\/\",\"logo\":{\"@type\":\"ImageObject\",\"inLanguage\":\"fi\",\"@id\":\"https:\/\/unnadeluxe.fi\/#\/schema\/logo\/image\/\",\"url\":\"https:\/\/unnadeluxe.fi\/wp-content\/uploads\/2022\/09\/Unna-logo-lingerie-black-and-gold.png\",\"contentUrl\":\"https:\/\/unnadeluxe.fi\/wp-content\/uploads\/2022\/09\/Unna-logo-lingerie-black-and-gold.png\",\"width\":3150,\"height\":3937,\"caption\":\"Unnadeluxe\"},\"image\":{\"@id\":\"https:\/\/unnadeluxe.fi\/#\/schema\/logo\/image\/\"},\"sameAs\":[\"https:\/\/www.facebook.com\/UnnaDeluxe\"]}]}<\/script>\n<!-- \/ Yoast SEO plugin. -->","yoast_head_json":{"title":"Kompressionsstrumpa M\u00f6nstrad 1-Pack - Unnadeluxe","robots":{"index":"index","follow":"follow","max-snippet":"max-snippet:-1","max-image-preview":"max-image-preview:large","max-video-preview":"max-video-preview:-1"},"canonical":"https:\/\/unnadeluxe.fi\/fi\/tuote\/kompressionsstrumpa-monstrad-1-pack-2\/","og_locale":"fi_FI","og_type":"article","og_title":"Kompressionsstrumpa M\u00f6nstrad 1-Pack - Unnadeluxe","og_description":"The Doctor Recommends, kompressionsstrumpa med 16-18 mmHg graderad kompression. Strumpan f\u00f6rebygger svullna ben, blodproppar och \u00e5derbr\u00e5ck. \u00c4ven personer utan cirkulationsproblem har nytta av strumpan vid exempelvis flygresor eller l\u00e5nga dagar p\u00e5 jobb d\u00e4r man st\u00e5r och g\u00e5r mycket. Graderad kompression fr\u00e5n ankeln och upp\u00e5t. F\u00f6rst\u00e4rkt sula f\u00f6r l\u00e4ngre livsl\u00e4ngd.","og_url":"https:\/\/unnadeluxe.fi\/fi\/tuote\/kompressionsstrumpa-monstrad-1-pack-2\/","og_site_name":"Unnadeluxe","article_publisher":"https:\/\/www.facebook.com\/UnnaDeluxe","article_modified_time":"2025-03-19T15:56:16+00:00","og_image":[{"width":1969,"height":2560,"url":"https:\/\/unnadeluxe.fi\/wp-content\/uploads\/2025\/03\/000005329C9-scaled.jpg","type":"image\/jpeg"}],"twitter_card":"summary_large_image","twitter_misc":{"Arvioitu lukuaika":"1 minuutti"},"schema":{"@context":"https:\/\/schema.org","@graph":[{"@type":"WebPage","@id":"https:\/\/unnadeluxe.fi\/produkt\/kompressionsstrumpa-monstrad-1-pack-2\/","url":"https:\/\/unnadeluxe.fi\/produkt\/kompressionsstrumpa-monstrad-1-pack-2\/","name":"Kompressionsstrumpa M\u00f6nstrad 1-Pack - Unnadeluxe","isPartOf":{"@id":"https:\/\/unnadeluxe.fi\/#website"},"primaryImageOfPage":{"@id":"https:\/\/unnadeluxe.fi\/produkt\/kompressionsstrumpa-monstrad-1-pack-2\/#primaryimage"},"image":{"@id":"https:\/\/unnadeluxe.fi\/produkt\/kompressionsstrumpa-monstrad-1-pack-2\/#primaryimage"},"thumbnailUrl":"https:\/\/unnadeluxe.fi\/wp-content\/uploads\/2025\/03\/000005329C9-scaled.jpg","datePublished":"2025-03-19T15:47:45+00:00","dateModified":"2025-03-19T15:56:16+00:00","breadcrumb":{"@id":"https:\/\/unnadeluxe.fi\/produkt\/kompressionsstrumpa-monstrad-1-pack-2\/#breadcrumb"},"inLanguage":"fi","potentialAction":[{"@type":"ReadAction","target":["https:\/\/unnadeluxe.fi\/produkt\/kompressionsstrumpa-monstrad-1-pack-2\/"]}]},{"@type":"ImageObject","inLanguage":"fi","@id":"https:\/\/unnadeluxe.fi\/produkt\/kompressionsstrumpa-monstrad-1-pack-2\/#primaryimage","url":"https:\/\/unnadeluxe.fi\/wp-content\/uploads\/2025\/03\/000005329C9-scaled.jpg","contentUrl":"https:\/\/unnadeluxe.fi\/wp-content\/uploads\/2025\/03\/000005329C9-scaled.jpg","width":1969,"height":2560},{"@type":"BreadcrumbList","@id":"https:\/\/unnadeluxe.fi\/produkt\/kompressionsstrumpa-monstrad-1-pack-2\/#breadcrumb","itemListElement":[{"@type":"ListItem","position":1,"name":"Hem","item":"https:\/\/unnadeluxe.fi\/"},{"@type":"ListItem","position":2,"name":"Shop","item":"https:\/\/unnadeluxe.fi\/shop\/"},{"@type":"ListItem","position":3,"name":"Kompressionsstrumpa M\u00f6nstrad 1-Pack"}]},{"@type":"WebSite","@id":"https:\/\/unnadeluxe.fi\/#website","url":"https:\/\/unnadeluxe.fi\/","name":"Unnadeluxe","description":"UnnaDeluxe","publisher":{"@id":"https:\/\/unnadeluxe.fi\/#organization"},"potentialAction":[{"@type":"SearchAction","target":{"@type":"EntryPoint","urlTemplate":"https:\/\/unnadeluxe.fi\/?s={search_term_string}"},"query-input":{"@type":"PropertyValueSpecification","valueRequired":true,"valueName":"search_term_string"}}],"inLanguage":"fi"},{"@type":"Organization","@id":"https:\/\/unnadeluxe.fi\/#organization","name":"Unnadeluxe","url":"https:\/\/unnadeluxe.fi\/","logo":{"@type":"ImageObject","inLanguage":"fi","@id":"https:\/\/unnadeluxe.fi\/#\/schema\/logo\/image\/","url":"https:\/\/unnadeluxe.fi\/wp-content\/uploads\/2022\/09\/Unna-logo-lingerie-black-and-gold.png","contentUrl":"https:\/\/unnadeluxe.fi\/wp-content\/uploads\/2022\/09\/Unna-logo-lingerie-black-and-gold.png","width":3150,"height":3937,"caption":"Unnadeluxe"},"image":{"@id":"https:\/\/unnadeluxe.fi\/#\/schema\/logo\/image\/"},"sameAs":["https:\/\/www.facebook.com\/UnnaDeluxe"]}]}},"_links":{"self":[{"href":"https:\/\/unnadeluxe.fi\/fi\/wp-json\/wp\/v2\/product\/3502","targetHints":{"allow":["GET"]}}],"collection":[{"href":"https:\/\/unnadeluxe.fi\/fi\/wp-json\/wp\/v2\/product"}],"about":[{"href":"https:\/\/unnadeluxe.fi\/fi\/wp-json\/wp\/v2\/types\/product"}],"wp:featuredmedia":[{"embeddable":true,"href":"https:\/\/unnadeluxe.fi\/fi\/wp-json\/wp\/v2\/media\/3506"}],"wp:attachment":[{"href":"https:\/\/unnadeluxe.fi\/fi\/wp-json\/wp\/v2\/media?parent=3502"}],"wp:term":[{"taxonomy":"product_brand","embeddable":true,"href":"https:\/\/unnadeluxe.fi\/fi\/wp-json\/wp\/v2\/product_brand?post=3502"},{"taxonomy":"product_cat","embeddable":true,"href":"https:\/\/unnadeluxe.fi\/fi\/wp-json\/wp\/v2\/product_cat?post=3502"},{"taxonomy":"product_tag","embeddable":true,"href":"https:\/\/unnadeluxe.fi\/fi\/wp-json\/wp\/v2\/product_tag?post=3502"}],"curies":[{"name":"wp","href":"https:\/\/api.w.org\/{rel}","templated":true}]}}