{"id":2814,"date":"2025-02-25T19:10:44","date_gmt":"2025-02-25T19:10:44","guid":{"rendered":"https:\/\/unnadeluxe.fi\/?post_type=product&#038;p=2814"},"modified":"2025-07-14T10:34:02","modified_gmt":"2025-07-14T10:34:02","slug":"elomi-brianna-plunge-bh","status":"publish","type":"product","link":"https:\/\/unnadeluxe.fi\/fi\/tuote\/elomi-brianna-plunge-bh\/","title":{"rendered":"Elomi Brianna Plunge Bh"},"content":{"rendered":"<p>Ovadderad bygelbh, Plunge modell med 3-sektionskupor och Sidost\u00f6d.<br \/>\nMaterial: 45% Polyamide, 26% Cotton, 16% Polyester,13% Elastane<br \/>\nTv\u00e4ttr\u00e5d: Handtv\u00e4tt<\/p>","protected":false},"excerpt":{"rendered":"<p>Brianna \u00e4r en omtyckt ovadderad bh fr\u00e5n Elomi. L\u00e5g i dekolletaget med fina utsmyckade band. Beh\u00e5n ger en fin klyfta utan att trycka upp bysten. Kuporna \u00e4r dekorerade med en vacker spets. Sk\u00f6n bh att anv\u00e4nda b\u00e5de till vardag och fest. <\/p>","protected":false},"featured_media":2856,"template":"","meta":[],"product_brand":[82],"product_cat":[28,55],"product_tag":[],"class_list":{"0":"post-2814","1":"product","2":"type-product","3":"status-publish","4":"has-post-thumbnail","6":"product_brand-elomi","7":"product_cat-bhn","8":"product_cat-bygel-bh","10":"first","11":"instock","12":"sale","13":"taxable","14":"shipping-taxable","15":"purchasable","16":"product-type-variable"},"yoast_head":"<!-- This site is optimized with the Yoast SEO plugin v27.1.1 - https:\/\/yoast.com\/product\/yoast-seo-wordpress\/ -->\n<title>Elomi Brianna Plunge Bh - Unnadeluxe<\/title>\n<meta name=\"robots\" content=\"index, follow, max-snippet:-1, max-image-preview:large, max-video-preview:-1\" \/>\n<link rel=\"canonical\" href=\"https:\/\/unnadeluxe.fi\/fi\/tuote\/elomi-brianna-plunge-bh\/\" \/>\n<meta property=\"og:locale\" content=\"fi_FI\" \/>\n<meta property=\"og:type\" content=\"article\" \/>\n<meta property=\"og:title\" content=\"Elomi Brianna Plunge Bh - Unnadeluxe\" \/>\n<meta property=\"og:description\" content=\"Brianna \u00e4r en omtyckt ovadderad bh fr\u00e5n Elomi. L\u00e5g i dekolletaget med fina utsmyckade band. Beh\u00e5n ger en fin klyfta utan att trycka upp bysten. Kuporna \u00e4r dekorerade med en vacker spets. Sk\u00f6n bh att anv\u00e4nda b\u00e5de till vardag och fest.\" \/>\n<meta property=\"og:url\" content=\"https:\/\/unnadeluxe.fi\/fi\/tuote\/elomi-brianna-plunge-bh\/\" \/>\n<meta property=\"og:site_name\" content=\"Unnadeluxe\" \/>\n<meta property=\"article:publisher\" content=\"https:\/\/www.facebook.com\/UnnaDeluxe\" \/>\n<meta property=\"article:modified_time\" content=\"2025-07-14T10:34:02+00:00\" \/>\n<meta property=\"og:image\" content=\"https:\/\/unnadeluxe.fi\/wp-content\/uploads\/2025\/02\/BRIANNA-WHITE-UW-PLUNGE-BRA-EL8080-CUTOUT-WEB-scaled.jpg\" \/>\n\t<meta property=\"og:image:width\" content=\"2560\" \/>\n\t<meta property=\"og:image:height\" content=\"2560\" \/>\n\t<meta property=\"og:image:type\" content=\"image\/jpeg\" \/>\n<meta name=\"twitter:card\" content=\"summary_large_image\" \/>\n<meta name=\"twitter:label1\" content=\"Arvioitu lukuaika\" \/>\n\t<meta name=\"twitter:data1\" content=\"1 minuutti\" \/>\n<script type=\"application\/ld+json\" class=\"yoast-schema-graph\">{\"@context\":\"https:\/\/schema.org\",\"@graph\":[{\"@type\":\"WebPage\",\"@id\":\"https:\/\/unnadeluxe.fi\/produkt\/elomi-brianna-plunge-bh\/\",\"url\":\"https:\/\/unnadeluxe.fi\/produkt\/elomi-brianna-plunge-bh\/\",\"name\":\"Elomi Brianna Plunge Bh - Unnadeluxe\",\"isPartOf\":{\"@id\":\"https:\/\/unnadeluxe.fi\/#website\"},\"primaryImageOfPage\":{\"@id\":\"https:\/\/unnadeluxe.fi\/produkt\/elomi-brianna-plunge-bh\/#primaryimage\"},\"image\":{\"@id\":\"https:\/\/unnadeluxe.fi\/produkt\/elomi-brianna-plunge-bh\/#primaryimage\"},\"thumbnailUrl\":\"https:\/\/unnadeluxe.fi\/wp-content\/uploads\/2025\/02\/BRIANNA-WHITE-UW-PLUNGE-BRA-EL8080-CUTOUT-WEB-scaled.jpg\",\"datePublished\":\"2025-02-25T19:10:44+00:00\",\"dateModified\":\"2025-07-14T10:34:02+00:00\",\"breadcrumb\":{\"@id\":\"https:\/\/unnadeluxe.fi\/produkt\/elomi-brianna-plunge-bh\/#breadcrumb\"},\"inLanguage\":\"fi\",\"potentialAction\":[{\"@type\":\"ReadAction\",\"target\":[\"https:\/\/unnadeluxe.fi\/produkt\/elomi-brianna-plunge-bh\/\"]}]},{\"@type\":\"ImageObject\",\"inLanguage\":\"fi\",\"@id\":\"https:\/\/unnadeluxe.fi\/produkt\/elomi-brianna-plunge-bh\/#primaryimage\",\"url\":\"https:\/\/unnadeluxe.fi\/wp-content\/uploads\/2025\/02\/BRIANNA-WHITE-UW-PLUNGE-BRA-EL8080-CUTOUT-WEB-scaled.jpg\",\"contentUrl\":\"https:\/\/unnadeluxe.fi\/wp-content\/uploads\/2025\/02\/BRIANNA-WHITE-UW-PLUNGE-BRA-EL8080-CUTOUT-WEB-scaled.jpg\",\"width\":2560,\"height\":2560},{\"@type\":\"BreadcrumbList\",\"@id\":\"https:\/\/unnadeluxe.fi\/produkt\/elomi-brianna-plunge-bh\/#breadcrumb\",\"itemListElement\":[{\"@type\":\"ListItem\",\"position\":1,\"name\":\"Hem\",\"item\":\"https:\/\/unnadeluxe.fi\/\"},{\"@type\":\"ListItem\",\"position\":2,\"name\":\"Shop\",\"item\":\"https:\/\/unnadeluxe.fi\/shop\/\"},{\"@type\":\"ListItem\",\"position\":3,\"name\":\"Elomi Brianna Plunge Bh\"}]},{\"@type\":\"WebSite\",\"@id\":\"https:\/\/unnadeluxe.fi\/#website\",\"url\":\"https:\/\/unnadeluxe.fi\/\",\"name\":\"Unnadeluxe\",\"description\":\"UnnaDeluxe\",\"publisher\":{\"@id\":\"https:\/\/unnadeluxe.fi\/#organization\"},\"potentialAction\":[{\"@type\":\"SearchAction\",\"target\":{\"@type\":\"EntryPoint\",\"urlTemplate\":\"https:\/\/unnadeluxe.fi\/?s={search_term_string}\"},\"query-input\":{\"@type\":\"PropertyValueSpecification\",\"valueRequired\":true,\"valueName\":\"search_term_string\"}}],\"inLanguage\":\"fi\"},{\"@type\":\"Organization\",\"@id\":\"https:\/\/unnadeluxe.fi\/#organization\",\"name\":\"Unnadeluxe\",\"url\":\"https:\/\/unnadeluxe.fi\/\",\"logo\":{\"@type\":\"ImageObject\",\"inLanguage\":\"fi\",\"@id\":\"https:\/\/unnadeluxe.fi\/#\/schema\/logo\/image\/\",\"url\":\"https:\/\/unnadeluxe.fi\/wp-content\/uploads\/2022\/09\/Unna-logo-lingerie-black-and-gold.png\",\"contentUrl\":\"https:\/\/unnadeluxe.fi\/wp-content\/uploads\/2022\/09\/Unna-logo-lingerie-black-and-gold.png\",\"width\":3150,\"height\":3937,\"caption\":\"Unnadeluxe\"},\"image\":{\"@id\":\"https:\/\/unnadeluxe.fi\/#\/schema\/logo\/image\/\"},\"sameAs\":[\"https:\/\/www.facebook.com\/UnnaDeluxe\"]}]}<\/script>\n<!-- \/ Yoast SEO plugin. -->","yoast_head_json":{"title":"Elomi Brianna Plunge Bh - Unnadeluxe","robots":{"index":"index","follow":"follow","max-snippet":"max-snippet:-1","max-image-preview":"max-image-preview:large","max-video-preview":"max-video-preview:-1"},"canonical":"https:\/\/unnadeluxe.fi\/fi\/tuote\/elomi-brianna-plunge-bh\/","og_locale":"fi_FI","og_type":"article","og_title":"Elomi Brianna Plunge Bh - Unnadeluxe","og_description":"Brianna \u00e4r en omtyckt ovadderad bh fr\u00e5n Elomi. L\u00e5g i dekolletaget med fina utsmyckade band. Beh\u00e5n ger en fin klyfta utan att trycka upp bysten. Kuporna \u00e4r dekorerade med en vacker spets. Sk\u00f6n bh att anv\u00e4nda b\u00e5de till vardag och fest.","og_url":"https:\/\/unnadeluxe.fi\/fi\/tuote\/elomi-brianna-plunge-bh\/","og_site_name":"Unnadeluxe","article_publisher":"https:\/\/www.facebook.com\/UnnaDeluxe","article_modified_time":"2025-07-14T10:34:02+00:00","og_image":[{"width":2560,"height":2560,"url":"https:\/\/unnadeluxe.fi\/wp-content\/uploads\/2025\/02\/BRIANNA-WHITE-UW-PLUNGE-BRA-EL8080-CUTOUT-WEB-scaled.jpg","type":"image\/jpeg"}],"twitter_card":"summary_large_image","twitter_misc":{"Arvioitu lukuaika":"1 minuutti"},"schema":{"@context":"https:\/\/schema.org","@graph":[{"@type":"WebPage","@id":"https:\/\/unnadeluxe.fi\/produkt\/elomi-brianna-plunge-bh\/","url":"https:\/\/unnadeluxe.fi\/produkt\/elomi-brianna-plunge-bh\/","name":"Elomi Brianna Plunge Bh - Unnadeluxe","isPartOf":{"@id":"https:\/\/unnadeluxe.fi\/#website"},"primaryImageOfPage":{"@id":"https:\/\/unnadeluxe.fi\/produkt\/elomi-brianna-plunge-bh\/#primaryimage"},"image":{"@id":"https:\/\/unnadeluxe.fi\/produkt\/elomi-brianna-plunge-bh\/#primaryimage"},"thumbnailUrl":"https:\/\/unnadeluxe.fi\/wp-content\/uploads\/2025\/02\/BRIANNA-WHITE-UW-PLUNGE-BRA-EL8080-CUTOUT-WEB-scaled.jpg","datePublished":"2025-02-25T19:10:44+00:00","dateModified":"2025-07-14T10:34:02+00:00","breadcrumb":{"@id":"https:\/\/unnadeluxe.fi\/produkt\/elomi-brianna-plunge-bh\/#breadcrumb"},"inLanguage":"fi","potentialAction":[{"@type":"ReadAction","target":["https:\/\/unnadeluxe.fi\/produkt\/elomi-brianna-plunge-bh\/"]}]},{"@type":"ImageObject","inLanguage":"fi","@id":"https:\/\/unnadeluxe.fi\/produkt\/elomi-brianna-plunge-bh\/#primaryimage","url":"https:\/\/unnadeluxe.fi\/wp-content\/uploads\/2025\/02\/BRIANNA-WHITE-UW-PLUNGE-BRA-EL8080-CUTOUT-WEB-scaled.jpg","contentUrl":"https:\/\/unnadeluxe.fi\/wp-content\/uploads\/2025\/02\/BRIANNA-WHITE-UW-PLUNGE-BRA-EL8080-CUTOUT-WEB-scaled.jpg","width":2560,"height":2560},{"@type":"BreadcrumbList","@id":"https:\/\/unnadeluxe.fi\/produkt\/elomi-brianna-plunge-bh\/#breadcrumb","itemListElement":[{"@type":"ListItem","position":1,"name":"Hem","item":"https:\/\/unnadeluxe.fi\/"},{"@type":"ListItem","position":2,"name":"Shop","item":"https:\/\/unnadeluxe.fi\/shop\/"},{"@type":"ListItem","position":3,"name":"Elomi Brianna Plunge Bh"}]},{"@type":"WebSite","@id":"https:\/\/unnadeluxe.fi\/#website","url":"https:\/\/unnadeluxe.fi\/","name":"Unnadeluxe","description":"UnnaDeluxe","publisher":{"@id":"https:\/\/unnadeluxe.fi\/#organization"},"potentialAction":[{"@type":"SearchAction","target":{"@type":"EntryPoint","urlTemplate":"https:\/\/unnadeluxe.fi\/?s={search_term_string}"},"query-input":{"@type":"PropertyValueSpecification","valueRequired":true,"valueName":"search_term_string"}}],"inLanguage":"fi"},{"@type":"Organization","@id":"https:\/\/unnadeluxe.fi\/#organization","name":"Unnadeluxe","url":"https:\/\/unnadeluxe.fi\/","logo":{"@type":"ImageObject","inLanguage":"fi","@id":"https:\/\/unnadeluxe.fi\/#\/schema\/logo\/image\/","url":"https:\/\/unnadeluxe.fi\/wp-content\/uploads\/2022\/09\/Unna-logo-lingerie-black-and-gold.png","contentUrl":"https:\/\/unnadeluxe.fi\/wp-content\/uploads\/2022\/09\/Unna-logo-lingerie-black-and-gold.png","width":3150,"height":3937,"caption":"Unnadeluxe"},"image":{"@id":"https:\/\/unnadeluxe.fi\/#\/schema\/logo\/image\/"},"sameAs":["https:\/\/www.facebook.com\/UnnaDeluxe"]}]}},"_links":{"self":[{"href":"https:\/\/unnadeluxe.fi\/fi\/wp-json\/wp\/v2\/product\/2814","targetHints":{"allow":["GET"]}}],"collection":[{"href":"https:\/\/unnadeluxe.fi\/fi\/wp-json\/wp\/v2\/product"}],"about":[{"href":"https:\/\/unnadeluxe.fi\/fi\/wp-json\/wp\/v2\/types\/product"}],"wp:featuredmedia":[{"embeddable":true,"href":"https:\/\/unnadeluxe.fi\/fi\/wp-json\/wp\/v2\/media\/2856"}],"wp:attachment":[{"href":"https:\/\/unnadeluxe.fi\/fi\/wp-json\/wp\/v2\/media?parent=2814"}],"wp:term":[{"taxonomy":"product_brand","embeddable":true,"href":"https:\/\/unnadeluxe.fi\/fi\/wp-json\/wp\/v2\/product_brand?post=2814"},{"taxonomy":"product_cat","embeddable":true,"href":"https:\/\/unnadeluxe.fi\/fi\/wp-json\/wp\/v2\/product_cat?post=2814"},{"taxonomy":"product_tag","embeddable":true,"href":"https:\/\/unnadeluxe.fi\/fi\/wp-json\/wp\/v2\/product_tag?post=2814"}],"curies":[{"name":"wp","href":"https:\/\/api.w.org\/{rel}","templated":true}]}}