{"id":2543,"date":"2025-02-18T15:53:55","date_gmt":"2025-02-18T15:53:55","guid":{"rendered":"https:\/\/unnadeluxe.fi\/?post_type=product&#038;p=2543"},"modified":"2026-01-10T09:54:39","modified_gmt":"2026-01-10T09:54:39","slug":"lingadore-daily-lace-bygel-bh","status":"publish","type":"product","link":"https:\/\/unnadeluxe.fi\/fi\/tuote\/lingadore-daily-lace-bygel-bh\/","title":{"rendered":"Lingadore Daily Lace Bygel Bh"},"content":{"rendered":"<p>Ovadderad Bygelbh i spets och med helkupa.<br \/>\nF\u00e4rg:Tawny Port, Vinr\u00f6d<br \/>\n63% Polyamide 20% Elasthan 17% Cotton<\/p>","protected":false},"excerpt":{"rendered":"<p>Lingadore Daily Lace \u00e4r en riktigt omtyckt ovadderad spets bh med bygel. Denna bh med helkupa passar utm\u00e4rkt \u00e4ven f\u00f6r tunga och st\u00f6rre br\u00f6st. Bra passform, breda axelband och supersk\u00f6n bh f\u00f6r den som vill ha en bra bh till ett f\u00f6rm\u00e5nligare pris. Denna ovadderade bygelbh str\u00e4cker sig till H-kupa.<\/p>","protected":false},"featured_media":2583,"template":"","meta":[],"product_brand":[77],"product_cat":[28,55,69],"product_tag":[],"class_list":{"0":"post-2543","1":"product","2":"type-product","3":"status-publish","4":"has-post-thumbnail","6":"product_brand-lingadore","7":"product_cat-bhn","8":"product_cat-bygel-bh","9":"product_cat-rea","11":"first","12":"instock","13":"sale","14":"taxable","15":"shipping-taxable","16":"purchasable","17":"product-type-variable"},"yoast_head":"<!-- This site is optimized with the Yoast SEO plugin v27.1.1 - https:\/\/yoast.com\/product\/yoast-seo-wordpress\/ -->\n<title>Lingadore Daily Lace Bygel Bh - Unnadeluxe<\/title>\n<meta name=\"robots\" content=\"index, follow, max-snippet:-1, max-image-preview:large, max-video-preview:-1\" \/>\n<link rel=\"canonical\" href=\"https:\/\/unnadeluxe.fi\/fi\/tuote\/lingadore-daily-lace-bygel-bh\/\" \/>\n<meta property=\"og:locale\" content=\"fi_FI\" \/>\n<meta property=\"og:type\" content=\"article\" \/>\n<meta property=\"og:title\" content=\"Lingadore Daily Lace Bygel Bh - Unnadeluxe\" \/>\n<meta property=\"og:description\" content=\"Lingadore Daily Lace \u00e4r en riktigt omtyckt ovadderad spets bh med bygel. Denna bh med helkupa passar utm\u00e4rkt \u00e4ven f\u00f6r tunga och st\u00f6rre br\u00f6st. Bra passform, breda axelband och supersk\u00f6n bh f\u00f6r den som vill ha en bra bh till ett f\u00f6rm\u00e5nligare pris. Denna ovadderade bygelbh str\u00e4cker sig till H-kupa.\" \/>\n<meta property=\"og:url\" content=\"https:\/\/unnadeluxe.fi\/fi\/tuote\/lingadore-daily-lace-bygel-bh\/\" \/>\n<meta property=\"og:site_name\" content=\"Unnadeluxe\" \/>\n<meta property=\"article:publisher\" content=\"https:\/\/www.facebook.com\/UnnaDeluxe\" \/>\n<meta property=\"article:modified_time\" content=\"2026-01-10T09:54:39+00:00\" \/>\n<meta property=\"og:image\" content=\"https:\/\/unnadeluxe.fi\/wp-content\/uploads\/2025\/02\/343d29e6468947d5967480d1cefdc840-scaled.webp\" \/>\n\t<meta property=\"og:image:width\" content=\"1772\" \/>\n\t<meta property=\"og:image:height\" content=\"2560\" \/>\n\t<meta property=\"og:image:type\" content=\"image\/webp\" \/>\n<meta name=\"twitter:card\" content=\"summary_large_image\" \/>\n<meta name=\"twitter:label1\" content=\"Arvioitu lukuaika\" \/>\n\t<meta name=\"twitter:data1\" content=\"1 minuutti\" \/>\n<script type=\"application\/ld+json\" class=\"yoast-schema-graph\">{\"@context\":\"https:\/\/schema.org\",\"@graph\":[{\"@type\":\"WebPage\",\"@id\":\"https:\/\/unnadeluxe.fi\/produkt\/lingadore-daily-lace-bygel-bh\/\",\"url\":\"https:\/\/unnadeluxe.fi\/produkt\/lingadore-daily-lace-bygel-bh\/\",\"name\":\"Lingadore Daily Lace Bygel Bh - Unnadeluxe\",\"isPartOf\":{\"@id\":\"https:\/\/unnadeluxe.fi\/#website\"},\"primaryImageOfPage\":{\"@id\":\"https:\/\/unnadeluxe.fi\/produkt\/lingadore-daily-lace-bygel-bh\/#primaryimage\"},\"image\":{\"@id\":\"https:\/\/unnadeluxe.fi\/produkt\/lingadore-daily-lace-bygel-bh\/#primaryimage\"},\"thumbnailUrl\":\"https:\/\/unnadeluxe.fi\/wp-content\/uploads\/2025\/02\/343d29e6468947d5967480d1cefdc840-scaled.webp\",\"datePublished\":\"2025-02-18T15:53:55+00:00\",\"dateModified\":\"2026-01-10T09:54:39+00:00\",\"breadcrumb\":{\"@id\":\"https:\/\/unnadeluxe.fi\/produkt\/lingadore-daily-lace-bygel-bh\/#breadcrumb\"},\"inLanguage\":\"fi\",\"potentialAction\":[{\"@type\":\"ReadAction\",\"target\":[\"https:\/\/unnadeluxe.fi\/produkt\/lingadore-daily-lace-bygel-bh\/\"]}]},{\"@type\":\"ImageObject\",\"inLanguage\":\"fi\",\"@id\":\"https:\/\/unnadeluxe.fi\/produkt\/lingadore-daily-lace-bygel-bh\/#primaryimage\",\"url\":\"https:\/\/unnadeluxe.fi\/wp-content\/uploads\/2025\/02\/343d29e6468947d5967480d1cefdc840-scaled.webp\",\"contentUrl\":\"https:\/\/unnadeluxe.fi\/wp-content\/uploads\/2025\/02\/343d29e6468947d5967480d1cefdc840-scaled.webp\",\"width\":1772,\"height\":2560},{\"@type\":\"BreadcrumbList\",\"@id\":\"https:\/\/unnadeluxe.fi\/produkt\/lingadore-daily-lace-bygel-bh\/#breadcrumb\",\"itemListElement\":[{\"@type\":\"ListItem\",\"position\":1,\"name\":\"Hem\",\"item\":\"https:\/\/unnadeluxe.fi\/\"},{\"@type\":\"ListItem\",\"position\":2,\"name\":\"Shop\",\"item\":\"https:\/\/unnadeluxe.fi\/shop\/\"},{\"@type\":\"ListItem\",\"position\":3,\"name\":\"Lingadore Daily Lace Bygel Bh\"}]},{\"@type\":\"WebSite\",\"@id\":\"https:\/\/unnadeluxe.fi\/#website\",\"url\":\"https:\/\/unnadeluxe.fi\/\",\"name\":\"Unnadeluxe\",\"description\":\"UnnaDeluxe\",\"publisher\":{\"@id\":\"https:\/\/unnadeluxe.fi\/#organization\"},\"potentialAction\":[{\"@type\":\"SearchAction\",\"target\":{\"@type\":\"EntryPoint\",\"urlTemplate\":\"https:\/\/unnadeluxe.fi\/?s={search_term_string}\"},\"query-input\":{\"@type\":\"PropertyValueSpecification\",\"valueRequired\":true,\"valueName\":\"search_term_string\"}}],\"inLanguage\":\"fi\"},{\"@type\":\"Organization\",\"@id\":\"https:\/\/unnadeluxe.fi\/#organization\",\"name\":\"Unnadeluxe\",\"url\":\"https:\/\/unnadeluxe.fi\/\",\"logo\":{\"@type\":\"ImageObject\",\"inLanguage\":\"fi\",\"@id\":\"https:\/\/unnadeluxe.fi\/#\/schema\/logo\/image\/\",\"url\":\"https:\/\/unnadeluxe.fi\/wp-content\/uploads\/2022\/09\/Unna-logo-lingerie-black-and-gold.png\",\"contentUrl\":\"https:\/\/unnadeluxe.fi\/wp-content\/uploads\/2022\/09\/Unna-logo-lingerie-black-and-gold.png\",\"width\":3150,\"height\":3937,\"caption\":\"Unnadeluxe\"},\"image\":{\"@id\":\"https:\/\/unnadeluxe.fi\/#\/schema\/logo\/image\/\"},\"sameAs\":[\"https:\/\/www.facebook.com\/UnnaDeluxe\"]}]}<\/script>\n<!-- \/ Yoast SEO plugin. -->","yoast_head_json":{"title":"Lingadore Daily Lace Bygel Bh - Unnadeluxe","robots":{"index":"index","follow":"follow","max-snippet":"max-snippet:-1","max-image-preview":"max-image-preview:large","max-video-preview":"max-video-preview:-1"},"canonical":"https:\/\/unnadeluxe.fi\/fi\/tuote\/lingadore-daily-lace-bygel-bh\/","og_locale":"fi_FI","og_type":"article","og_title":"Lingadore Daily Lace Bygel Bh - Unnadeluxe","og_description":"Lingadore Daily Lace \u00e4r en riktigt omtyckt ovadderad spets bh med bygel. Denna bh med helkupa passar utm\u00e4rkt \u00e4ven f\u00f6r tunga och st\u00f6rre br\u00f6st. Bra passform, breda axelband och supersk\u00f6n bh f\u00f6r den som vill ha en bra bh till ett f\u00f6rm\u00e5nligare pris. Denna ovadderade bygelbh str\u00e4cker sig till H-kupa.","og_url":"https:\/\/unnadeluxe.fi\/fi\/tuote\/lingadore-daily-lace-bygel-bh\/","og_site_name":"Unnadeluxe","article_publisher":"https:\/\/www.facebook.com\/UnnaDeluxe","article_modified_time":"2026-01-10T09:54:39+00:00","og_image":[{"width":1772,"height":2560,"url":"https:\/\/unnadeluxe.fi\/wp-content\/uploads\/2025\/02\/343d29e6468947d5967480d1cefdc840-scaled.webp","type":"image\/webp"}],"twitter_card":"summary_large_image","twitter_misc":{"Arvioitu lukuaika":"1 minuutti"},"schema":{"@context":"https:\/\/schema.org","@graph":[{"@type":"WebPage","@id":"https:\/\/unnadeluxe.fi\/produkt\/lingadore-daily-lace-bygel-bh\/","url":"https:\/\/unnadeluxe.fi\/produkt\/lingadore-daily-lace-bygel-bh\/","name":"Lingadore Daily Lace Bygel Bh - Unnadeluxe","isPartOf":{"@id":"https:\/\/unnadeluxe.fi\/#website"},"primaryImageOfPage":{"@id":"https:\/\/unnadeluxe.fi\/produkt\/lingadore-daily-lace-bygel-bh\/#primaryimage"},"image":{"@id":"https:\/\/unnadeluxe.fi\/produkt\/lingadore-daily-lace-bygel-bh\/#primaryimage"},"thumbnailUrl":"https:\/\/unnadeluxe.fi\/wp-content\/uploads\/2025\/02\/343d29e6468947d5967480d1cefdc840-scaled.webp","datePublished":"2025-02-18T15:53:55+00:00","dateModified":"2026-01-10T09:54:39+00:00","breadcrumb":{"@id":"https:\/\/unnadeluxe.fi\/produkt\/lingadore-daily-lace-bygel-bh\/#breadcrumb"},"inLanguage":"fi","potentialAction":[{"@type":"ReadAction","target":["https:\/\/unnadeluxe.fi\/produkt\/lingadore-daily-lace-bygel-bh\/"]}]},{"@type":"ImageObject","inLanguage":"fi","@id":"https:\/\/unnadeluxe.fi\/produkt\/lingadore-daily-lace-bygel-bh\/#primaryimage","url":"https:\/\/unnadeluxe.fi\/wp-content\/uploads\/2025\/02\/343d29e6468947d5967480d1cefdc840-scaled.webp","contentUrl":"https:\/\/unnadeluxe.fi\/wp-content\/uploads\/2025\/02\/343d29e6468947d5967480d1cefdc840-scaled.webp","width":1772,"height":2560},{"@type":"BreadcrumbList","@id":"https:\/\/unnadeluxe.fi\/produkt\/lingadore-daily-lace-bygel-bh\/#breadcrumb","itemListElement":[{"@type":"ListItem","position":1,"name":"Hem","item":"https:\/\/unnadeluxe.fi\/"},{"@type":"ListItem","position":2,"name":"Shop","item":"https:\/\/unnadeluxe.fi\/shop\/"},{"@type":"ListItem","position":3,"name":"Lingadore Daily Lace Bygel Bh"}]},{"@type":"WebSite","@id":"https:\/\/unnadeluxe.fi\/#website","url":"https:\/\/unnadeluxe.fi\/","name":"Unnadeluxe","description":"UnnaDeluxe","publisher":{"@id":"https:\/\/unnadeluxe.fi\/#organization"},"potentialAction":[{"@type":"SearchAction","target":{"@type":"EntryPoint","urlTemplate":"https:\/\/unnadeluxe.fi\/?s={search_term_string}"},"query-input":{"@type":"PropertyValueSpecification","valueRequired":true,"valueName":"search_term_string"}}],"inLanguage":"fi"},{"@type":"Organization","@id":"https:\/\/unnadeluxe.fi\/#organization","name":"Unnadeluxe","url":"https:\/\/unnadeluxe.fi\/","logo":{"@type":"ImageObject","inLanguage":"fi","@id":"https:\/\/unnadeluxe.fi\/#\/schema\/logo\/image\/","url":"https:\/\/unnadeluxe.fi\/wp-content\/uploads\/2022\/09\/Unna-logo-lingerie-black-and-gold.png","contentUrl":"https:\/\/unnadeluxe.fi\/wp-content\/uploads\/2022\/09\/Unna-logo-lingerie-black-and-gold.png","width":3150,"height":3937,"caption":"Unnadeluxe"},"image":{"@id":"https:\/\/unnadeluxe.fi\/#\/schema\/logo\/image\/"},"sameAs":["https:\/\/www.facebook.com\/UnnaDeluxe"]}]}},"_links":{"self":[{"href":"https:\/\/unnadeluxe.fi\/fi\/wp-json\/wp\/v2\/product\/2543","targetHints":{"allow":["GET"]}}],"collection":[{"href":"https:\/\/unnadeluxe.fi\/fi\/wp-json\/wp\/v2\/product"}],"about":[{"href":"https:\/\/unnadeluxe.fi\/fi\/wp-json\/wp\/v2\/types\/product"}],"wp:featuredmedia":[{"embeddable":true,"href":"https:\/\/unnadeluxe.fi\/fi\/wp-json\/wp\/v2\/media\/2583"}],"wp:attachment":[{"href":"https:\/\/unnadeluxe.fi\/fi\/wp-json\/wp\/v2\/media?parent=2543"}],"wp:term":[{"taxonomy":"product_brand","embeddable":true,"href":"https:\/\/unnadeluxe.fi\/fi\/wp-json\/wp\/v2\/product_brand?post=2543"},{"taxonomy":"product_cat","embeddable":true,"href":"https:\/\/unnadeluxe.fi\/fi\/wp-json\/wp\/v2\/product_cat?post=2543"},{"taxonomy":"product_tag","embeddable":true,"href":"https:\/\/unnadeluxe.fi\/fi\/wp-json\/wp\/v2\/product_tag?post=2543"}],"curies":[{"name":"wp","href":"https:\/\/api.w.org\/{rel}","templated":true}]}}