{"id":2456,"date":"2025-02-15T08:37:29","date_gmt":"2025-02-15T08:37:29","guid":{"rendered":"https:\/\/unnadeluxe.fi\/?post_type=product&#038;p=2456"},"modified":"2025-12-04T21:38:31","modified_gmt":"2025-12-04T21:38:31","slug":"lingadore-daily-t-shirt-bh-4","status":"publish","type":"product","link":"https:\/\/unnadeluxe.fi\/fi\/tuote\/lingadore-daily-t-shirt-bh-4\/","title":{"rendered":"Lingadore Daily T-shirt Bh"},"content":{"rendered":"<p>Lingadore Daily t-shirt bh \u00e4r en sl\u00e4t, l\u00e4ttvadderad bygelbh.<br \/>\nTv\u00e4ttr\u00e5d: Handtv\u00e4tt, 30 grader fintv\u00e4tt,b\u00f6r ej torktumlas<br \/>\nF\u00e4rg: Ivory<br \/>\n80% Polyamide 20% Elasthan<\/p>","protected":false},"excerpt":{"rendered":"<p>Lingadore Daily t-shirt bh \u00e4r en sl\u00e4t, l\u00e4ttvadderad bygelbh som formar sig mjukt \u00f6ver bysten<br \/>\nhysk- och hak kn\u00e4ppning, f\u00f6rst\u00e4rk sido och ryggparti, justerbara axelband.<br \/>\nDenna bh \u00e4r en av v\u00e5ra mest s\u00e5lda bh\u00b4n. En b\u00e4stseller fr\u00e5n baskollektionen. <\/p>","protected":false},"featured_media":2493,"template":"","meta":[],"product_brand":[77],"product_cat":[28,55,58,57],"product_tag":[],"class_list":{"0":"post-2456","1":"product","2":"type-product","3":"status-publish","4":"has-post-thumbnail","6":"product_brand-lingadore","7":"product_cat-bhn","8":"product_cat-bygel-bh","9":"product_cat-t-shirt-bh","10":"product_cat-vadderad-bh","12":"first","13":"instock","14":"taxable","15":"shipping-taxable","16":"purchasable","17":"product-type-variable"},"yoast_head":"<!-- This site is optimized with the Yoast SEO plugin v27.1.1 - https:\/\/yoast.com\/product\/yoast-seo-wordpress\/ -->\n<title>Lingadore Daily T-shirt Bh - Unnadeluxe<\/title>\n<meta name=\"robots\" content=\"index, follow, max-snippet:-1, max-image-preview:large, max-video-preview:-1\" \/>\n<link rel=\"canonical\" href=\"https:\/\/unnadeluxe.fi\/fi\/tuote\/lingadore-daily-t-shirt-bh-4\/\" \/>\n<meta property=\"og:locale\" content=\"fi_FI\" \/>\n<meta property=\"og:type\" content=\"article\" \/>\n<meta property=\"og:title\" content=\"Lingadore Daily T-shirt Bh - Unnadeluxe\" \/>\n<meta property=\"og:description\" content=\"Lingadore Daily t-shirt bh \u00e4r en sl\u00e4t, l\u00e4ttvadderad bygelbh som formar sig mjukt \u00f6ver bysten hysk- och hak kn\u00e4ppning, f\u00f6rst\u00e4rk sido och ryggparti, justerbara axelband. Denna bh \u00e4r en av v\u00e5ra mest s\u00e5lda bh\u00b4n. En b\u00e4stseller fr\u00e5n baskollektionen.\" \/>\n<meta property=\"og:url\" content=\"https:\/\/unnadeluxe.fi\/fi\/tuote\/lingadore-daily-t-shirt-bh-4\/\" \/>\n<meta property=\"og:site_name\" content=\"Unnadeluxe\" \/>\n<meta property=\"article:publisher\" content=\"https:\/\/www.facebook.com\/UnnaDeluxe\" \/>\n<meta property=\"article:modified_time\" content=\"2025-12-04T21:38:31+00:00\" \/>\n<meta property=\"og:image\" content=\"https:\/\/unnadeluxe.fi\/wp-content\/uploads\/2025\/02\/1400-1_04-B_06-scaled.jpg\" \/>\n\t<meta property=\"og:image:width\" content=\"2560\" \/>\n\t<meta property=\"og:image:height\" content=\"2560\" \/>\n\t<meta property=\"og:image:type\" content=\"image\/jpeg\" \/>\n<meta name=\"twitter:card\" content=\"summary_large_image\" \/>\n<meta name=\"twitter:label1\" content=\"Arvioitu lukuaika\" \/>\n\t<meta name=\"twitter:data1\" content=\"1 minuutti\" \/>\n<script type=\"application\/ld+json\" class=\"yoast-schema-graph\">{\"@context\":\"https:\/\/schema.org\",\"@graph\":[{\"@type\":\"WebPage\",\"@id\":\"https:\/\/unnadeluxe.fi\/produkt\/lingadore-daily-t-shirt-bh-4\/\",\"url\":\"https:\/\/unnadeluxe.fi\/produkt\/lingadore-daily-t-shirt-bh-4\/\",\"name\":\"Lingadore Daily T-shirt Bh - Unnadeluxe\",\"isPartOf\":{\"@id\":\"https:\/\/unnadeluxe.fi\/#website\"},\"primaryImageOfPage\":{\"@id\":\"https:\/\/unnadeluxe.fi\/produkt\/lingadore-daily-t-shirt-bh-4\/#primaryimage\"},\"image\":{\"@id\":\"https:\/\/unnadeluxe.fi\/produkt\/lingadore-daily-t-shirt-bh-4\/#primaryimage\"},\"thumbnailUrl\":\"https:\/\/unnadeluxe.fi\/wp-content\/uploads\/2025\/02\/1400-1_04-B_06-scaled.jpg\",\"datePublished\":\"2025-02-15T08:37:29+00:00\",\"dateModified\":\"2025-12-04T21:38:31+00:00\",\"breadcrumb\":{\"@id\":\"https:\/\/unnadeluxe.fi\/produkt\/lingadore-daily-t-shirt-bh-4\/#breadcrumb\"},\"inLanguage\":\"fi\",\"potentialAction\":[{\"@type\":\"ReadAction\",\"target\":[\"https:\/\/unnadeluxe.fi\/produkt\/lingadore-daily-t-shirt-bh-4\/\"]}]},{\"@type\":\"ImageObject\",\"inLanguage\":\"fi\",\"@id\":\"https:\/\/unnadeluxe.fi\/produkt\/lingadore-daily-t-shirt-bh-4\/#primaryimage\",\"url\":\"https:\/\/unnadeluxe.fi\/wp-content\/uploads\/2025\/02\/1400-1_04-B_06-scaled.jpg\",\"contentUrl\":\"https:\/\/unnadeluxe.fi\/wp-content\/uploads\/2025\/02\/1400-1_04-B_06-scaled.jpg\",\"width\":2560,\"height\":2560},{\"@type\":\"BreadcrumbList\",\"@id\":\"https:\/\/unnadeluxe.fi\/produkt\/lingadore-daily-t-shirt-bh-4\/#breadcrumb\",\"itemListElement\":[{\"@type\":\"ListItem\",\"position\":1,\"name\":\"Hem\",\"item\":\"https:\/\/unnadeluxe.fi\/\"},{\"@type\":\"ListItem\",\"position\":2,\"name\":\"Shop\",\"item\":\"https:\/\/unnadeluxe.fi\/shop\/\"},{\"@type\":\"ListItem\",\"position\":3,\"name\":\"Lingadore Daily T-shirt Bh\"}]},{\"@type\":\"WebSite\",\"@id\":\"https:\/\/unnadeluxe.fi\/#website\",\"url\":\"https:\/\/unnadeluxe.fi\/\",\"name\":\"Unnadeluxe\",\"description\":\"UnnaDeluxe\",\"publisher\":{\"@id\":\"https:\/\/unnadeluxe.fi\/#organization\"},\"potentialAction\":[{\"@type\":\"SearchAction\",\"target\":{\"@type\":\"EntryPoint\",\"urlTemplate\":\"https:\/\/unnadeluxe.fi\/?s={search_term_string}\"},\"query-input\":{\"@type\":\"PropertyValueSpecification\",\"valueRequired\":true,\"valueName\":\"search_term_string\"}}],\"inLanguage\":\"fi\"},{\"@type\":\"Organization\",\"@id\":\"https:\/\/unnadeluxe.fi\/#organization\",\"name\":\"Unnadeluxe\",\"url\":\"https:\/\/unnadeluxe.fi\/\",\"logo\":{\"@type\":\"ImageObject\",\"inLanguage\":\"fi\",\"@id\":\"https:\/\/unnadeluxe.fi\/#\/schema\/logo\/image\/\",\"url\":\"https:\/\/unnadeluxe.fi\/wp-content\/uploads\/2022\/09\/Unna-logo-lingerie-black-and-gold.png\",\"contentUrl\":\"https:\/\/unnadeluxe.fi\/wp-content\/uploads\/2022\/09\/Unna-logo-lingerie-black-and-gold.png\",\"width\":3150,\"height\":3937,\"caption\":\"Unnadeluxe\"},\"image\":{\"@id\":\"https:\/\/unnadeluxe.fi\/#\/schema\/logo\/image\/\"},\"sameAs\":[\"https:\/\/www.facebook.com\/UnnaDeluxe\"]}]}<\/script>\n<!-- \/ Yoast SEO plugin. -->","yoast_head_json":{"title":"Lingadore Daily T-shirt Bh - Unnadeluxe","robots":{"index":"index","follow":"follow","max-snippet":"max-snippet:-1","max-image-preview":"max-image-preview:large","max-video-preview":"max-video-preview:-1"},"canonical":"https:\/\/unnadeluxe.fi\/fi\/tuote\/lingadore-daily-t-shirt-bh-4\/","og_locale":"fi_FI","og_type":"article","og_title":"Lingadore Daily T-shirt Bh - Unnadeluxe","og_description":"Lingadore Daily t-shirt bh \u00e4r en sl\u00e4t, l\u00e4ttvadderad bygelbh som formar sig mjukt \u00f6ver bysten hysk- och hak kn\u00e4ppning, f\u00f6rst\u00e4rk sido och ryggparti, justerbara axelband. Denna bh \u00e4r en av v\u00e5ra mest s\u00e5lda bh\u00b4n. En b\u00e4stseller fr\u00e5n baskollektionen.","og_url":"https:\/\/unnadeluxe.fi\/fi\/tuote\/lingadore-daily-t-shirt-bh-4\/","og_site_name":"Unnadeluxe","article_publisher":"https:\/\/www.facebook.com\/UnnaDeluxe","article_modified_time":"2025-12-04T21:38:31+00:00","og_image":[{"width":2560,"height":2560,"url":"https:\/\/unnadeluxe.fi\/wp-content\/uploads\/2025\/02\/1400-1_04-B_06-scaled.jpg","type":"image\/jpeg"}],"twitter_card":"summary_large_image","twitter_misc":{"Arvioitu lukuaika":"1 minuutti"},"schema":{"@context":"https:\/\/schema.org","@graph":[{"@type":"WebPage","@id":"https:\/\/unnadeluxe.fi\/produkt\/lingadore-daily-t-shirt-bh-4\/","url":"https:\/\/unnadeluxe.fi\/produkt\/lingadore-daily-t-shirt-bh-4\/","name":"Lingadore Daily T-shirt Bh - Unnadeluxe","isPartOf":{"@id":"https:\/\/unnadeluxe.fi\/#website"},"primaryImageOfPage":{"@id":"https:\/\/unnadeluxe.fi\/produkt\/lingadore-daily-t-shirt-bh-4\/#primaryimage"},"image":{"@id":"https:\/\/unnadeluxe.fi\/produkt\/lingadore-daily-t-shirt-bh-4\/#primaryimage"},"thumbnailUrl":"https:\/\/unnadeluxe.fi\/wp-content\/uploads\/2025\/02\/1400-1_04-B_06-scaled.jpg","datePublished":"2025-02-15T08:37:29+00:00","dateModified":"2025-12-04T21:38:31+00:00","breadcrumb":{"@id":"https:\/\/unnadeluxe.fi\/produkt\/lingadore-daily-t-shirt-bh-4\/#breadcrumb"},"inLanguage":"fi","potentialAction":[{"@type":"ReadAction","target":["https:\/\/unnadeluxe.fi\/produkt\/lingadore-daily-t-shirt-bh-4\/"]}]},{"@type":"ImageObject","inLanguage":"fi","@id":"https:\/\/unnadeluxe.fi\/produkt\/lingadore-daily-t-shirt-bh-4\/#primaryimage","url":"https:\/\/unnadeluxe.fi\/wp-content\/uploads\/2025\/02\/1400-1_04-B_06-scaled.jpg","contentUrl":"https:\/\/unnadeluxe.fi\/wp-content\/uploads\/2025\/02\/1400-1_04-B_06-scaled.jpg","width":2560,"height":2560},{"@type":"BreadcrumbList","@id":"https:\/\/unnadeluxe.fi\/produkt\/lingadore-daily-t-shirt-bh-4\/#breadcrumb","itemListElement":[{"@type":"ListItem","position":1,"name":"Hem","item":"https:\/\/unnadeluxe.fi\/"},{"@type":"ListItem","position":2,"name":"Shop","item":"https:\/\/unnadeluxe.fi\/shop\/"},{"@type":"ListItem","position":3,"name":"Lingadore Daily T-shirt Bh"}]},{"@type":"WebSite","@id":"https:\/\/unnadeluxe.fi\/#website","url":"https:\/\/unnadeluxe.fi\/","name":"Unnadeluxe","description":"UnnaDeluxe","publisher":{"@id":"https:\/\/unnadeluxe.fi\/#organization"},"potentialAction":[{"@type":"SearchAction","target":{"@type":"EntryPoint","urlTemplate":"https:\/\/unnadeluxe.fi\/?s={search_term_string}"},"query-input":{"@type":"PropertyValueSpecification","valueRequired":true,"valueName":"search_term_string"}}],"inLanguage":"fi"},{"@type":"Organization","@id":"https:\/\/unnadeluxe.fi\/#organization","name":"Unnadeluxe","url":"https:\/\/unnadeluxe.fi\/","logo":{"@type":"ImageObject","inLanguage":"fi","@id":"https:\/\/unnadeluxe.fi\/#\/schema\/logo\/image\/","url":"https:\/\/unnadeluxe.fi\/wp-content\/uploads\/2022\/09\/Unna-logo-lingerie-black-and-gold.png","contentUrl":"https:\/\/unnadeluxe.fi\/wp-content\/uploads\/2022\/09\/Unna-logo-lingerie-black-and-gold.png","width":3150,"height":3937,"caption":"Unnadeluxe"},"image":{"@id":"https:\/\/unnadeluxe.fi\/#\/schema\/logo\/image\/"},"sameAs":["https:\/\/www.facebook.com\/UnnaDeluxe"]}]}},"_links":{"self":[{"href":"https:\/\/unnadeluxe.fi\/fi\/wp-json\/wp\/v2\/product\/2456","targetHints":{"allow":["GET"]}}],"collection":[{"href":"https:\/\/unnadeluxe.fi\/fi\/wp-json\/wp\/v2\/product"}],"about":[{"href":"https:\/\/unnadeluxe.fi\/fi\/wp-json\/wp\/v2\/types\/product"}],"wp:featuredmedia":[{"embeddable":true,"href":"https:\/\/unnadeluxe.fi\/fi\/wp-json\/wp\/v2\/media\/2493"}],"wp:attachment":[{"href":"https:\/\/unnadeluxe.fi\/fi\/wp-json\/wp\/v2\/media?parent=2456"}],"wp:term":[{"taxonomy":"product_brand","embeddable":true,"href":"https:\/\/unnadeluxe.fi\/fi\/wp-json\/wp\/v2\/product_brand?post=2456"},{"taxonomy":"product_cat","embeddable":true,"href":"https:\/\/unnadeluxe.fi\/fi\/wp-json\/wp\/v2\/product_cat?post=2456"},{"taxonomy":"product_tag","embeddable":true,"href":"https:\/\/unnadeluxe.fi\/fi\/wp-json\/wp\/v2\/product_tag?post=2456"}],"curies":[{"name":"wp","href":"https:\/\/api.w.org\/{rel}","templated":true}]}}