{"id":2322,"date":"2025-02-10T16:25:36","date_gmt":"2025-02-10T16:25:36","guid":{"rendered":"https:\/\/unnadeluxe.fi\/?post_type=product&#038;p=2322"},"modified":"2025-02-10T16:51:17","modified_gmt":"2025-02-10T16:51:17","slug":"arbetsstrumpa-coolmax-2-pack","status":"publish","type":"product","link":"https:\/\/unnadeluxe.fi\/fi\/tuote\/arbetsstrumpa-coolmax-2-pack\/","title":{"rendered":"Arbetsstrumpa Coolmax  2-pack"},"content":{"rendered":"<p>65% Coolmax, 20% bomull, 15% polyamid.<br \/>\nTv\u00e4ttr\u00e5d:60\u00b0 tv\u00e4tt.<br \/>\nCertifikat:Inneh\u00e5ller inga h\u00e4lsofarliga \u00e4mnen enligt \u00d6KO-TEX 100<br \/>\n37\/39,40\/42,43\/45,46\/48<\/p>","protected":false},"excerpt":{"rendered":"<p>Slitstarka arbetssockar med extra l\u00f6s res\u00e5r och tunn ovansida f\u00f6r b\u00e4sta passform. H\u00f6gsta kvalit\u00e9 som h\u00e5ller dina f\u00f6tter v\u00e4lm\u00e5ende och torra hela dagen. Arbetssockorna har extra slitstark frott\u00e9sula samt res\u00e5rstickning som h\u00e5ller sockarna p\u00e5 plats. Inneh\u00e5ller inga h\u00e4lsofarliga \u00e4mnen enligt \u00d6KO-TEX 100<br \/>\nVad \u00e4r COOLMAX?<br \/>\nDet \u00e4r en typ av fukttransporterande tyg som anv\u00e4nds fr\u00e4mst i sportkl\u00e4der, tr\u00e4ningskl\u00e4der, och andra plagg som \u00e4r avsedda f\u00f6r aktiviteter med h\u00f6g intensitet och svettning. Coolmax\u00ae-tyget \u00e4r tillverkat av mikrofiberpolyester med speciella fukttransporterande egenskaper.<\/p>","protected":false},"featured_media":2327,"template":"","meta":[],"product_brand":[],"product_cat":[30,50],"product_tag":[],"class_list":{"0":"post-2322","1":"product","2":"type-product","3":"status-publish","4":"has-post-thumbnail","6":"product_cat-strumpor","7":"product_cat-herrstrumpor","9":"first","10":"instock","11":"taxable","12":"shipping-taxable","13":"purchasable","14":"product-type-variable"},"yoast_head":"<!-- This site is optimized with the Yoast SEO plugin v27.1.1 - https:\/\/yoast.com\/product\/yoast-seo-wordpress\/ -->\n<title>Arbetsstrumpa Coolmax 2-pack - Unnadeluxe<\/title>\n<meta name=\"robots\" content=\"index, follow, max-snippet:-1, max-image-preview:large, max-video-preview:-1\" \/>\n<link rel=\"canonical\" href=\"https:\/\/unnadeluxe.fi\/fi\/tuote\/arbetsstrumpa-coolmax-2-pack\/\" \/>\n<meta property=\"og:locale\" content=\"fi_FI\" \/>\n<meta property=\"og:type\" content=\"article\" \/>\n<meta property=\"og:title\" content=\"Arbetsstrumpa Coolmax 2-pack - Unnadeluxe\" \/>\n<meta property=\"og:description\" content=\"Slitstarka arbetssockar med extra l\u00f6s res\u00e5r och tunn ovansida f\u00f6r b\u00e4sta passform. H\u00f6gsta kvalit\u00e9 som h\u00e5ller dina f\u00f6tter v\u00e4lm\u00e5ende och torra hela dagen. Arbetssockorna har extra slitstark frott\u00e9sula samt res\u00e5rstickning som h\u00e5ller sockarna p\u00e5 plats. Inneh\u00e5ller inga h\u00e4lsofarliga \u00e4mnen enligt \u00d6KO-TEX 100 Vad \u00e4r COOLMAX? Det \u00e4r en typ av fukttransporterande tyg som anv\u00e4nds fr\u00e4mst i sportkl\u00e4der, tr\u00e4ningskl\u00e4der, och andra plagg som \u00e4r avsedda f\u00f6r aktiviteter med h\u00f6g intensitet och svettning. Coolmax\u00ae-tyget \u00e4r tillverkat av mikrofiberpolyester med speciella fukttransporterande egenskaper.\" \/>\n<meta property=\"og:url\" content=\"https:\/\/unnadeluxe.fi\/fi\/tuote\/arbetsstrumpa-coolmax-2-pack\/\" \/>\n<meta property=\"og:site_name\" content=\"Unnadeluxe\" \/>\n<meta property=\"article:publisher\" content=\"https:\/\/www.facebook.com\/UnnaDeluxe\" \/>\n<meta property=\"article:modified_time\" content=\"2025-02-10T16:51:17+00:00\" \/>\n<meta property=\"og:image\" content=\"https:\/\/unnadeluxe.fi\/wp-content\/uploads\/2025\/02\/00000054400-scaled.jpg\" \/>\n\t<meta property=\"og:image:width\" content=\"1969\" \/>\n\t<meta property=\"og:image:height\" content=\"2560\" \/>\n\t<meta property=\"og:image:type\" content=\"image\/jpeg\" \/>\n<meta name=\"twitter:card\" content=\"summary_large_image\" \/>\n<meta name=\"twitter:label1\" content=\"Arvioitu lukuaika\" \/>\n\t<meta name=\"twitter:data1\" content=\"1 minuutti\" \/>\n<script type=\"application\/ld+json\" class=\"yoast-schema-graph\">{\"@context\":\"https:\/\/schema.org\",\"@graph\":[{\"@type\":\"WebPage\",\"@id\":\"https:\/\/unnadeluxe.fi\/produkt\/arbetsstrumpa-coolmax-2-pack\/\",\"url\":\"https:\/\/unnadeluxe.fi\/produkt\/arbetsstrumpa-coolmax-2-pack\/\",\"name\":\"Arbetsstrumpa Coolmax 2-pack - Unnadeluxe\",\"isPartOf\":{\"@id\":\"https:\/\/unnadeluxe.fi\/#website\"},\"primaryImageOfPage\":{\"@id\":\"https:\/\/unnadeluxe.fi\/produkt\/arbetsstrumpa-coolmax-2-pack\/#primaryimage\"},\"image\":{\"@id\":\"https:\/\/unnadeluxe.fi\/produkt\/arbetsstrumpa-coolmax-2-pack\/#primaryimage\"},\"thumbnailUrl\":\"https:\/\/unnadeluxe.fi\/wp-content\/uploads\/2025\/02\/00000054400-scaled.jpg\",\"datePublished\":\"2025-02-10T16:25:36+00:00\",\"dateModified\":\"2025-02-10T16:51:17+00:00\",\"breadcrumb\":{\"@id\":\"https:\/\/unnadeluxe.fi\/produkt\/arbetsstrumpa-coolmax-2-pack\/#breadcrumb\"},\"inLanguage\":\"fi\",\"potentialAction\":[{\"@type\":\"ReadAction\",\"target\":[\"https:\/\/unnadeluxe.fi\/produkt\/arbetsstrumpa-coolmax-2-pack\/\"]}]},{\"@type\":\"ImageObject\",\"inLanguage\":\"fi\",\"@id\":\"https:\/\/unnadeluxe.fi\/produkt\/arbetsstrumpa-coolmax-2-pack\/#primaryimage\",\"url\":\"https:\/\/unnadeluxe.fi\/wp-content\/uploads\/2025\/02\/00000054400-scaled.jpg\",\"contentUrl\":\"https:\/\/unnadeluxe.fi\/wp-content\/uploads\/2025\/02\/00000054400-scaled.jpg\",\"width\":1969,\"height\":2560},{\"@type\":\"BreadcrumbList\",\"@id\":\"https:\/\/unnadeluxe.fi\/produkt\/arbetsstrumpa-coolmax-2-pack\/#breadcrumb\",\"itemListElement\":[{\"@type\":\"ListItem\",\"position\":1,\"name\":\"Hem\",\"item\":\"https:\/\/unnadeluxe.fi\/\"},{\"@type\":\"ListItem\",\"position\":2,\"name\":\"Shop\",\"item\":\"https:\/\/unnadeluxe.fi\/shop\/\"},{\"@type\":\"ListItem\",\"position\":3,\"name\":\"Arbetsstrumpa Coolmax 2-pack\"}]},{\"@type\":\"WebSite\",\"@id\":\"https:\/\/unnadeluxe.fi\/#website\",\"url\":\"https:\/\/unnadeluxe.fi\/\",\"name\":\"Unnadeluxe\",\"description\":\"UnnaDeluxe\",\"publisher\":{\"@id\":\"https:\/\/unnadeluxe.fi\/#organization\"},\"potentialAction\":[{\"@type\":\"SearchAction\",\"target\":{\"@type\":\"EntryPoint\",\"urlTemplate\":\"https:\/\/unnadeluxe.fi\/?s={search_term_string}\"},\"query-input\":{\"@type\":\"PropertyValueSpecification\",\"valueRequired\":true,\"valueName\":\"search_term_string\"}}],\"inLanguage\":\"fi\"},{\"@type\":\"Organization\",\"@id\":\"https:\/\/unnadeluxe.fi\/#organization\",\"name\":\"Unnadeluxe\",\"url\":\"https:\/\/unnadeluxe.fi\/\",\"logo\":{\"@type\":\"ImageObject\",\"inLanguage\":\"fi\",\"@id\":\"https:\/\/unnadeluxe.fi\/#\/schema\/logo\/image\/\",\"url\":\"https:\/\/unnadeluxe.fi\/wp-content\/uploads\/2022\/09\/Unna-logo-lingerie-black-and-gold.png\",\"contentUrl\":\"https:\/\/unnadeluxe.fi\/wp-content\/uploads\/2022\/09\/Unna-logo-lingerie-black-and-gold.png\",\"width\":3150,\"height\":3937,\"caption\":\"Unnadeluxe\"},\"image\":{\"@id\":\"https:\/\/unnadeluxe.fi\/#\/schema\/logo\/image\/\"},\"sameAs\":[\"https:\/\/www.facebook.com\/UnnaDeluxe\"]}]}<\/script>\n<!-- \/ Yoast SEO plugin. -->","yoast_head_json":{"title":"Arbetsstrumpa Coolmax 2-pack - Unnadeluxe","robots":{"index":"index","follow":"follow","max-snippet":"max-snippet:-1","max-image-preview":"max-image-preview:large","max-video-preview":"max-video-preview:-1"},"canonical":"https:\/\/unnadeluxe.fi\/fi\/tuote\/arbetsstrumpa-coolmax-2-pack\/","og_locale":"fi_FI","og_type":"article","og_title":"Arbetsstrumpa Coolmax 2-pack - Unnadeluxe","og_description":"Slitstarka arbetssockar med extra l\u00f6s res\u00e5r och tunn ovansida f\u00f6r b\u00e4sta passform. H\u00f6gsta kvalit\u00e9 som h\u00e5ller dina f\u00f6tter v\u00e4lm\u00e5ende och torra hela dagen. Arbetssockorna har extra slitstark frott\u00e9sula samt res\u00e5rstickning som h\u00e5ller sockarna p\u00e5 plats. Inneh\u00e5ller inga h\u00e4lsofarliga \u00e4mnen enligt \u00d6KO-TEX 100 Vad \u00e4r COOLMAX? Det \u00e4r en typ av fukttransporterande tyg som anv\u00e4nds fr\u00e4mst i sportkl\u00e4der, tr\u00e4ningskl\u00e4der, och andra plagg som \u00e4r avsedda f\u00f6r aktiviteter med h\u00f6g intensitet och svettning. Coolmax\u00ae-tyget \u00e4r tillverkat av mikrofiberpolyester med speciella fukttransporterande egenskaper.","og_url":"https:\/\/unnadeluxe.fi\/fi\/tuote\/arbetsstrumpa-coolmax-2-pack\/","og_site_name":"Unnadeluxe","article_publisher":"https:\/\/www.facebook.com\/UnnaDeluxe","article_modified_time":"2025-02-10T16:51:17+00:00","og_image":[{"width":1969,"height":2560,"url":"https:\/\/unnadeluxe.fi\/wp-content\/uploads\/2025\/02\/00000054400-scaled.jpg","type":"image\/jpeg"}],"twitter_card":"summary_large_image","twitter_misc":{"Arvioitu lukuaika":"1 minuutti"},"schema":{"@context":"https:\/\/schema.org","@graph":[{"@type":"WebPage","@id":"https:\/\/unnadeluxe.fi\/produkt\/arbetsstrumpa-coolmax-2-pack\/","url":"https:\/\/unnadeluxe.fi\/produkt\/arbetsstrumpa-coolmax-2-pack\/","name":"Arbetsstrumpa Coolmax 2-pack - Unnadeluxe","isPartOf":{"@id":"https:\/\/unnadeluxe.fi\/#website"},"primaryImageOfPage":{"@id":"https:\/\/unnadeluxe.fi\/produkt\/arbetsstrumpa-coolmax-2-pack\/#primaryimage"},"image":{"@id":"https:\/\/unnadeluxe.fi\/produkt\/arbetsstrumpa-coolmax-2-pack\/#primaryimage"},"thumbnailUrl":"https:\/\/unnadeluxe.fi\/wp-content\/uploads\/2025\/02\/00000054400-scaled.jpg","datePublished":"2025-02-10T16:25:36+00:00","dateModified":"2025-02-10T16:51:17+00:00","breadcrumb":{"@id":"https:\/\/unnadeluxe.fi\/produkt\/arbetsstrumpa-coolmax-2-pack\/#breadcrumb"},"inLanguage":"fi","potentialAction":[{"@type":"ReadAction","target":["https:\/\/unnadeluxe.fi\/produkt\/arbetsstrumpa-coolmax-2-pack\/"]}]},{"@type":"ImageObject","inLanguage":"fi","@id":"https:\/\/unnadeluxe.fi\/produkt\/arbetsstrumpa-coolmax-2-pack\/#primaryimage","url":"https:\/\/unnadeluxe.fi\/wp-content\/uploads\/2025\/02\/00000054400-scaled.jpg","contentUrl":"https:\/\/unnadeluxe.fi\/wp-content\/uploads\/2025\/02\/00000054400-scaled.jpg","width":1969,"height":2560},{"@type":"BreadcrumbList","@id":"https:\/\/unnadeluxe.fi\/produkt\/arbetsstrumpa-coolmax-2-pack\/#breadcrumb","itemListElement":[{"@type":"ListItem","position":1,"name":"Hem","item":"https:\/\/unnadeluxe.fi\/"},{"@type":"ListItem","position":2,"name":"Shop","item":"https:\/\/unnadeluxe.fi\/shop\/"},{"@type":"ListItem","position":3,"name":"Arbetsstrumpa Coolmax 2-pack"}]},{"@type":"WebSite","@id":"https:\/\/unnadeluxe.fi\/#website","url":"https:\/\/unnadeluxe.fi\/","name":"Unnadeluxe","description":"UnnaDeluxe","publisher":{"@id":"https:\/\/unnadeluxe.fi\/#organization"},"potentialAction":[{"@type":"SearchAction","target":{"@type":"EntryPoint","urlTemplate":"https:\/\/unnadeluxe.fi\/?s={search_term_string}"},"query-input":{"@type":"PropertyValueSpecification","valueRequired":true,"valueName":"search_term_string"}}],"inLanguage":"fi"},{"@type":"Organization","@id":"https:\/\/unnadeluxe.fi\/#organization","name":"Unnadeluxe","url":"https:\/\/unnadeluxe.fi\/","logo":{"@type":"ImageObject","inLanguage":"fi","@id":"https:\/\/unnadeluxe.fi\/#\/schema\/logo\/image\/","url":"https:\/\/unnadeluxe.fi\/wp-content\/uploads\/2022\/09\/Unna-logo-lingerie-black-and-gold.png","contentUrl":"https:\/\/unnadeluxe.fi\/wp-content\/uploads\/2022\/09\/Unna-logo-lingerie-black-and-gold.png","width":3150,"height":3937,"caption":"Unnadeluxe"},"image":{"@id":"https:\/\/unnadeluxe.fi\/#\/schema\/logo\/image\/"},"sameAs":["https:\/\/www.facebook.com\/UnnaDeluxe"]}]}},"_links":{"self":[{"href":"https:\/\/unnadeluxe.fi\/fi\/wp-json\/wp\/v2\/product\/2322","targetHints":{"allow":["GET"]}}],"collection":[{"href":"https:\/\/unnadeluxe.fi\/fi\/wp-json\/wp\/v2\/product"}],"about":[{"href":"https:\/\/unnadeluxe.fi\/fi\/wp-json\/wp\/v2\/types\/product"}],"wp:featuredmedia":[{"embeddable":true,"href":"https:\/\/unnadeluxe.fi\/fi\/wp-json\/wp\/v2\/media\/2327"}],"wp:attachment":[{"href":"https:\/\/unnadeluxe.fi\/fi\/wp-json\/wp\/v2\/media?parent=2322"}],"wp:term":[{"taxonomy":"product_brand","embeddable":true,"href":"https:\/\/unnadeluxe.fi\/fi\/wp-json\/wp\/v2\/product_brand?post=2322"},{"taxonomy":"product_cat","embeddable":true,"href":"https:\/\/unnadeluxe.fi\/fi\/wp-json\/wp\/v2\/product_cat?post=2322"},{"taxonomy":"product_tag","embeddable":true,"href":"https:\/\/unnadeluxe.fi\/fi\/wp-json\/wp\/v2\/product_tag?post=2322"}],"curies":[{"name":"wp","href":"https:\/\/api.w.org\/{rel}","templated":true}]}}