{"id":2314,"date":"2025-02-10T16:13:47","date_gmt":"2025-02-10T16:13:47","guid":{"rendered":"https:\/\/unnadeluxe.fi\/?post_type=product&#038;p=2314"},"modified":"2025-07-16T14:57:36","modified_gmt":"2025-07-16T14:57:36","slug":"bambu-t-shirt-3","status":"publish","type":"product","link":"https:\/\/unnadeluxe.fi\/fi\/tuote\/bambu-t-shirt-3\/","title":{"rendered":"Bambu T-shirt"},"content":{"rendered":"<p>Armygr\u00f6n Rundhalsad T-shirt i mjuk  bambu. 1-PACK<br \/>\n67% viskos av bambu, 28% bomull, 5% elastan.<br \/>\nTv\u00e4ttr\u00e5d:60\u00b0 tv\u00e4tt<br \/>\nS-XXL<\/p>","protected":false},"excerpt":{"rendered":"<p>Rundhalsad T-shirt i mjuk och sk\u00f6n viskos av bambu. Bambuns naturliga egenskaper g\u00f6r att fukt transporteras bort fr\u00e5n kroppen och h\u00e5ller huden fr\u00e4sch l\u00e4ngre. Mjuka s\u00f6mmar som inte skaver.<br \/>\nLIFE WEAR\u00ae Bamboo. Ekologiskt odlad r\u00e5vara minskar milj\u00f6p\u00e5verkan. Runda mjuka fibrer f\u00f6r optimal komfort. Naturliga egenskaper h\u00e5ller materialet fr\u00e4scht l\u00e4ngre.<\/p>","protected":false},"featured_media":2320,"template":"","meta":[],"product_brand":[94],"product_cat":[39,41],"product_tag":[],"class_list":{"0":"post-2314","1":"product","2":"type-product","3":"status-publish","4":"has-post-thumbnail","6":"product_brand-life-wear","7":"product_cat-bambuklader","8":"product_cat-trojor","10":"first","11":"instock","12":"taxable","13":"shipping-taxable","14":"purchasable","15":"product-type-variable"},"yoast_head":"<!-- This site is optimized with the Yoast SEO plugin v27.1.1 - https:\/\/yoast.com\/product\/yoast-seo-wordpress\/ -->\n<title>Bambu T-shirt - Unnadeluxe<\/title>\n<meta name=\"robots\" content=\"index, follow, max-snippet:-1, max-image-preview:large, max-video-preview:-1\" \/>\n<link rel=\"canonical\" href=\"https:\/\/unnadeluxe.fi\/fi\/tuote\/bambu-t-shirt-3\/\" \/>\n<meta property=\"og:locale\" content=\"fi_FI\" \/>\n<meta property=\"og:type\" content=\"article\" \/>\n<meta property=\"og:title\" content=\"Bambu T-shirt - Unnadeluxe\" \/>\n<meta property=\"og:description\" content=\"Rundhalsad T-shirt i mjuk och sk\u00f6n viskos av bambu. Bambuns naturliga egenskaper g\u00f6r att fukt transporteras bort fr\u00e5n kroppen och h\u00e5ller huden fr\u00e4sch l\u00e4ngre. Mjuka s\u00f6mmar som inte skaver. LIFE WEAR\u00ae Bamboo. Ekologiskt odlad r\u00e5vara minskar milj\u00f6p\u00e5verkan. Runda mjuka fibrer f\u00f6r optimal komfort. Naturliga egenskaper h\u00e5ller materialet fr\u00e4scht l\u00e4ngre.\" \/>\n<meta property=\"og:url\" content=\"https:\/\/unnadeluxe.fi\/fi\/tuote\/bambu-t-shirt-3\/\" \/>\n<meta property=\"og:site_name\" content=\"Unnadeluxe\" \/>\n<meta property=\"article:publisher\" content=\"https:\/\/www.facebook.com\/UnnaDeluxe\" \/>\n<meta property=\"article:modified_time\" content=\"2025-07-16T14:57:36+00:00\" \/>\n<meta property=\"og:image\" content=\"https:\/\/unnadeluxe.fi\/wp-content\/uploads\/2025\/02\/000091727G6-615x800.png\" \/>\n\t<meta property=\"og:image:width\" content=\"615\" \/>\n\t<meta property=\"og:image:height\" content=\"800\" \/>\n\t<meta property=\"og:image:type\" content=\"image\/png\" \/>\n<meta name=\"twitter:card\" content=\"summary_large_image\" \/>\n<meta name=\"twitter:label1\" content=\"Arvioitu lukuaika\" \/>\n\t<meta name=\"twitter:data1\" content=\"1 minuutti\" \/>\n<script type=\"application\/ld+json\" class=\"yoast-schema-graph\">{\"@context\":\"https:\/\/schema.org\",\"@graph\":[{\"@type\":\"WebPage\",\"@id\":\"https:\/\/unnadeluxe.fi\/produkt\/bambu-t-shirt-3\/\",\"url\":\"https:\/\/unnadeluxe.fi\/produkt\/bambu-t-shirt-3\/\",\"name\":\"Bambu T-shirt - Unnadeluxe\",\"isPartOf\":{\"@id\":\"https:\/\/unnadeluxe.fi\/#website\"},\"primaryImageOfPage\":{\"@id\":\"https:\/\/unnadeluxe.fi\/produkt\/bambu-t-shirt-3\/#primaryimage\"},\"image\":{\"@id\":\"https:\/\/unnadeluxe.fi\/produkt\/bambu-t-shirt-3\/#primaryimage\"},\"thumbnailUrl\":\"https:\/\/unnadeluxe.fi\/wp-content\/uploads\/2025\/02\/000091727G6.png\",\"datePublished\":\"2025-02-10T16:13:47+00:00\",\"dateModified\":\"2025-07-16T14:57:36+00:00\",\"breadcrumb\":{\"@id\":\"https:\/\/unnadeluxe.fi\/produkt\/bambu-t-shirt-3\/#breadcrumb\"},\"inLanguage\":\"fi\",\"potentialAction\":[{\"@type\":\"ReadAction\",\"target\":[\"https:\/\/unnadeluxe.fi\/produkt\/bambu-t-shirt-3\/\"]}]},{\"@type\":\"ImageObject\",\"inLanguage\":\"fi\",\"@id\":\"https:\/\/unnadeluxe.fi\/produkt\/bambu-t-shirt-3\/#primaryimage\",\"url\":\"https:\/\/unnadeluxe.fi\/wp-content\/uploads\/2025\/02\/000091727G6.png\",\"contentUrl\":\"https:\/\/unnadeluxe.fi\/wp-content\/uploads\/2025\/02\/000091727G6.png\",\"width\":2400,\"height\":3120},{\"@type\":\"BreadcrumbList\",\"@id\":\"https:\/\/unnadeluxe.fi\/produkt\/bambu-t-shirt-3\/#breadcrumb\",\"itemListElement\":[{\"@type\":\"ListItem\",\"position\":1,\"name\":\"Hem\",\"item\":\"https:\/\/unnadeluxe.fi\/\"},{\"@type\":\"ListItem\",\"position\":2,\"name\":\"Shop\",\"item\":\"https:\/\/unnadeluxe.fi\/shop\/\"},{\"@type\":\"ListItem\",\"position\":3,\"name\":\"Bambu T-shirt\"}]},{\"@type\":\"WebSite\",\"@id\":\"https:\/\/unnadeluxe.fi\/#website\",\"url\":\"https:\/\/unnadeluxe.fi\/\",\"name\":\"Unnadeluxe\",\"description\":\"UnnaDeluxe\",\"publisher\":{\"@id\":\"https:\/\/unnadeluxe.fi\/#organization\"},\"potentialAction\":[{\"@type\":\"SearchAction\",\"target\":{\"@type\":\"EntryPoint\",\"urlTemplate\":\"https:\/\/unnadeluxe.fi\/?s={search_term_string}\"},\"query-input\":{\"@type\":\"PropertyValueSpecification\",\"valueRequired\":true,\"valueName\":\"search_term_string\"}}],\"inLanguage\":\"fi\"},{\"@type\":\"Organization\",\"@id\":\"https:\/\/unnadeluxe.fi\/#organization\",\"name\":\"Unnadeluxe\",\"url\":\"https:\/\/unnadeluxe.fi\/\",\"logo\":{\"@type\":\"ImageObject\",\"inLanguage\":\"fi\",\"@id\":\"https:\/\/unnadeluxe.fi\/#\/schema\/logo\/image\/\",\"url\":\"https:\/\/unnadeluxe.fi\/wp-content\/uploads\/2022\/09\/Unna-logo-lingerie-black-and-gold.png\",\"contentUrl\":\"https:\/\/unnadeluxe.fi\/wp-content\/uploads\/2022\/09\/Unna-logo-lingerie-black-and-gold.png\",\"width\":3150,\"height\":3937,\"caption\":\"Unnadeluxe\"},\"image\":{\"@id\":\"https:\/\/unnadeluxe.fi\/#\/schema\/logo\/image\/\"},\"sameAs\":[\"https:\/\/www.facebook.com\/UnnaDeluxe\"]}]}<\/script>\n<!-- \/ Yoast SEO plugin. -->","yoast_head_json":{"title":"Bambu T-shirt - Unnadeluxe","robots":{"index":"index","follow":"follow","max-snippet":"max-snippet:-1","max-image-preview":"max-image-preview:large","max-video-preview":"max-video-preview:-1"},"canonical":"https:\/\/unnadeluxe.fi\/fi\/tuote\/bambu-t-shirt-3\/","og_locale":"fi_FI","og_type":"article","og_title":"Bambu T-shirt - Unnadeluxe","og_description":"Rundhalsad T-shirt i mjuk och sk\u00f6n viskos av bambu. Bambuns naturliga egenskaper g\u00f6r att fukt transporteras bort fr\u00e5n kroppen och h\u00e5ller huden fr\u00e4sch l\u00e4ngre. Mjuka s\u00f6mmar som inte skaver. LIFE WEAR\u00ae Bamboo. Ekologiskt odlad r\u00e5vara minskar milj\u00f6p\u00e5verkan. Runda mjuka fibrer f\u00f6r optimal komfort. Naturliga egenskaper h\u00e5ller materialet fr\u00e4scht l\u00e4ngre.","og_url":"https:\/\/unnadeluxe.fi\/fi\/tuote\/bambu-t-shirt-3\/","og_site_name":"Unnadeluxe","article_publisher":"https:\/\/www.facebook.com\/UnnaDeluxe","article_modified_time":"2025-07-16T14:57:36+00:00","og_image":[{"width":615,"height":800,"url":"https:\/\/unnadeluxe.fi\/wp-content\/uploads\/2025\/02\/000091727G6-615x800.png","type":"image\/png"}],"twitter_card":"summary_large_image","twitter_misc":{"Arvioitu lukuaika":"1 minuutti"},"schema":{"@context":"https:\/\/schema.org","@graph":[{"@type":"WebPage","@id":"https:\/\/unnadeluxe.fi\/produkt\/bambu-t-shirt-3\/","url":"https:\/\/unnadeluxe.fi\/produkt\/bambu-t-shirt-3\/","name":"Bambu T-shirt - Unnadeluxe","isPartOf":{"@id":"https:\/\/unnadeluxe.fi\/#website"},"primaryImageOfPage":{"@id":"https:\/\/unnadeluxe.fi\/produkt\/bambu-t-shirt-3\/#primaryimage"},"image":{"@id":"https:\/\/unnadeluxe.fi\/produkt\/bambu-t-shirt-3\/#primaryimage"},"thumbnailUrl":"https:\/\/unnadeluxe.fi\/wp-content\/uploads\/2025\/02\/000091727G6.png","datePublished":"2025-02-10T16:13:47+00:00","dateModified":"2025-07-16T14:57:36+00:00","breadcrumb":{"@id":"https:\/\/unnadeluxe.fi\/produkt\/bambu-t-shirt-3\/#breadcrumb"},"inLanguage":"fi","potentialAction":[{"@type":"ReadAction","target":["https:\/\/unnadeluxe.fi\/produkt\/bambu-t-shirt-3\/"]}]},{"@type":"ImageObject","inLanguage":"fi","@id":"https:\/\/unnadeluxe.fi\/produkt\/bambu-t-shirt-3\/#primaryimage","url":"https:\/\/unnadeluxe.fi\/wp-content\/uploads\/2025\/02\/000091727G6.png","contentUrl":"https:\/\/unnadeluxe.fi\/wp-content\/uploads\/2025\/02\/000091727G6.png","width":2400,"height":3120},{"@type":"BreadcrumbList","@id":"https:\/\/unnadeluxe.fi\/produkt\/bambu-t-shirt-3\/#breadcrumb","itemListElement":[{"@type":"ListItem","position":1,"name":"Hem","item":"https:\/\/unnadeluxe.fi\/"},{"@type":"ListItem","position":2,"name":"Shop","item":"https:\/\/unnadeluxe.fi\/shop\/"},{"@type":"ListItem","position":3,"name":"Bambu T-shirt"}]},{"@type":"WebSite","@id":"https:\/\/unnadeluxe.fi\/#website","url":"https:\/\/unnadeluxe.fi\/","name":"Unnadeluxe","description":"UnnaDeluxe","publisher":{"@id":"https:\/\/unnadeluxe.fi\/#organization"},"potentialAction":[{"@type":"SearchAction","target":{"@type":"EntryPoint","urlTemplate":"https:\/\/unnadeluxe.fi\/?s={search_term_string}"},"query-input":{"@type":"PropertyValueSpecification","valueRequired":true,"valueName":"search_term_string"}}],"inLanguage":"fi"},{"@type":"Organization","@id":"https:\/\/unnadeluxe.fi\/#organization","name":"Unnadeluxe","url":"https:\/\/unnadeluxe.fi\/","logo":{"@type":"ImageObject","inLanguage":"fi","@id":"https:\/\/unnadeluxe.fi\/#\/schema\/logo\/image\/","url":"https:\/\/unnadeluxe.fi\/wp-content\/uploads\/2022\/09\/Unna-logo-lingerie-black-and-gold.png","contentUrl":"https:\/\/unnadeluxe.fi\/wp-content\/uploads\/2022\/09\/Unna-logo-lingerie-black-and-gold.png","width":3150,"height":3937,"caption":"Unnadeluxe"},"image":{"@id":"https:\/\/unnadeluxe.fi\/#\/schema\/logo\/image\/"},"sameAs":["https:\/\/www.facebook.com\/UnnaDeluxe"]}]}},"_links":{"self":[{"href":"https:\/\/unnadeluxe.fi\/fi\/wp-json\/wp\/v2\/product\/2314","targetHints":{"allow":["GET"]}}],"collection":[{"href":"https:\/\/unnadeluxe.fi\/fi\/wp-json\/wp\/v2\/product"}],"about":[{"href":"https:\/\/unnadeluxe.fi\/fi\/wp-json\/wp\/v2\/types\/product"}],"wp:featuredmedia":[{"embeddable":true,"href":"https:\/\/unnadeluxe.fi\/fi\/wp-json\/wp\/v2\/media\/2320"}],"wp:attachment":[{"href":"https:\/\/unnadeluxe.fi\/fi\/wp-json\/wp\/v2\/media?parent=2314"}],"wp:term":[{"taxonomy":"product_brand","embeddable":true,"href":"https:\/\/unnadeluxe.fi\/fi\/wp-json\/wp\/v2\/product_brand?post=2314"},{"taxonomy":"product_cat","embeddable":true,"href":"https:\/\/unnadeluxe.fi\/fi\/wp-json\/wp\/v2\/product_cat?post=2314"},{"taxonomy":"product_tag","embeddable":true,"href":"https:\/\/unnadeluxe.fi\/fi\/wp-json\/wp\/v2\/product_tag?post=2314"}],"curies":[{"name":"wp","href":"https:\/\/api.w.org\/{rel}","templated":true}]}}