{"id":2194,"date":"2025-02-08T09:59:25","date_gmt":"2025-02-08T09:59:25","guid":{"rendered":"https:\/\/unnadeluxe.fi\/?post_type=product&#038;p=2194"},"modified":"2025-03-24T13:02:58","modified_gmt":"2025-03-24T13:02:58","slug":"emilia-maxitrosa-bambu-1-pack-2","status":"publish","type":"product","link":"https:\/\/unnadeluxe.fi\/fi\/tuote\/emilia-maxitrosa-bambu-1-pack-2\/","title":{"rendered":"Emilia Maxitrosa Bambu 1-pack"},"content":{"rendered":"<p>Enf\u00e4rgad trosa med h\u00f6g midja i basmodell av mjuk och sk\u00f6n bambu, 1-pack<br \/>\nMaterial: 67% viskos av bambu, 28% bomull, 5% elastan.<br \/>\nTv\u00e4ttr\u00e5d: 60\u00b0 tv\u00e4tt.<br \/>\nF\u00e4rg: Ljusrosa<br \/>\nM-XXL<\/p>","protected":false},"excerpt":{"rendered":"<p>Enf\u00e4rgad trosa med h\u00f6g midja i basmodell av mjuk och sk\u00f6n bambu, 1-pack. Inneh\u00e5ller ekologiskt odlad LIFE WEAR\u00ae Bamboo. Bambu varken vattnas eller besprutas och har v\u00e4sentligt mindre milj\u00f6p\u00e5verkan \u00e4n bomull. Naturliga egenskaper, h\u00e5ller materialet fr\u00e4scht l\u00e4ngre. H\u00e5ller huden sval och verkar fuktighetsreglerande. Runda, lena fibrer som \u00e4r bra f\u00f6r k\u00e4nslig hud. Lyxigt, mjukt och silkeslent.<br \/>\nInneh\u00e5ller inga h\u00e4lsofarliga \u00e4mnen enligt \u00d6KO-TEX 100<\/p>","protected":false},"featured_media":2291,"template":"","meta":[],"product_brand":[],"product_cat":[29,39],"product_tag":[],"class_list":{"0":"post-2194","1":"product","2":"type-product","3":"status-publish","4":"has-post-thumbnail","6":"product_cat-trosor","7":"product_cat-bambuklader","9":"first","10":"instock","11":"taxable","12":"shipping-taxable","13":"purchasable","14":"product-type-variable"},"yoast_head":"<!-- This site is optimized with the Yoast SEO plugin v27.1.1 - https:\/\/yoast.com\/product\/yoast-seo-wordpress\/ -->\n<title>Emilia Maxitrosa Bambu 1-pack - Unnadeluxe<\/title>\n<meta name=\"robots\" content=\"index, follow, max-snippet:-1, max-image-preview:large, max-video-preview:-1\" \/>\n<link rel=\"canonical\" href=\"https:\/\/unnadeluxe.fi\/fi\/tuote\/emilia-maxitrosa-bambu-1-pack-2\/\" \/>\n<meta property=\"og:locale\" content=\"fi_FI\" \/>\n<meta property=\"og:type\" content=\"article\" \/>\n<meta property=\"og:title\" content=\"Emilia Maxitrosa Bambu 1-pack - Unnadeluxe\" \/>\n<meta property=\"og:description\" content=\"Enf\u00e4rgad trosa med h\u00f6g midja i basmodell av mjuk och sk\u00f6n bambu, 1-pack. Inneh\u00e5ller ekologiskt odlad LIFE WEAR\u00ae Bamboo. Bambu varken vattnas eller besprutas och har v\u00e4sentligt mindre milj\u00f6p\u00e5verkan \u00e4n bomull. Naturliga egenskaper, h\u00e5ller materialet fr\u00e4scht l\u00e4ngre. H\u00e5ller huden sval och verkar fuktighetsreglerande. Runda, lena fibrer som \u00e4r bra f\u00f6r k\u00e4nslig hud. Lyxigt, mjukt och silkeslent. Inneh\u00e5ller inga h\u00e4lsofarliga \u00e4mnen enligt \u00d6KO-TEX 100\" \/>\n<meta property=\"og:url\" content=\"https:\/\/unnadeluxe.fi\/fi\/tuote\/emilia-maxitrosa-bambu-1-pack-2\/\" \/>\n<meta property=\"og:site_name\" content=\"Unnadeluxe\" \/>\n<meta property=\"article:publisher\" content=\"https:\/\/www.facebook.com\/UnnaDeluxe\" \/>\n<meta property=\"article:modified_time\" content=\"2025-03-24T13:02:58+00:00\" \/>\n<meta property=\"og:image\" content=\"https:\/\/unnadeluxe.fi\/wp-content\/uploads\/2025\/02\/wiges-000079226c3-scaled.jpg\" \/>\n\t<meta property=\"og:image:width\" content=\"2048\" \/>\n\t<meta property=\"og:image:height\" content=\"2560\" \/>\n\t<meta property=\"og:image:type\" content=\"image\/jpeg\" \/>\n<meta name=\"twitter:card\" content=\"summary_large_image\" \/>\n<meta name=\"twitter:label1\" content=\"Arvioitu lukuaika\" \/>\n\t<meta name=\"twitter:data1\" content=\"1 minuutti\" \/>\n<script type=\"application\/ld+json\" class=\"yoast-schema-graph\">{\"@context\":\"https:\/\/schema.org\",\"@graph\":[{\"@type\":\"WebPage\",\"@id\":\"https:\/\/unnadeluxe.fi\/produkt\/emilia-maxitrosa-bambu-1-pack-2\/\",\"url\":\"https:\/\/unnadeluxe.fi\/produkt\/emilia-maxitrosa-bambu-1-pack-2\/\",\"name\":\"Emilia Maxitrosa Bambu 1-pack - Unnadeluxe\",\"isPartOf\":{\"@id\":\"https:\/\/unnadeluxe.fi\/#website\"},\"primaryImageOfPage\":{\"@id\":\"https:\/\/unnadeluxe.fi\/produkt\/emilia-maxitrosa-bambu-1-pack-2\/#primaryimage\"},\"image\":{\"@id\":\"https:\/\/unnadeluxe.fi\/produkt\/emilia-maxitrosa-bambu-1-pack-2\/#primaryimage\"},\"thumbnailUrl\":\"https:\/\/unnadeluxe.fi\/wp-content\/uploads\/2025\/02\/wiges-000079226c3-scaled.jpg\",\"datePublished\":\"2025-02-08T09:59:25+00:00\",\"dateModified\":\"2025-03-24T13:02:58+00:00\",\"breadcrumb\":{\"@id\":\"https:\/\/unnadeluxe.fi\/produkt\/emilia-maxitrosa-bambu-1-pack-2\/#breadcrumb\"},\"inLanguage\":\"fi\",\"potentialAction\":[{\"@type\":\"ReadAction\",\"target\":[\"https:\/\/unnadeluxe.fi\/produkt\/emilia-maxitrosa-bambu-1-pack-2\/\"]}]},{\"@type\":\"ImageObject\",\"inLanguage\":\"fi\",\"@id\":\"https:\/\/unnadeluxe.fi\/produkt\/emilia-maxitrosa-bambu-1-pack-2\/#primaryimage\",\"url\":\"https:\/\/unnadeluxe.fi\/wp-content\/uploads\/2025\/02\/wiges-000079226c3-scaled.jpg\",\"contentUrl\":\"https:\/\/unnadeluxe.fi\/wp-content\/uploads\/2025\/02\/wiges-000079226c3-scaled.jpg\",\"width\":2048,\"height\":2560},{\"@type\":\"BreadcrumbList\",\"@id\":\"https:\/\/unnadeluxe.fi\/produkt\/emilia-maxitrosa-bambu-1-pack-2\/#breadcrumb\",\"itemListElement\":[{\"@type\":\"ListItem\",\"position\":1,\"name\":\"Hem\",\"item\":\"https:\/\/unnadeluxe.fi\/\"},{\"@type\":\"ListItem\",\"position\":2,\"name\":\"Shop\",\"item\":\"https:\/\/unnadeluxe.fi\/shop\/\"},{\"@type\":\"ListItem\",\"position\":3,\"name\":\"Emilia Maxitrosa Bambu 1-pack\"}]},{\"@type\":\"WebSite\",\"@id\":\"https:\/\/unnadeluxe.fi\/#website\",\"url\":\"https:\/\/unnadeluxe.fi\/\",\"name\":\"Unnadeluxe\",\"description\":\"UnnaDeluxe\",\"publisher\":{\"@id\":\"https:\/\/unnadeluxe.fi\/#organization\"},\"potentialAction\":[{\"@type\":\"SearchAction\",\"target\":{\"@type\":\"EntryPoint\",\"urlTemplate\":\"https:\/\/unnadeluxe.fi\/?s={search_term_string}\"},\"query-input\":{\"@type\":\"PropertyValueSpecification\",\"valueRequired\":true,\"valueName\":\"search_term_string\"}}],\"inLanguage\":\"fi\"},{\"@type\":\"Organization\",\"@id\":\"https:\/\/unnadeluxe.fi\/#organization\",\"name\":\"Unnadeluxe\",\"url\":\"https:\/\/unnadeluxe.fi\/\",\"logo\":{\"@type\":\"ImageObject\",\"inLanguage\":\"fi\",\"@id\":\"https:\/\/unnadeluxe.fi\/#\/schema\/logo\/image\/\",\"url\":\"https:\/\/unnadeluxe.fi\/wp-content\/uploads\/2022\/09\/Unna-logo-lingerie-black-and-gold.png\",\"contentUrl\":\"https:\/\/unnadeluxe.fi\/wp-content\/uploads\/2022\/09\/Unna-logo-lingerie-black-and-gold.png\",\"width\":3150,\"height\":3937,\"caption\":\"Unnadeluxe\"},\"image\":{\"@id\":\"https:\/\/unnadeluxe.fi\/#\/schema\/logo\/image\/\"},\"sameAs\":[\"https:\/\/www.facebook.com\/UnnaDeluxe\"]}]}<\/script>\n<!-- \/ Yoast SEO plugin. -->","yoast_head_json":{"title":"Emilia Maxitrosa Bambu 1-pack - Unnadeluxe","robots":{"index":"index","follow":"follow","max-snippet":"max-snippet:-1","max-image-preview":"max-image-preview:large","max-video-preview":"max-video-preview:-1"},"canonical":"https:\/\/unnadeluxe.fi\/fi\/tuote\/emilia-maxitrosa-bambu-1-pack-2\/","og_locale":"fi_FI","og_type":"article","og_title":"Emilia Maxitrosa Bambu 1-pack - Unnadeluxe","og_description":"Enf\u00e4rgad trosa med h\u00f6g midja i basmodell av mjuk och sk\u00f6n bambu, 1-pack. Inneh\u00e5ller ekologiskt odlad LIFE WEAR\u00ae Bamboo. Bambu varken vattnas eller besprutas och har v\u00e4sentligt mindre milj\u00f6p\u00e5verkan \u00e4n bomull. Naturliga egenskaper, h\u00e5ller materialet fr\u00e4scht l\u00e4ngre. H\u00e5ller huden sval och verkar fuktighetsreglerande. Runda, lena fibrer som \u00e4r bra f\u00f6r k\u00e4nslig hud. Lyxigt, mjukt och silkeslent. Inneh\u00e5ller inga h\u00e4lsofarliga \u00e4mnen enligt \u00d6KO-TEX 100","og_url":"https:\/\/unnadeluxe.fi\/fi\/tuote\/emilia-maxitrosa-bambu-1-pack-2\/","og_site_name":"Unnadeluxe","article_publisher":"https:\/\/www.facebook.com\/UnnaDeluxe","article_modified_time":"2025-03-24T13:02:58+00:00","og_image":[{"width":2048,"height":2560,"url":"https:\/\/unnadeluxe.fi\/wp-content\/uploads\/2025\/02\/wiges-000079226c3-scaled.jpg","type":"image\/jpeg"}],"twitter_card":"summary_large_image","twitter_misc":{"Arvioitu lukuaika":"1 minuutti"},"schema":{"@context":"https:\/\/schema.org","@graph":[{"@type":"WebPage","@id":"https:\/\/unnadeluxe.fi\/produkt\/emilia-maxitrosa-bambu-1-pack-2\/","url":"https:\/\/unnadeluxe.fi\/produkt\/emilia-maxitrosa-bambu-1-pack-2\/","name":"Emilia Maxitrosa Bambu 1-pack - Unnadeluxe","isPartOf":{"@id":"https:\/\/unnadeluxe.fi\/#website"},"primaryImageOfPage":{"@id":"https:\/\/unnadeluxe.fi\/produkt\/emilia-maxitrosa-bambu-1-pack-2\/#primaryimage"},"image":{"@id":"https:\/\/unnadeluxe.fi\/produkt\/emilia-maxitrosa-bambu-1-pack-2\/#primaryimage"},"thumbnailUrl":"https:\/\/unnadeluxe.fi\/wp-content\/uploads\/2025\/02\/wiges-000079226c3-scaled.jpg","datePublished":"2025-02-08T09:59:25+00:00","dateModified":"2025-03-24T13:02:58+00:00","breadcrumb":{"@id":"https:\/\/unnadeluxe.fi\/produkt\/emilia-maxitrosa-bambu-1-pack-2\/#breadcrumb"},"inLanguage":"fi","potentialAction":[{"@type":"ReadAction","target":["https:\/\/unnadeluxe.fi\/produkt\/emilia-maxitrosa-bambu-1-pack-2\/"]}]},{"@type":"ImageObject","inLanguage":"fi","@id":"https:\/\/unnadeluxe.fi\/produkt\/emilia-maxitrosa-bambu-1-pack-2\/#primaryimage","url":"https:\/\/unnadeluxe.fi\/wp-content\/uploads\/2025\/02\/wiges-000079226c3-scaled.jpg","contentUrl":"https:\/\/unnadeluxe.fi\/wp-content\/uploads\/2025\/02\/wiges-000079226c3-scaled.jpg","width":2048,"height":2560},{"@type":"BreadcrumbList","@id":"https:\/\/unnadeluxe.fi\/produkt\/emilia-maxitrosa-bambu-1-pack-2\/#breadcrumb","itemListElement":[{"@type":"ListItem","position":1,"name":"Hem","item":"https:\/\/unnadeluxe.fi\/"},{"@type":"ListItem","position":2,"name":"Shop","item":"https:\/\/unnadeluxe.fi\/shop\/"},{"@type":"ListItem","position":3,"name":"Emilia Maxitrosa Bambu 1-pack"}]},{"@type":"WebSite","@id":"https:\/\/unnadeluxe.fi\/#website","url":"https:\/\/unnadeluxe.fi\/","name":"Unnadeluxe","description":"UnnaDeluxe","publisher":{"@id":"https:\/\/unnadeluxe.fi\/#organization"},"potentialAction":[{"@type":"SearchAction","target":{"@type":"EntryPoint","urlTemplate":"https:\/\/unnadeluxe.fi\/?s={search_term_string}"},"query-input":{"@type":"PropertyValueSpecification","valueRequired":true,"valueName":"search_term_string"}}],"inLanguage":"fi"},{"@type":"Organization","@id":"https:\/\/unnadeluxe.fi\/#organization","name":"Unnadeluxe","url":"https:\/\/unnadeluxe.fi\/","logo":{"@type":"ImageObject","inLanguage":"fi","@id":"https:\/\/unnadeluxe.fi\/#\/schema\/logo\/image\/","url":"https:\/\/unnadeluxe.fi\/wp-content\/uploads\/2022\/09\/Unna-logo-lingerie-black-and-gold.png","contentUrl":"https:\/\/unnadeluxe.fi\/wp-content\/uploads\/2022\/09\/Unna-logo-lingerie-black-and-gold.png","width":3150,"height":3937,"caption":"Unnadeluxe"},"image":{"@id":"https:\/\/unnadeluxe.fi\/#\/schema\/logo\/image\/"},"sameAs":["https:\/\/www.facebook.com\/UnnaDeluxe"]}]}},"_links":{"self":[{"href":"https:\/\/unnadeluxe.fi\/fi\/wp-json\/wp\/v2\/product\/2194","targetHints":{"allow":["GET"]}}],"collection":[{"href":"https:\/\/unnadeluxe.fi\/fi\/wp-json\/wp\/v2\/product"}],"about":[{"href":"https:\/\/unnadeluxe.fi\/fi\/wp-json\/wp\/v2\/types\/product"}],"wp:featuredmedia":[{"embeddable":true,"href":"https:\/\/unnadeluxe.fi\/fi\/wp-json\/wp\/v2\/media\/2291"}],"wp:attachment":[{"href":"https:\/\/unnadeluxe.fi\/fi\/wp-json\/wp\/v2\/media?parent=2194"}],"wp:term":[{"taxonomy":"product_brand","embeddable":true,"href":"https:\/\/unnadeluxe.fi\/fi\/wp-json\/wp\/v2\/product_brand?post=2194"},{"taxonomy":"product_cat","embeddable":true,"href":"https:\/\/unnadeluxe.fi\/fi\/wp-json\/wp\/v2\/product_cat?post=2194"},{"taxonomy":"product_tag","embeddable":true,"href":"https:\/\/unnadeluxe.fi\/fi\/wp-json\/wp\/v2\/product_tag?post=2194"}],"curies":[{"name":"wp","href":"https:\/\/api.w.org\/{rel}","templated":true}]}}