{"id":2078,"date":"2025-02-07T07:48:48","date_gmt":"2025-02-07T07:48:48","guid":{"rendered":"https:\/\/unnadeluxe.fi\/?post_type=product&#038;p=2078"},"modified":"2026-04-19T06:32:14","modified_gmt":"2026-04-19T06:32:14","slug":"system-jo-massage-kit-all-in-one","status":"publish","type":"product","link":"https:\/\/unnadeluxe.fi\/fi\/tuote\/system-jo-massage-kit-all-in-one\/","title":{"rendered":"System JO Massage Kit 30ml"},"content":{"rendered":"<p>Massagekit: Silikonbaserad V\u00e4rmande Massage olja 30ml, Handh\u00e5llen massageapparat, Teljus &#038; Massageguide. Detta kit \u00e4r perfekt f\u00f6r en sensuell massage.<br \/>\nDimethicone, Dimethiconol, Capsicum Frutescens Fruit Extract<\/p>","protected":false},"excerpt":{"rendered":"<p>System JO&#8217;s Massage Kit inkluderar allt du beh\u00f6ver f\u00f6r en lyxig, sensuell massage. Den v\u00e4rmande Massageoljan funkar som en massageolja men \u00e4ven som glidmedel.<br \/>\nMassagekitet inneh\u00e5ller \u00e4ven handh\u00e5llen apparat att massera kroppen med samt ett ljus och en massageguide med tips och tekniker p\u00e5 en bra massage.<br \/>\nMassageoljan \u00e4r dryg, det r\u00e4cker endast med n\u00e5gra droppar olja. Massageoljan passar \u00e4ven med de flest leksaker och kondom.<\/p>","protected":false},"featured_media":2079,"template":"","meta":[],"product_brand":[],"product_cat":[70,73,71],"product_tag":[],"class_list":{"0":"post-2078","1":"product","2":"type-product","3":"status-publish","4":"has-post-thumbnail","6":"product_cat-lust-njutning","7":"product_cat-massage-och-glidmedel","8":"product_cat-sexleksaker","10":"first","11":"outofstock","12":"taxable","13":"shipping-taxable","14":"purchasable","15":"product-type-simple"},"yoast_head":"<!-- This site is optimized with the Yoast SEO plugin v27.5 - https:\/\/yoast.com\/product\/yoast-seo-wordpress\/ -->\n<title>System JO Massage Kit 30ml - Unnadeluxe<\/title>\n<meta name=\"robots\" content=\"index, follow, max-snippet:-1, max-image-preview:large, max-video-preview:-1\" \/>\n<link rel=\"canonical\" href=\"https:\/\/unnadeluxe.fi\/fi\/tuote\/system-jo-massage-kit-all-in-one\/\" \/>\n<meta property=\"og:locale\" content=\"fi_FI\" \/>\n<meta property=\"og:type\" content=\"article\" \/>\n<meta property=\"og:title\" content=\"System JO Massage Kit 30ml - Unnadeluxe\" \/>\n<meta property=\"og:description\" content=\"System JO&#039;s Massage Kit inkluderar allt du beh\u00f6ver f\u00f6r en lyxig, sensuell massage. Den v\u00e4rmande Massageoljan funkar som en massageolja men \u00e4ven som glidmedel. Massagekitet inneh\u00e5ller \u00e4ven handh\u00e5llen apparat att massera kroppen med samt ett ljus och en massageguide med tips och tekniker p\u00e5 en bra massage. Massageoljan \u00e4r dryg, det r\u00e4cker endast med n\u00e5gra droppar olja. Massageoljan passar \u00e4ven med de flest leksaker och kondom.\" \/>\n<meta property=\"og:url\" content=\"https:\/\/unnadeluxe.fi\/fi\/tuote\/system-jo-massage-kit-all-in-one\/\" \/>\n<meta property=\"og:site_name\" content=\"Unnadeluxe\" \/>\n<meta property=\"article:publisher\" content=\"https:\/\/www.facebook.com\/UnnaDeluxe\" \/>\n<meta property=\"article:modified_time\" content=\"2026-04-19T06:32:14+00:00\" \/>\n<meta property=\"og:image\" content=\"https:\/\/unnadeluxe.fi\/wp-content\/uploads\/2025\/02\/E25379_mid.jpg\" \/>\n\t<meta property=\"og:image:width\" content=\"350\" \/>\n\t<meta property=\"og:image:height\" content=\"350\" \/>\n\t<meta property=\"og:image:type\" content=\"image\/jpeg\" \/>\n<meta name=\"twitter:card\" content=\"summary_large_image\" \/>\n<meta name=\"twitter:label1\" content=\"Arvioitu lukuaika\" \/>\n\t<meta name=\"twitter:data1\" content=\"1 minuutti\" \/>\n<script type=\"application\/ld+json\" class=\"yoast-schema-graph\">{\"@context\":\"https:\\\/\\\/schema.org\",\"@graph\":[{\"@type\":\"WebPage\",\"@id\":\"https:\\\/\\\/unnadeluxe.fi\\\/produkt\\\/system-jo-massage-kit-all-in-one\\\/\",\"url\":\"https:\\\/\\\/unnadeluxe.fi\\\/produkt\\\/system-jo-massage-kit-all-in-one\\\/\",\"name\":\"System JO Massage Kit 30ml - Unnadeluxe\",\"isPartOf\":{\"@id\":\"https:\\\/\\\/unnadeluxe.fi\\\/#website\"},\"primaryImageOfPage\":{\"@id\":\"https:\\\/\\\/unnadeluxe.fi\\\/produkt\\\/system-jo-massage-kit-all-in-one\\\/#primaryimage\"},\"image\":{\"@id\":\"https:\\\/\\\/unnadeluxe.fi\\\/produkt\\\/system-jo-massage-kit-all-in-one\\\/#primaryimage\"},\"thumbnailUrl\":\"https:\\\/\\\/unnadeluxe.fi\\\/wp-content\\\/uploads\\\/2025\\\/02\\\/E25379_mid.jpg\",\"datePublished\":\"2025-02-07T07:48:48+00:00\",\"dateModified\":\"2026-04-19T06:32:14+00:00\",\"breadcrumb\":{\"@id\":\"https:\\\/\\\/unnadeluxe.fi\\\/produkt\\\/system-jo-massage-kit-all-in-one\\\/#breadcrumb\"},\"inLanguage\":\"fi\",\"potentialAction\":[{\"@type\":\"ReadAction\",\"target\":[\"https:\\\/\\\/unnadeluxe.fi\\\/produkt\\\/system-jo-massage-kit-all-in-one\\\/\"]}]},{\"@type\":\"ImageObject\",\"inLanguage\":\"fi\",\"@id\":\"https:\\\/\\\/unnadeluxe.fi\\\/produkt\\\/system-jo-massage-kit-all-in-one\\\/#primaryimage\",\"url\":\"https:\\\/\\\/unnadeluxe.fi\\\/wp-content\\\/uploads\\\/2025\\\/02\\\/E25379_mid.jpg\",\"contentUrl\":\"https:\\\/\\\/unnadeluxe.fi\\\/wp-content\\\/uploads\\\/2025\\\/02\\\/E25379_mid.jpg\",\"width\":350,\"height\":350},{\"@type\":\"BreadcrumbList\",\"@id\":\"https:\\\/\\\/unnadeluxe.fi\\\/produkt\\\/system-jo-massage-kit-all-in-one\\\/#breadcrumb\",\"itemListElement\":[{\"@type\":\"ListItem\",\"position\":1,\"name\":\"Hem\",\"item\":\"https:\\\/\\\/unnadeluxe.fi\\\/\"},{\"@type\":\"ListItem\",\"position\":2,\"name\":\"Shop\",\"item\":\"https:\\\/\\\/unnadeluxe.fi\\\/shop\\\/\"},{\"@type\":\"ListItem\",\"position\":3,\"name\":\"System JO Massage Kit 30ml\"}]},{\"@type\":\"WebSite\",\"@id\":\"https:\\\/\\\/unnadeluxe.fi\\\/#website\",\"url\":\"https:\\\/\\\/unnadeluxe.fi\\\/\",\"name\":\"Unnadeluxe\",\"description\":\"UnnaDeluxe\",\"publisher\":{\"@id\":\"https:\\\/\\\/unnadeluxe.fi\\\/#organization\"},\"potentialAction\":[{\"@type\":\"SearchAction\",\"target\":{\"@type\":\"EntryPoint\",\"urlTemplate\":\"https:\\\/\\\/unnadeluxe.fi\\\/?s={search_term_string}\"},\"query-input\":{\"@type\":\"PropertyValueSpecification\",\"valueRequired\":true,\"valueName\":\"search_term_string\"}}],\"inLanguage\":\"fi\"},{\"@type\":\"Organization\",\"@id\":\"https:\\\/\\\/unnadeluxe.fi\\\/#organization\",\"name\":\"Unnadeluxe\",\"url\":\"https:\\\/\\\/unnadeluxe.fi\\\/\",\"logo\":{\"@type\":\"ImageObject\",\"inLanguage\":\"fi\",\"@id\":\"https:\\\/\\\/unnadeluxe.fi\\\/#\\\/schema\\\/logo\\\/image\\\/\",\"url\":\"https:\\\/\\\/unnadeluxe.fi\\\/wp-content\\\/uploads\\\/2022\\\/09\\\/Unna-logo-lingerie-black-and-gold.png\",\"contentUrl\":\"https:\\\/\\\/unnadeluxe.fi\\\/wp-content\\\/uploads\\\/2022\\\/09\\\/Unna-logo-lingerie-black-and-gold.png\",\"width\":3150,\"height\":3937,\"caption\":\"Unnadeluxe\"},\"image\":{\"@id\":\"https:\\\/\\\/unnadeluxe.fi\\\/#\\\/schema\\\/logo\\\/image\\\/\"},\"sameAs\":[\"https:\\\/\\\/www.facebook.com\\\/UnnaDeluxe\"]}]}<\/script>\n<!-- \/ Yoast SEO plugin. -->","yoast_head_json":{"title":"System JO Massage Kit 30ml - Unnadeluxe","robots":{"index":"index","follow":"follow","max-snippet":"max-snippet:-1","max-image-preview":"max-image-preview:large","max-video-preview":"max-video-preview:-1"},"canonical":"https:\/\/unnadeluxe.fi\/fi\/tuote\/system-jo-massage-kit-all-in-one\/","og_locale":"fi_FI","og_type":"article","og_title":"System JO Massage Kit 30ml - Unnadeluxe","og_description":"System JO's Massage Kit inkluderar allt du beh\u00f6ver f\u00f6r en lyxig, sensuell massage. Den v\u00e4rmande Massageoljan funkar som en massageolja men \u00e4ven som glidmedel. Massagekitet inneh\u00e5ller \u00e4ven handh\u00e5llen apparat att massera kroppen med samt ett ljus och en massageguide med tips och tekniker p\u00e5 en bra massage. Massageoljan \u00e4r dryg, det r\u00e4cker endast med n\u00e5gra droppar olja. Massageoljan passar \u00e4ven med de flest leksaker och kondom.","og_url":"https:\/\/unnadeluxe.fi\/fi\/tuote\/system-jo-massage-kit-all-in-one\/","og_site_name":"Unnadeluxe","article_publisher":"https:\/\/www.facebook.com\/UnnaDeluxe","article_modified_time":"2026-04-19T06:32:14+00:00","og_image":[{"width":350,"height":350,"url":"https:\/\/unnadeluxe.fi\/wp-content\/uploads\/2025\/02\/E25379_mid.jpg","type":"image\/jpeg"}],"twitter_card":"summary_large_image","twitter_misc":{"Arvioitu lukuaika":"1 minuutti"},"schema":{"@context":"https:\/\/schema.org","@graph":[{"@type":"WebPage","@id":"https:\/\/unnadeluxe.fi\/produkt\/system-jo-massage-kit-all-in-one\/","url":"https:\/\/unnadeluxe.fi\/produkt\/system-jo-massage-kit-all-in-one\/","name":"System JO Massage Kit 30ml - Unnadeluxe","isPartOf":{"@id":"https:\/\/unnadeluxe.fi\/#website"},"primaryImageOfPage":{"@id":"https:\/\/unnadeluxe.fi\/produkt\/system-jo-massage-kit-all-in-one\/#primaryimage"},"image":{"@id":"https:\/\/unnadeluxe.fi\/produkt\/system-jo-massage-kit-all-in-one\/#primaryimage"},"thumbnailUrl":"https:\/\/unnadeluxe.fi\/wp-content\/uploads\/2025\/02\/E25379_mid.jpg","datePublished":"2025-02-07T07:48:48+00:00","dateModified":"2026-04-19T06:32:14+00:00","breadcrumb":{"@id":"https:\/\/unnadeluxe.fi\/produkt\/system-jo-massage-kit-all-in-one\/#breadcrumb"},"inLanguage":"fi","potentialAction":[{"@type":"ReadAction","target":["https:\/\/unnadeluxe.fi\/produkt\/system-jo-massage-kit-all-in-one\/"]}]},{"@type":"ImageObject","inLanguage":"fi","@id":"https:\/\/unnadeluxe.fi\/produkt\/system-jo-massage-kit-all-in-one\/#primaryimage","url":"https:\/\/unnadeluxe.fi\/wp-content\/uploads\/2025\/02\/E25379_mid.jpg","contentUrl":"https:\/\/unnadeluxe.fi\/wp-content\/uploads\/2025\/02\/E25379_mid.jpg","width":350,"height":350},{"@type":"BreadcrumbList","@id":"https:\/\/unnadeluxe.fi\/produkt\/system-jo-massage-kit-all-in-one\/#breadcrumb","itemListElement":[{"@type":"ListItem","position":1,"name":"Hem","item":"https:\/\/unnadeluxe.fi\/"},{"@type":"ListItem","position":2,"name":"Shop","item":"https:\/\/unnadeluxe.fi\/shop\/"},{"@type":"ListItem","position":3,"name":"System JO Massage Kit 30ml"}]},{"@type":"WebSite","@id":"https:\/\/unnadeluxe.fi\/#website","url":"https:\/\/unnadeluxe.fi\/","name":"Unnadeluxe","description":"UnnaDeluxe","publisher":{"@id":"https:\/\/unnadeluxe.fi\/#organization"},"potentialAction":[{"@type":"SearchAction","target":{"@type":"EntryPoint","urlTemplate":"https:\/\/unnadeluxe.fi\/?s={search_term_string}"},"query-input":{"@type":"PropertyValueSpecification","valueRequired":true,"valueName":"search_term_string"}}],"inLanguage":"fi"},{"@type":"Organization","@id":"https:\/\/unnadeluxe.fi\/#organization","name":"Unnadeluxe","url":"https:\/\/unnadeluxe.fi\/","logo":{"@type":"ImageObject","inLanguage":"fi","@id":"https:\/\/unnadeluxe.fi\/#\/schema\/logo\/image\/","url":"https:\/\/unnadeluxe.fi\/wp-content\/uploads\/2022\/09\/Unna-logo-lingerie-black-and-gold.png","contentUrl":"https:\/\/unnadeluxe.fi\/wp-content\/uploads\/2022\/09\/Unna-logo-lingerie-black-and-gold.png","width":3150,"height":3937,"caption":"Unnadeluxe"},"image":{"@id":"https:\/\/unnadeluxe.fi\/#\/schema\/logo\/image\/"},"sameAs":["https:\/\/www.facebook.com\/UnnaDeluxe"]}]}},"_links":{"self":[{"href":"https:\/\/unnadeluxe.fi\/fi\/wp-json\/wp\/v2\/product\/2078","targetHints":{"allow":["GET"]}}],"collection":[{"href":"https:\/\/unnadeluxe.fi\/fi\/wp-json\/wp\/v2\/product"}],"about":[{"href":"https:\/\/unnadeluxe.fi\/fi\/wp-json\/wp\/v2\/types\/product"}],"wp:featuredmedia":[{"embeddable":true,"href":"https:\/\/unnadeluxe.fi\/fi\/wp-json\/wp\/v2\/media\/2079"}],"wp:attachment":[{"href":"https:\/\/unnadeluxe.fi\/fi\/wp-json\/wp\/v2\/media?parent=2078"}],"wp:term":[{"taxonomy":"product_brand","embeddable":true,"href":"https:\/\/unnadeluxe.fi\/fi\/wp-json\/wp\/v2\/product_brand?post=2078"},{"taxonomy":"product_cat","embeddable":true,"href":"https:\/\/unnadeluxe.fi\/fi\/wp-json\/wp\/v2\/product_cat?post=2078"},{"taxonomy":"product_tag","embeddable":true,"href":"https:\/\/unnadeluxe.fi\/fi\/wp-json\/wp\/v2\/product_tag?post=2078"}],"curies":[{"name":"wp","href":"https:\/\/api.w.org\/{rel}","templated":true}]}}