{"id":1641,"date":"2025-01-28T16:59:37","date_gmt":"2025-01-28T16:59:37","guid":{"rendered":"https:\/\/unnadeluxe.fi\/?post_type=product&#038;p=1641"},"modified":"2026-04-28T17:43:53","modified_gmt":"2026-04-28T17:43:53","slug":"support-bygel-bh-2","status":"publish","type":"product","link":"https:\/\/unnadeluxe.fi\/fi\/tuote\/support-bygel-bh-2\/","title":{"rendered":"Abecita Support Bygel-Bh"},"content":{"rendered":"<p>MATERIAL: 90% Polyamid, 10% Elastan<br \/>\nTV\u00c4TTR\u00c5D: Handtv\u00e4tt<\/p>","protected":false},"excerpt":{"rendered":"<p>Support \u00e4r en bh med bygel som t\u00e4cker bysten fint, med spets i \u00f6verkupan och bekv\u00e4ma vadderade axelband. Bra st\u00f6d \u00e4ven i st\u00f6rre storlekar \u2013 en riktig favorit f\u00f6r m\u00e5nga kvinnor.<br \/>\n-Reglerbara axelband f\u00f6r b\u00e4sta passform och st\u00f6d f\u00f6r bysten<br \/>\n-Bekv\u00e4ma, vadderade axelband som avlastar axlarna<br \/>\n-Nickelfria ringar och sp\u00e4nnen<br \/>\n-Res\u00e5r med mjuk insida f\u00f6r extra sk\u00f6n komfort<br \/>\n-Stadig b\u00e5ge som ger extra st\u00f6d och lyft f\u00f6r bysten<\/p>","protected":false},"featured_media":1679,"template":"","meta":[],"product_brand":[89],"product_cat":[28,55],"product_tag":[],"class_list":{"0":"post-1641","1":"product","2":"type-product","3":"status-publish","4":"has-post-thumbnail","6":"product_brand-abecita","7":"product_cat-bhn","8":"product_cat-bygel-bh","10":"first","11":"instock","12":"sale","13":"taxable","14":"shipping-taxable","15":"purchasable","16":"product-type-variable"},"yoast_head":"<!-- This site is optimized with the Yoast SEO plugin v27.5 - https:\/\/yoast.com\/product\/yoast-seo-wordpress\/ -->\n<title>Abecita Support Bygel-Bh - Unnadeluxe<\/title>\n<meta name=\"robots\" content=\"index, follow, max-snippet:-1, max-image-preview:large, max-video-preview:-1\" \/>\n<link rel=\"canonical\" href=\"https:\/\/unnadeluxe.fi\/fi\/tuote\/support-bygel-bh-2\/\" \/>\n<meta property=\"og:locale\" content=\"fi_FI\" \/>\n<meta property=\"og:type\" content=\"article\" \/>\n<meta property=\"og:title\" content=\"Abecita Support Bygel-Bh - Unnadeluxe\" \/>\n<meta property=\"og:description\" content=\"Support \u00e4r en bh med bygel som t\u00e4cker bysten fint, med spets i \u00f6verkupan och bekv\u00e4ma vadderade axelband. Bra st\u00f6d \u00e4ven i st\u00f6rre storlekar \u2013 en riktig favorit f\u00f6r m\u00e5nga kvinnor. -Reglerbara axelband f\u00f6r b\u00e4sta passform och st\u00f6d f\u00f6r bysten -Bekv\u00e4ma, vadderade axelband som avlastar axlarna -Nickelfria ringar och sp\u00e4nnen -Res\u00e5r med mjuk insida f\u00f6r extra sk\u00f6n komfort -Stadig b\u00e5ge som ger extra st\u00f6d och lyft f\u00f6r bysten\" \/>\n<meta property=\"og:url\" content=\"https:\/\/unnadeluxe.fi\/fi\/tuote\/support-bygel-bh-2\/\" \/>\n<meta property=\"og:site_name\" content=\"Unnadeluxe\" \/>\n<meta property=\"article:publisher\" content=\"https:\/\/www.facebook.com\/UnnaDeluxe\" \/>\n<meta property=\"article:modified_time\" content=\"2026-04-28T17:43:53+00:00\" \/>\n<meta property=\"og:image\" content=\"https:\/\/unnadeluxe.fi\/wp-content\/uploads\/2025\/01\/143189-1300_5.webp\" \/>\n\t<meta property=\"og:image:width\" content=\"640\" \/>\n\t<meta property=\"og:image:height\" content=\"680\" \/>\n\t<meta property=\"og:image:type\" content=\"image\/webp\" \/>\n<meta name=\"twitter:card\" content=\"summary_large_image\" \/>\n<meta name=\"twitter:label1\" content=\"Arvioitu lukuaika\" \/>\n\t<meta name=\"twitter:data1\" content=\"1 minuutti\" \/>\n<script type=\"application\/ld+json\" class=\"yoast-schema-graph\">{\"@context\":\"https:\\\/\\\/schema.org\",\"@graph\":[{\"@type\":\"WebPage\",\"@id\":\"https:\\\/\\\/unnadeluxe.fi\\\/produkt\\\/support-bygel-bh-2\\\/\",\"url\":\"https:\\\/\\\/unnadeluxe.fi\\\/produkt\\\/support-bygel-bh-2\\\/\",\"name\":\"Abecita Support Bygel-Bh - Unnadeluxe\",\"isPartOf\":{\"@id\":\"https:\\\/\\\/unnadeluxe.fi\\\/#website\"},\"primaryImageOfPage\":{\"@id\":\"https:\\\/\\\/unnadeluxe.fi\\\/produkt\\\/support-bygel-bh-2\\\/#primaryimage\"},\"image\":{\"@id\":\"https:\\\/\\\/unnadeluxe.fi\\\/produkt\\\/support-bygel-bh-2\\\/#primaryimage\"},\"thumbnailUrl\":\"https:\\\/\\\/unnadeluxe.fi\\\/wp-content\\\/uploads\\\/2025\\\/01\\\/143189-1300_5.webp\",\"datePublished\":\"2025-01-28T16:59:37+00:00\",\"dateModified\":\"2026-04-28T17:43:53+00:00\",\"breadcrumb\":{\"@id\":\"https:\\\/\\\/unnadeluxe.fi\\\/produkt\\\/support-bygel-bh-2\\\/#breadcrumb\"},\"inLanguage\":\"fi\",\"potentialAction\":[{\"@type\":\"ReadAction\",\"target\":[\"https:\\\/\\\/unnadeluxe.fi\\\/produkt\\\/support-bygel-bh-2\\\/\"]}]},{\"@type\":\"ImageObject\",\"inLanguage\":\"fi\",\"@id\":\"https:\\\/\\\/unnadeluxe.fi\\\/produkt\\\/support-bygel-bh-2\\\/#primaryimage\",\"url\":\"https:\\\/\\\/unnadeluxe.fi\\\/wp-content\\\/uploads\\\/2025\\\/01\\\/143189-1300_5.webp\",\"contentUrl\":\"https:\\\/\\\/unnadeluxe.fi\\\/wp-content\\\/uploads\\\/2025\\\/01\\\/143189-1300_5.webp\",\"width\":640,\"height\":680},{\"@type\":\"BreadcrumbList\",\"@id\":\"https:\\\/\\\/unnadeluxe.fi\\\/produkt\\\/support-bygel-bh-2\\\/#breadcrumb\",\"itemListElement\":[{\"@type\":\"ListItem\",\"position\":1,\"name\":\"Hem\",\"item\":\"https:\\\/\\\/unnadeluxe.fi\\\/\"},{\"@type\":\"ListItem\",\"position\":2,\"name\":\"Shop\",\"item\":\"https:\\\/\\\/unnadeluxe.fi\\\/shop\\\/\"},{\"@type\":\"ListItem\",\"position\":3,\"name\":\"Abecita Support Bygel-Bh\"}]},{\"@type\":\"WebSite\",\"@id\":\"https:\\\/\\\/unnadeluxe.fi\\\/#website\",\"url\":\"https:\\\/\\\/unnadeluxe.fi\\\/\",\"name\":\"Unnadeluxe\",\"description\":\"UnnaDeluxe\",\"publisher\":{\"@id\":\"https:\\\/\\\/unnadeluxe.fi\\\/#organization\"},\"potentialAction\":[{\"@type\":\"SearchAction\",\"target\":{\"@type\":\"EntryPoint\",\"urlTemplate\":\"https:\\\/\\\/unnadeluxe.fi\\\/?s={search_term_string}\"},\"query-input\":{\"@type\":\"PropertyValueSpecification\",\"valueRequired\":true,\"valueName\":\"search_term_string\"}}],\"inLanguage\":\"fi\"},{\"@type\":\"Organization\",\"@id\":\"https:\\\/\\\/unnadeluxe.fi\\\/#organization\",\"name\":\"Unnadeluxe\",\"url\":\"https:\\\/\\\/unnadeluxe.fi\\\/\",\"logo\":{\"@type\":\"ImageObject\",\"inLanguage\":\"fi\",\"@id\":\"https:\\\/\\\/unnadeluxe.fi\\\/#\\\/schema\\\/logo\\\/image\\\/\",\"url\":\"https:\\\/\\\/unnadeluxe.fi\\\/wp-content\\\/uploads\\\/2022\\\/09\\\/Unna-logo-lingerie-black-and-gold.png\",\"contentUrl\":\"https:\\\/\\\/unnadeluxe.fi\\\/wp-content\\\/uploads\\\/2022\\\/09\\\/Unna-logo-lingerie-black-and-gold.png\",\"width\":3150,\"height\":3937,\"caption\":\"Unnadeluxe\"},\"image\":{\"@id\":\"https:\\\/\\\/unnadeluxe.fi\\\/#\\\/schema\\\/logo\\\/image\\\/\"},\"sameAs\":[\"https:\\\/\\\/www.facebook.com\\\/UnnaDeluxe\"]}]}<\/script>\n<!-- \/ Yoast SEO plugin. -->","yoast_head_json":{"title":"Abecita Support Bygel-Bh - Unnadeluxe","robots":{"index":"index","follow":"follow","max-snippet":"max-snippet:-1","max-image-preview":"max-image-preview:large","max-video-preview":"max-video-preview:-1"},"canonical":"https:\/\/unnadeluxe.fi\/fi\/tuote\/support-bygel-bh-2\/","og_locale":"fi_FI","og_type":"article","og_title":"Abecita Support Bygel-Bh - Unnadeluxe","og_description":"Support \u00e4r en bh med bygel som t\u00e4cker bysten fint, med spets i \u00f6verkupan och bekv\u00e4ma vadderade axelband. Bra st\u00f6d \u00e4ven i st\u00f6rre storlekar \u2013 en riktig favorit f\u00f6r m\u00e5nga kvinnor. -Reglerbara axelband f\u00f6r b\u00e4sta passform och st\u00f6d f\u00f6r bysten -Bekv\u00e4ma, vadderade axelband som avlastar axlarna -Nickelfria ringar och sp\u00e4nnen -Res\u00e5r med mjuk insida f\u00f6r extra sk\u00f6n komfort -Stadig b\u00e5ge som ger extra st\u00f6d och lyft f\u00f6r bysten","og_url":"https:\/\/unnadeluxe.fi\/fi\/tuote\/support-bygel-bh-2\/","og_site_name":"Unnadeluxe","article_publisher":"https:\/\/www.facebook.com\/UnnaDeluxe","article_modified_time":"2026-04-28T17:43:53+00:00","og_image":[{"width":640,"height":680,"url":"https:\/\/unnadeluxe.fi\/wp-content\/uploads\/2025\/01\/143189-1300_5.webp","type":"image\/webp"}],"twitter_card":"summary_large_image","twitter_misc":{"Arvioitu lukuaika":"1 minuutti"},"schema":{"@context":"https:\/\/schema.org","@graph":[{"@type":"WebPage","@id":"https:\/\/unnadeluxe.fi\/produkt\/support-bygel-bh-2\/","url":"https:\/\/unnadeluxe.fi\/produkt\/support-bygel-bh-2\/","name":"Abecita Support Bygel-Bh - Unnadeluxe","isPartOf":{"@id":"https:\/\/unnadeluxe.fi\/#website"},"primaryImageOfPage":{"@id":"https:\/\/unnadeluxe.fi\/produkt\/support-bygel-bh-2\/#primaryimage"},"image":{"@id":"https:\/\/unnadeluxe.fi\/produkt\/support-bygel-bh-2\/#primaryimage"},"thumbnailUrl":"https:\/\/unnadeluxe.fi\/wp-content\/uploads\/2025\/01\/143189-1300_5.webp","datePublished":"2025-01-28T16:59:37+00:00","dateModified":"2026-04-28T17:43:53+00:00","breadcrumb":{"@id":"https:\/\/unnadeluxe.fi\/produkt\/support-bygel-bh-2\/#breadcrumb"},"inLanguage":"fi","potentialAction":[{"@type":"ReadAction","target":["https:\/\/unnadeluxe.fi\/produkt\/support-bygel-bh-2\/"]}]},{"@type":"ImageObject","inLanguage":"fi","@id":"https:\/\/unnadeluxe.fi\/produkt\/support-bygel-bh-2\/#primaryimage","url":"https:\/\/unnadeluxe.fi\/wp-content\/uploads\/2025\/01\/143189-1300_5.webp","contentUrl":"https:\/\/unnadeluxe.fi\/wp-content\/uploads\/2025\/01\/143189-1300_5.webp","width":640,"height":680},{"@type":"BreadcrumbList","@id":"https:\/\/unnadeluxe.fi\/produkt\/support-bygel-bh-2\/#breadcrumb","itemListElement":[{"@type":"ListItem","position":1,"name":"Hem","item":"https:\/\/unnadeluxe.fi\/"},{"@type":"ListItem","position":2,"name":"Shop","item":"https:\/\/unnadeluxe.fi\/shop\/"},{"@type":"ListItem","position":3,"name":"Abecita Support Bygel-Bh"}]},{"@type":"WebSite","@id":"https:\/\/unnadeluxe.fi\/#website","url":"https:\/\/unnadeluxe.fi\/","name":"Unnadeluxe","description":"UnnaDeluxe","publisher":{"@id":"https:\/\/unnadeluxe.fi\/#organization"},"potentialAction":[{"@type":"SearchAction","target":{"@type":"EntryPoint","urlTemplate":"https:\/\/unnadeluxe.fi\/?s={search_term_string}"},"query-input":{"@type":"PropertyValueSpecification","valueRequired":true,"valueName":"search_term_string"}}],"inLanguage":"fi"},{"@type":"Organization","@id":"https:\/\/unnadeluxe.fi\/#organization","name":"Unnadeluxe","url":"https:\/\/unnadeluxe.fi\/","logo":{"@type":"ImageObject","inLanguage":"fi","@id":"https:\/\/unnadeluxe.fi\/#\/schema\/logo\/image\/","url":"https:\/\/unnadeluxe.fi\/wp-content\/uploads\/2022\/09\/Unna-logo-lingerie-black-and-gold.png","contentUrl":"https:\/\/unnadeluxe.fi\/wp-content\/uploads\/2022\/09\/Unna-logo-lingerie-black-and-gold.png","width":3150,"height":3937,"caption":"Unnadeluxe"},"image":{"@id":"https:\/\/unnadeluxe.fi\/#\/schema\/logo\/image\/"},"sameAs":["https:\/\/www.facebook.com\/UnnaDeluxe"]}]}},"_links":{"self":[{"href":"https:\/\/unnadeluxe.fi\/fi\/wp-json\/wp\/v2\/product\/1641","targetHints":{"allow":["GET"]}}],"collection":[{"href":"https:\/\/unnadeluxe.fi\/fi\/wp-json\/wp\/v2\/product"}],"about":[{"href":"https:\/\/unnadeluxe.fi\/fi\/wp-json\/wp\/v2\/types\/product"}],"wp:featuredmedia":[{"embeddable":true,"href":"https:\/\/unnadeluxe.fi\/fi\/wp-json\/wp\/v2\/media\/1679"}],"wp:attachment":[{"href":"https:\/\/unnadeluxe.fi\/fi\/wp-json\/wp\/v2\/media?parent=1641"}],"wp:term":[{"taxonomy":"product_brand","embeddable":true,"href":"https:\/\/unnadeluxe.fi\/fi\/wp-json\/wp\/v2\/product_brand?post=1641"},{"taxonomy":"product_cat","embeddable":true,"href":"https:\/\/unnadeluxe.fi\/fi\/wp-json\/wp\/v2\/product_cat?post=1641"},{"taxonomy":"product_tag","embeddable":true,"href":"https:\/\/unnadeluxe.fi\/fi\/wp-json\/wp\/v2\/product_tag?post=1641"}],"curies":[{"name":"wp","href":"https:\/\/api.w.org\/{rel}","templated":true}]}}