{"id":1457,"date":"2025-01-27T19:52:52","date_gmt":"2025-01-27T19:52:52","guid":{"rendered":"https:\/\/unnadeluxe.fi\/?post_type=product&#038;p=1457"},"modified":"2025-11-21T13:28:48","modified_gmt":"2025-11-21T13:28:48","slug":"trofe-betty-bygelfri-bh-3","status":"publish","type":"product","link":"https:\/\/unnadeluxe.fi\/fi\/tuote\/trofe-betty-bygelfri-bh-3\/","title":{"rendered":"Trof\u00e9 Betty Bygelfri Bh Black"},"content":{"rendered":"<p>Sk\u00f6n och mycket omtyckt bygelfri bh<br \/>\nMaterial 82% Polyamid, 18% Elastan Tv\u00e4ttr\u00e5d 40 grader<\/p>","protected":false},"excerpt":{"rendered":"<p>Betty \u00e4r en mycket popul\u00e4r bygelfri bh i som ger fantastisk support och har en tidl\u00f6s, klassisk look. Betty bh \u00e4r utformad med ett stadigt band under bysten och vida, justerbara vadderade axelband f\u00f6r ytterligare komfort och st\u00f6d. Formpressad kupa.<br \/>\nJusterbar hak &#038; hyskn\u00e4ppning.<\/p>\n<p>Material 82% Polyamid, 18% Elastan Tv\u00e4ttr\u00e5d 40 grader<\/p>","protected":false},"featured_media":1494,"template":"","meta":[],"product_brand":[84],"product_cat":[28,56],"product_tag":[],"class_list":{"0":"post-1457","1":"product","2":"type-product","3":"status-publish","4":"has-post-thumbnail","6":"product_brand-trofe","7":"product_cat-bhn","8":"product_cat-bygellos-bh","10":"first","11":"instock","12":"taxable","13":"shipping-taxable","14":"purchasable","15":"product-type-variable"},"yoast_head":"<!-- This site is optimized with the Yoast SEO plugin v27.1.1 - https:\/\/yoast.com\/product\/yoast-seo-wordpress\/ -->\n<title>Trof\u00e9 Betty Bygelfri Bh Black - Unnadeluxe<\/title>\n<meta name=\"robots\" content=\"index, follow, max-snippet:-1, max-image-preview:large, max-video-preview:-1\" \/>\n<link rel=\"canonical\" href=\"https:\/\/unnadeluxe.fi\/fi\/tuote\/trofe-betty-bygelfri-bh-3\/\" \/>\n<meta property=\"og:locale\" content=\"fi_FI\" \/>\n<meta property=\"og:type\" content=\"article\" \/>\n<meta property=\"og:title\" content=\"Trof\u00e9 Betty Bygelfri Bh Black - Unnadeluxe\" \/>\n<meta property=\"og:description\" content=\"Betty \u00e4r en mycket popul\u00e4r bygelfri bh i som ger fantastisk support och har en tidl\u00f6s, klassisk look. Betty bh \u00e4r utformad med ett stadigt band under bysten och vida, justerbara vadderade axelband f\u00f6r ytterligare komfort och st\u00f6d. Formpressad kupa. Justerbar hak &amp; hyskn\u00e4ppning.  Material 82% Polyamid, 18% Elastan Tv\u00e4ttr\u00e5d 40 grader\" \/>\n<meta property=\"og:url\" content=\"https:\/\/unnadeluxe.fi\/fi\/tuote\/trofe-betty-bygelfri-bh-3\/\" \/>\n<meta property=\"og:site_name\" content=\"Unnadeluxe\" \/>\n<meta property=\"article:publisher\" content=\"https:\/\/www.facebook.com\/UnnaDeluxe\" \/>\n<meta property=\"article:modified_time\" content=\"2025-11-21T13:28:48+00:00\" \/>\n<meta property=\"og:image\" content=\"https:\/\/unnadeluxe.fi\/wp-content\/uploads\/2025\/01\/10278_1200_front-scaled.jpg\" \/>\n\t<meta property=\"og:image:width\" content=\"1978\" \/>\n\t<meta property=\"og:image:height\" content=\"2560\" \/>\n\t<meta property=\"og:image:type\" content=\"image\/jpeg\" \/>\n<meta name=\"twitter:card\" content=\"summary_large_image\" \/>\n<meta name=\"twitter:label1\" content=\"Arvioitu lukuaika\" \/>\n\t<meta name=\"twitter:data1\" content=\"1 minuutti\" \/>\n<script type=\"application\/ld+json\" class=\"yoast-schema-graph\">{\"@context\":\"https:\/\/schema.org\",\"@graph\":[{\"@type\":\"WebPage\",\"@id\":\"https:\/\/unnadeluxe.fi\/produkt\/trofe-betty-bygelfri-bh-3\/\",\"url\":\"https:\/\/unnadeluxe.fi\/produkt\/trofe-betty-bygelfri-bh-3\/\",\"name\":\"Trof\u00e9 Betty Bygelfri Bh Black - Unnadeluxe\",\"isPartOf\":{\"@id\":\"https:\/\/unnadeluxe.fi\/#website\"},\"primaryImageOfPage\":{\"@id\":\"https:\/\/unnadeluxe.fi\/produkt\/trofe-betty-bygelfri-bh-3\/#primaryimage\"},\"image\":{\"@id\":\"https:\/\/unnadeluxe.fi\/produkt\/trofe-betty-bygelfri-bh-3\/#primaryimage\"},\"thumbnailUrl\":\"https:\/\/unnadeluxe.fi\/wp-content\/uploads\/2025\/01\/10278_1200_front-scaled.jpg\",\"datePublished\":\"2025-01-27T19:52:52+00:00\",\"dateModified\":\"2025-11-21T13:28:48+00:00\",\"breadcrumb\":{\"@id\":\"https:\/\/unnadeluxe.fi\/produkt\/trofe-betty-bygelfri-bh-3\/#breadcrumb\"},\"inLanguage\":\"fi\",\"potentialAction\":[{\"@type\":\"ReadAction\",\"target\":[\"https:\/\/unnadeluxe.fi\/produkt\/trofe-betty-bygelfri-bh-3\/\"]}]},{\"@type\":\"ImageObject\",\"inLanguage\":\"fi\",\"@id\":\"https:\/\/unnadeluxe.fi\/produkt\/trofe-betty-bygelfri-bh-3\/#primaryimage\",\"url\":\"https:\/\/unnadeluxe.fi\/wp-content\/uploads\/2025\/01\/10278_1200_front-scaled.jpg\",\"contentUrl\":\"https:\/\/unnadeluxe.fi\/wp-content\/uploads\/2025\/01\/10278_1200_front-scaled.jpg\",\"width\":1978,\"height\":2560},{\"@type\":\"BreadcrumbList\",\"@id\":\"https:\/\/unnadeluxe.fi\/produkt\/trofe-betty-bygelfri-bh-3\/#breadcrumb\",\"itemListElement\":[{\"@type\":\"ListItem\",\"position\":1,\"name\":\"Hem\",\"item\":\"https:\/\/unnadeluxe.fi\/\"},{\"@type\":\"ListItem\",\"position\":2,\"name\":\"Shop\",\"item\":\"https:\/\/unnadeluxe.fi\/shop\/\"},{\"@type\":\"ListItem\",\"position\":3,\"name\":\"Trof\u00e9 Betty Bygelfri Bh Black\"}]},{\"@type\":\"WebSite\",\"@id\":\"https:\/\/unnadeluxe.fi\/#website\",\"url\":\"https:\/\/unnadeluxe.fi\/\",\"name\":\"Unnadeluxe\",\"description\":\"UnnaDeluxe\",\"publisher\":{\"@id\":\"https:\/\/unnadeluxe.fi\/#organization\"},\"potentialAction\":[{\"@type\":\"SearchAction\",\"target\":{\"@type\":\"EntryPoint\",\"urlTemplate\":\"https:\/\/unnadeluxe.fi\/?s={search_term_string}\"},\"query-input\":{\"@type\":\"PropertyValueSpecification\",\"valueRequired\":true,\"valueName\":\"search_term_string\"}}],\"inLanguage\":\"fi\"},{\"@type\":\"Organization\",\"@id\":\"https:\/\/unnadeluxe.fi\/#organization\",\"name\":\"Unnadeluxe\",\"url\":\"https:\/\/unnadeluxe.fi\/\",\"logo\":{\"@type\":\"ImageObject\",\"inLanguage\":\"fi\",\"@id\":\"https:\/\/unnadeluxe.fi\/#\/schema\/logo\/image\/\",\"url\":\"https:\/\/unnadeluxe.fi\/wp-content\/uploads\/2022\/09\/Unna-logo-lingerie-black-and-gold.png\",\"contentUrl\":\"https:\/\/unnadeluxe.fi\/wp-content\/uploads\/2022\/09\/Unna-logo-lingerie-black-and-gold.png\",\"width\":3150,\"height\":3937,\"caption\":\"Unnadeluxe\"},\"image\":{\"@id\":\"https:\/\/unnadeluxe.fi\/#\/schema\/logo\/image\/\"},\"sameAs\":[\"https:\/\/www.facebook.com\/UnnaDeluxe\"]}]}<\/script>\n<!-- \/ Yoast SEO plugin. -->","yoast_head_json":{"title":"Trof\u00e9 Betty Bygelfri Bh Black - Unnadeluxe","robots":{"index":"index","follow":"follow","max-snippet":"max-snippet:-1","max-image-preview":"max-image-preview:large","max-video-preview":"max-video-preview:-1"},"canonical":"https:\/\/unnadeluxe.fi\/fi\/tuote\/trofe-betty-bygelfri-bh-3\/","og_locale":"fi_FI","og_type":"article","og_title":"Trof\u00e9 Betty Bygelfri Bh Black - Unnadeluxe","og_description":"Betty \u00e4r en mycket popul\u00e4r bygelfri bh i som ger fantastisk support och har en tidl\u00f6s, klassisk look. Betty bh \u00e4r utformad med ett stadigt band under bysten och vida, justerbara vadderade axelband f\u00f6r ytterligare komfort och st\u00f6d. Formpressad kupa. Justerbar hak & hyskn\u00e4ppning.  Material 82% Polyamid, 18% Elastan Tv\u00e4ttr\u00e5d 40 grader","og_url":"https:\/\/unnadeluxe.fi\/fi\/tuote\/trofe-betty-bygelfri-bh-3\/","og_site_name":"Unnadeluxe","article_publisher":"https:\/\/www.facebook.com\/UnnaDeluxe","article_modified_time":"2025-11-21T13:28:48+00:00","og_image":[{"width":1978,"height":2560,"url":"https:\/\/unnadeluxe.fi\/wp-content\/uploads\/2025\/01\/10278_1200_front-scaled.jpg","type":"image\/jpeg"}],"twitter_card":"summary_large_image","twitter_misc":{"Arvioitu lukuaika":"1 minuutti"},"schema":{"@context":"https:\/\/schema.org","@graph":[{"@type":"WebPage","@id":"https:\/\/unnadeluxe.fi\/produkt\/trofe-betty-bygelfri-bh-3\/","url":"https:\/\/unnadeluxe.fi\/produkt\/trofe-betty-bygelfri-bh-3\/","name":"Trof\u00e9 Betty Bygelfri Bh Black - Unnadeluxe","isPartOf":{"@id":"https:\/\/unnadeluxe.fi\/#website"},"primaryImageOfPage":{"@id":"https:\/\/unnadeluxe.fi\/produkt\/trofe-betty-bygelfri-bh-3\/#primaryimage"},"image":{"@id":"https:\/\/unnadeluxe.fi\/produkt\/trofe-betty-bygelfri-bh-3\/#primaryimage"},"thumbnailUrl":"https:\/\/unnadeluxe.fi\/wp-content\/uploads\/2025\/01\/10278_1200_front-scaled.jpg","datePublished":"2025-01-27T19:52:52+00:00","dateModified":"2025-11-21T13:28:48+00:00","breadcrumb":{"@id":"https:\/\/unnadeluxe.fi\/produkt\/trofe-betty-bygelfri-bh-3\/#breadcrumb"},"inLanguage":"fi","potentialAction":[{"@type":"ReadAction","target":["https:\/\/unnadeluxe.fi\/produkt\/trofe-betty-bygelfri-bh-3\/"]}]},{"@type":"ImageObject","inLanguage":"fi","@id":"https:\/\/unnadeluxe.fi\/produkt\/trofe-betty-bygelfri-bh-3\/#primaryimage","url":"https:\/\/unnadeluxe.fi\/wp-content\/uploads\/2025\/01\/10278_1200_front-scaled.jpg","contentUrl":"https:\/\/unnadeluxe.fi\/wp-content\/uploads\/2025\/01\/10278_1200_front-scaled.jpg","width":1978,"height":2560},{"@type":"BreadcrumbList","@id":"https:\/\/unnadeluxe.fi\/produkt\/trofe-betty-bygelfri-bh-3\/#breadcrumb","itemListElement":[{"@type":"ListItem","position":1,"name":"Hem","item":"https:\/\/unnadeluxe.fi\/"},{"@type":"ListItem","position":2,"name":"Shop","item":"https:\/\/unnadeluxe.fi\/shop\/"},{"@type":"ListItem","position":3,"name":"Trof\u00e9 Betty Bygelfri Bh Black"}]},{"@type":"WebSite","@id":"https:\/\/unnadeluxe.fi\/#website","url":"https:\/\/unnadeluxe.fi\/","name":"Unnadeluxe","description":"UnnaDeluxe","publisher":{"@id":"https:\/\/unnadeluxe.fi\/#organization"},"potentialAction":[{"@type":"SearchAction","target":{"@type":"EntryPoint","urlTemplate":"https:\/\/unnadeluxe.fi\/?s={search_term_string}"},"query-input":{"@type":"PropertyValueSpecification","valueRequired":true,"valueName":"search_term_string"}}],"inLanguage":"fi"},{"@type":"Organization","@id":"https:\/\/unnadeluxe.fi\/#organization","name":"Unnadeluxe","url":"https:\/\/unnadeluxe.fi\/","logo":{"@type":"ImageObject","inLanguage":"fi","@id":"https:\/\/unnadeluxe.fi\/#\/schema\/logo\/image\/","url":"https:\/\/unnadeluxe.fi\/wp-content\/uploads\/2022\/09\/Unna-logo-lingerie-black-and-gold.png","contentUrl":"https:\/\/unnadeluxe.fi\/wp-content\/uploads\/2022\/09\/Unna-logo-lingerie-black-and-gold.png","width":3150,"height":3937,"caption":"Unnadeluxe"},"image":{"@id":"https:\/\/unnadeluxe.fi\/#\/schema\/logo\/image\/"},"sameAs":["https:\/\/www.facebook.com\/UnnaDeluxe"]}]}},"_links":{"self":[{"href":"https:\/\/unnadeluxe.fi\/fi\/wp-json\/wp\/v2\/product\/1457","targetHints":{"allow":["GET"]}}],"collection":[{"href":"https:\/\/unnadeluxe.fi\/fi\/wp-json\/wp\/v2\/product"}],"about":[{"href":"https:\/\/unnadeluxe.fi\/fi\/wp-json\/wp\/v2\/types\/product"}],"wp:featuredmedia":[{"embeddable":true,"href":"https:\/\/unnadeluxe.fi\/fi\/wp-json\/wp\/v2\/media\/1494"}],"wp:attachment":[{"href":"https:\/\/unnadeluxe.fi\/fi\/wp-json\/wp\/v2\/media?parent=1457"}],"wp:term":[{"taxonomy":"product_brand","embeddable":true,"href":"https:\/\/unnadeluxe.fi\/fi\/wp-json\/wp\/v2\/product_brand?post=1457"},{"taxonomy":"product_cat","embeddable":true,"href":"https:\/\/unnadeluxe.fi\/fi\/wp-json\/wp\/v2\/product_cat?post=1457"},{"taxonomy":"product_tag","embeddable":true,"href":"https:\/\/unnadeluxe.fi\/fi\/wp-json\/wp\/v2\/product_tag?post=1457"}],"curies":[{"name":"wp","href":"https:\/\/api.w.org\/{rel}","templated":true}]}}