{"id":1298,"date":"2025-01-22T11:38:58","date_gmt":"2025-01-22T11:38:58","guid":{"rendered":"https:\/\/unnadeluxe.fi\/?post_type=product&#038;p=1298"},"modified":"2026-02-28T10:26:16","modified_gmt":"2026-02-28T10:26:16","slug":"shunga-massage-oil-organica-green-tea","status":"publish","type":"product","link":"https:\/\/unnadeluxe.fi\/fi\/tuote\/shunga-massage-oil-organica-green-tea\/","title":{"rendered":"Shunga Massage Oil Organica Green Tea 240ml"},"content":{"rendered":"<p>Ekologisk oljebaserad massageolja f\u00f6r m\u00e5nga trevliga massagestunder<br \/>\n100% naturliga kallpressade oljor<br \/>\nKladdar inte<br \/>\nT\u00e4pper inte till porer<br \/>\nInneh\u00e5ller inga animaliska oljor<br \/>\n240 ml<br \/>\nOrganic Helianthus Annuus (Sunflower) Seed Oil, Brassica Campestris (Rapeseed) Seed Oil<\/p>","protected":false},"excerpt":{"rendered":"<p>Denna h\u00e4rliga massageolja \u00e4r gjord p\u00e5 100% organiska ingredienser och kallpressade oljor och passar utm\u00e4rkt f\u00f6r en sk\u00f6n massage. Oljan kan med f\u00f6rdel l\u00e4mnas kvar p\u00e5 huden efter massagen eftersom huden l\u00e4mnar mjuk och len efter\u00e5t. Massageoljan har en ljuvlig doft\/smak av gr\u00f6nt te som dessutom \u00e4r kyssv\u00e4nlig, s\u00e5 perfekt till f\u00f6rspelet.<br \/>\nVill du ha en varm massageojla g\u00e5r det utm\u00e4rkt att v\u00e4rma oljan i varmt vatten f\u00f6re massagen.<br \/>\nDen kladdar inte och t\u00e4pper inte till porer.<\/p>","protected":false},"featured_media":1299,"template":"","meta":[],"product_brand":[],"product_cat":[70,73],"product_tag":[],"class_list":{"0":"post-1298","1":"product","2":"type-product","3":"status-publish","4":"has-post-thumbnail","6":"product_cat-lust-njutning","7":"product_cat-massage-och-glidmedel","9":"first","10":"instock","11":"sale","12":"taxable","13":"shipping-taxable","14":"purchasable","15":"product-type-simple"},"yoast_head":"<!-- This site is optimized with the Yoast SEO plugin v27.5 - https:\/\/yoast.com\/product\/yoast-seo-wordpress\/ -->\n<title>Shunga Massage Oil Organica Green Tea 240ml - Unnadeluxe<\/title>\n<meta name=\"robots\" content=\"index, follow, max-snippet:-1, max-image-preview:large, max-video-preview:-1\" \/>\n<link rel=\"canonical\" href=\"https:\/\/unnadeluxe.fi\/fi\/tuote\/shunga-massage-oil-organica-green-tea\/\" \/>\n<meta property=\"og:locale\" content=\"fi_FI\" \/>\n<meta property=\"og:type\" content=\"article\" \/>\n<meta property=\"og:title\" content=\"Shunga Massage Oil Organica Green Tea 240ml - Unnadeluxe\" \/>\n<meta property=\"og:description\" content=\"Denna h\u00e4rliga massageolja \u00e4r gjord p\u00e5 100% organiska ingredienser och kallpressade oljor och passar utm\u00e4rkt f\u00f6r en sk\u00f6n massage. Oljan kan med f\u00f6rdel l\u00e4mnas kvar p\u00e5 huden efter massagen eftersom huden l\u00e4mnar mjuk och len efter\u00e5t. Massageoljan har en ljuvlig doft\/smak av gr\u00f6nt te som dessutom \u00e4r kyssv\u00e4nlig, s\u00e5 perfekt till f\u00f6rspelet. Vill du ha en varm massageojla g\u00e5r det utm\u00e4rkt att v\u00e4rma oljan i varmt vatten f\u00f6re massagen. Den kladdar inte och t\u00e4pper inte till porer.\" \/>\n<meta property=\"og:url\" content=\"https:\/\/unnadeluxe.fi\/fi\/tuote\/shunga-massage-oil-organica-green-tea\/\" \/>\n<meta property=\"og:site_name\" content=\"Unnadeluxe\" \/>\n<meta property=\"article:publisher\" content=\"https:\/\/www.facebook.com\/UnnaDeluxe\" \/>\n<meta property=\"article:modified_time\" content=\"2026-02-28T10:26:16+00:00\" \/>\n<meta property=\"og:image\" content=\"https:\/\/unnadeluxe.fi\/wp-content\/uploads\/2025\/01\/E23105_mid.jpg\" \/>\n\t<meta property=\"og:image:width\" content=\"350\" \/>\n\t<meta property=\"og:image:height\" content=\"350\" \/>\n\t<meta property=\"og:image:type\" content=\"image\/jpeg\" \/>\n<meta name=\"twitter:card\" content=\"summary_large_image\" \/>\n<meta name=\"twitter:label1\" content=\"Arvioitu lukuaika\" \/>\n\t<meta name=\"twitter:data1\" content=\"1 minuutti\" \/>\n<script type=\"application\/ld+json\" class=\"yoast-schema-graph\">{\"@context\":\"https:\\\/\\\/schema.org\",\"@graph\":[{\"@type\":\"WebPage\",\"@id\":\"https:\\\/\\\/unnadeluxe.fi\\\/produkt\\\/shunga-massage-oil-organica-green-tea\\\/\",\"url\":\"https:\\\/\\\/unnadeluxe.fi\\\/produkt\\\/shunga-massage-oil-organica-green-tea\\\/\",\"name\":\"Shunga Massage Oil Organica Green Tea 240ml - Unnadeluxe\",\"isPartOf\":{\"@id\":\"https:\\\/\\\/unnadeluxe.fi\\\/#website\"},\"primaryImageOfPage\":{\"@id\":\"https:\\\/\\\/unnadeluxe.fi\\\/produkt\\\/shunga-massage-oil-organica-green-tea\\\/#primaryimage\"},\"image\":{\"@id\":\"https:\\\/\\\/unnadeluxe.fi\\\/produkt\\\/shunga-massage-oil-organica-green-tea\\\/#primaryimage\"},\"thumbnailUrl\":\"https:\\\/\\\/unnadeluxe.fi\\\/wp-content\\\/uploads\\\/2025\\\/01\\\/E23105_mid.jpg\",\"datePublished\":\"2025-01-22T11:38:58+00:00\",\"dateModified\":\"2026-02-28T10:26:16+00:00\",\"breadcrumb\":{\"@id\":\"https:\\\/\\\/unnadeluxe.fi\\\/produkt\\\/shunga-massage-oil-organica-green-tea\\\/#breadcrumb\"},\"inLanguage\":\"fi\",\"potentialAction\":[{\"@type\":\"ReadAction\",\"target\":[\"https:\\\/\\\/unnadeluxe.fi\\\/produkt\\\/shunga-massage-oil-organica-green-tea\\\/\"]}]},{\"@type\":\"ImageObject\",\"inLanguage\":\"fi\",\"@id\":\"https:\\\/\\\/unnadeluxe.fi\\\/produkt\\\/shunga-massage-oil-organica-green-tea\\\/#primaryimage\",\"url\":\"https:\\\/\\\/unnadeluxe.fi\\\/wp-content\\\/uploads\\\/2025\\\/01\\\/E23105_mid.jpg\",\"contentUrl\":\"https:\\\/\\\/unnadeluxe.fi\\\/wp-content\\\/uploads\\\/2025\\\/01\\\/E23105_mid.jpg\",\"width\":350,\"height\":350},{\"@type\":\"BreadcrumbList\",\"@id\":\"https:\\\/\\\/unnadeluxe.fi\\\/produkt\\\/shunga-massage-oil-organica-green-tea\\\/#breadcrumb\",\"itemListElement\":[{\"@type\":\"ListItem\",\"position\":1,\"name\":\"Hem\",\"item\":\"https:\\\/\\\/unnadeluxe.fi\\\/\"},{\"@type\":\"ListItem\",\"position\":2,\"name\":\"Shop\",\"item\":\"https:\\\/\\\/unnadeluxe.fi\\\/shop\\\/\"},{\"@type\":\"ListItem\",\"position\":3,\"name\":\"Shunga Massage Oil Organica Green Tea 240ml\"}]},{\"@type\":\"WebSite\",\"@id\":\"https:\\\/\\\/unnadeluxe.fi\\\/#website\",\"url\":\"https:\\\/\\\/unnadeluxe.fi\\\/\",\"name\":\"Unnadeluxe\",\"description\":\"UnnaDeluxe\",\"publisher\":{\"@id\":\"https:\\\/\\\/unnadeluxe.fi\\\/#organization\"},\"potentialAction\":[{\"@type\":\"SearchAction\",\"target\":{\"@type\":\"EntryPoint\",\"urlTemplate\":\"https:\\\/\\\/unnadeluxe.fi\\\/?s={search_term_string}\"},\"query-input\":{\"@type\":\"PropertyValueSpecification\",\"valueRequired\":true,\"valueName\":\"search_term_string\"}}],\"inLanguage\":\"fi\"},{\"@type\":\"Organization\",\"@id\":\"https:\\\/\\\/unnadeluxe.fi\\\/#organization\",\"name\":\"Unnadeluxe\",\"url\":\"https:\\\/\\\/unnadeluxe.fi\\\/\",\"logo\":{\"@type\":\"ImageObject\",\"inLanguage\":\"fi\",\"@id\":\"https:\\\/\\\/unnadeluxe.fi\\\/#\\\/schema\\\/logo\\\/image\\\/\",\"url\":\"https:\\\/\\\/unnadeluxe.fi\\\/wp-content\\\/uploads\\\/2022\\\/09\\\/Unna-logo-lingerie-black-and-gold.png\",\"contentUrl\":\"https:\\\/\\\/unnadeluxe.fi\\\/wp-content\\\/uploads\\\/2022\\\/09\\\/Unna-logo-lingerie-black-and-gold.png\",\"width\":3150,\"height\":3937,\"caption\":\"Unnadeluxe\"},\"image\":{\"@id\":\"https:\\\/\\\/unnadeluxe.fi\\\/#\\\/schema\\\/logo\\\/image\\\/\"},\"sameAs\":[\"https:\\\/\\\/www.facebook.com\\\/UnnaDeluxe\"]}]}<\/script>\n<!-- \/ Yoast SEO plugin. -->","yoast_head_json":{"title":"Shunga Massage Oil Organica Green Tea 240ml - Unnadeluxe","robots":{"index":"index","follow":"follow","max-snippet":"max-snippet:-1","max-image-preview":"max-image-preview:large","max-video-preview":"max-video-preview:-1"},"canonical":"https:\/\/unnadeluxe.fi\/fi\/tuote\/shunga-massage-oil-organica-green-tea\/","og_locale":"fi_FI","og_type":"article","og_title":"Shunga Massage Oil Organica Green Tea 240ml - Unnadeluxe","og_description":"Denna h\u00e4rliga massageolja \u00e4r gjord p\u00e5 100% organiska ingredienser och kallpressade oljor och passar utm\u00e4rkt f\u00f6r en sk\u00f6n massage. Oljan kan med f\u00f6rdel l\u00e4mnas kvar p\u00e5 huden efter massagen eftersom huden l\u00e4mnar mjuk och len efter\u00e5t. Massageoljan har en ljuvlig doft\/smak av gr\u00f6nt te som dessutom \u00e4r kyssv\u00e4nlig, s\u00e5 perfekt till f\u00f6rspelet. Vill du ha en varm massageojla g\u00e5r det utm\u00e4rkt att v\u00e4rma oljan i varmt vatten f\u00f6re massagen. Den kladdar inte och t\u00e4pper inte till porer.","og_url":"https:\/\/unnadeluxe.fi\/fi\/tuote\/shunga-massage-oil-organica-green-tea\/","og_site_name":"Unnadeluxe","article_publisher":"https:\/\/www.facebook.com\/UnnaDeluxe","article_modified_time":"2026-02-28T10:26:16+00:00","og_image":[{"width":350,"height":350,"url":"https:\/\/unnadeluxe.fi\/wp-content\/uploads\/2025\/01\/E23105_mid.jpg","type":"image\/jpeg"}],"twitter_card":"summary_large_image","twitter_misc":{"Arvioitu lukuaika":"1 minuutti"},"schema":{"@context":"https:\/\/schema.org","@graph":[{"@type":"WebPage","@id":"https:\/\/unnadeluxe.fi\/produkt\/shunga-massage-oil-organica-green-tea\/","url":"https:\/\/unnadeluxe.fi\/produkt\/shunga-massage-oil-organica-green-tea\/","name":"Shunga Massage Oil Organica Green Tea 240ml - Unnadeluxe","isPartOf":{"@id":"https:\/\/unnadeluxe.fi\/#website"},"primaryImageOfPage":{"@id":"https:\/\/unnadeluxe.fi\/produkt\/shunga-massage-oil-organica-green-tea\/#primaryimage"},"image":{"@id":"https:\/\/unnadeluxe.fi\/produkt\/shunga-massage-oil-organica-green-tea\/#primaryimage"},"thumbnailUrl":"https:\/\/unnadeluxe.fi\/wp-content\/uploads\/2025\/01\/E23105_mid.jpg","datePublished":"2025-01-22T11:38:58+00:00","dateModified":"2026-02-28T10:26:16+00:00","breadcrumb":{"@id":"https:\/\/unnadeluxe.fi\/produkt\/shunga-massage-oil-organica-green-tea\/#breadcrumb"},"inLanguage":"fi","potentialAction":[{"@type":"ReadAction","target":["https:\/\/unnadeluxe.fi\/produkt\/shunga-massage-oil-organica-green-tea\/"]}]},{"@type":"ImageObject","inLanguage":"fi","@id":"https:\/\/unnadeluxe.fi\/produkt\/shunga-massage-oil-organica-green-tea\/#primaryimage","url":"https:\/\/unnadeluxe.fi\/wp-content\/uploads\/2025\/01\/E23105_mid.jpg","contentUrl":"https:\/\/unnadeluxe.fi\/wp-content\/uploads\/2025\/01\/E23105_mid.jpg","width":350,"height":350},{"@type":"BreadcrumbList","@id":"https:\/\/unnadeluxe.fi\/produkt\/shunga-massage-oil-organica-green-tea\/#breadcrumb","itemListElement":[{"@type":"ListItem","position":1,"name":"Hem","item":"https:\/\/unnadeluxe.fi\/"},{"@type":"ListItem","position":2,"name":"Shop","item":"https:\/\/unnadeluxe.fi\/shop\/"},{"@type":"ListItem","position":3,"name":"Shunga Massage Oil Organica Green Tea 240ml"}]},{"@type":"WebSite","@id":"https:\/\/unnadeluxe.fi\/#website","url":"https:\/\/unnadeluxe.fi\/","name":"Unnadeluxe","description":"UnnaDeluxe","publisher":{"@id":"https:\/\/unnadeluxe.fi\/#organization"},"potentialAction":[{"@type":"SearchAction","target":{"@type":"EntryPoint","urlTemplate":"https:\/\/unnadeluxe.fi\/?s={search_term_string}"},"query-input":{"@type":"PropertyValueSpecification","valueRequired":true,"valueName":"search_term_string"}}],"inLanguage":"fi"},{"@type":"Organization","@id":"https:\/\/unnadeluxe.fi\/#organization","name":"Unnadeluxe","url":"https:\/\/unnadeluxe.fi\/","logo":{"@type":"ImageObject","inLanguage":"fi","@id":"https:\/\/unnadeluxe.fi\/#\/schema\/logo\/image\/","url":"https:\/\/unnadeluxe.fi\/wp-content\/uploads\/2022\/09\/Unna-logo-lingerie-black-and-gold.png","contentUrl":"https:\/\/unnadeluxe.fi\/wp-content\/uploads\/2022\/09\/Unna-logo-lingerie-black-and-gold.png","width":3150,"height":3937,"caption":"Unnadeluxe"},"image":{"@id":"https:\/\/unnadeluxe.fi\/#\/schema\/logo\/image\/"},"sameAs":["https:\/\/www.facebook.com\/UnnaDeluxe"]}]}},"_links":{"self":[{"href":"https:\/\/unnadeluxe.fi\/fi\/wp-json\/wp\/v2\/product\/1298","targetHints":{"allow":["GET"]}}],"collection":[{"href":"https:\/\/unnadeluxe.fi\/fi\/wp-json\/wp\/v2\/product"}],"about":[{"href":"https:\/\/unnadeluxe.fi\/fi\/wp-json\/wp\/v2\/types\/product"}],"wp:featuredmedia":[{"embeddable":true,"href":"https:\/\/unnadeluxe.fi\/fi\/wp-json\/wp\/v2\/media\/1299"}],"wp:attachment":[{"href":"https:\/\/unnadeluxe.fi\/fi\/wp-json\/wp\/v2\/media?parent=1298"}],"wp:term":[{"taxonomy":"product_brand","embeddable":true,"href":"https:\/\/unnadeluxe.fi\/fi\/wp-json\/wp\/v2\/product_brand?post=1298"},{"taxonomy":"product_cat","embeddable":true,"href":"https:\/\/unnadeluxe.fi\/fi\/wp-json\/wp\/v2\/product_cat?post=1298"},{"taxonomy":"product_tag","embeddable":true,"href":"https:\/\/unnadeluxe.fi\/fi\/wp-json\/wp\/v2\/product_tag?post=1298"}],"curies":[{"name":"wp","href":"https:\/\/api.w.org\/{rel}","templated":true}]}}