{"id":82,"date":"2013-08-11T19:22:53","date_gmt":"2013-08-11T19:22:53","guid":{"rendered":"http:\/\/localhost:8888\/test\/?page_id=532"},"modified":"2026-02-25T16:39:22","modified_gmt":"2026-02-25T16:39:22","slug":"contact","status":"publish","type":"page","link":"https:\/\/unnadeluxe.fi\/fi\/pages\/contact\/","title":{"rendered":"Leverans- och betalning"},"content":{"rendered":"<div style=\"text-align: center;\">\u00a0<strong> UnnaDeluxe.fi leverans- och betalning<\/strong><\/div>\n<div style=\"text-align: center;\">\u00a0<\/div>\n<div style=\"text-align: center;\">\u00a0<\/div>\n<div style=\"text-align: center;\">\u00a0 \u00a0Posti<\/div>\n<div style=\"text-align: center;\">\u00a0<\/div>\n<div style=\"text-align: center;\">\u00a0 \u00a0N\u00e4rmaste posten pris 6,90\u20ac<\/div>\n<div style=\"text-align: center;\">\u00a0<\/div>\n<div style=\"text-align: center;\">Sm\u00e5 best\u00e4llningar skickas med brev 2,90\u20ac (ingen f\u00f6rs\u00e4ndelsekod)<\/div>\n<div style=\"text-align: center;\">\u00a0<\/div>\n<div style=\"text-align: center;\">\u00a0<\/div>\n<div style=\"text-align: center;\">\u00a0<\/div>\n<div style=\"text-align: center;\">\u00a0 \u00a0Leveranstid<\/div>\n<div style=\"text-align: center;\">\u00a0<\/div>\n<div style=\"text-align: center;\">\u00a0 \u00a0Lagerprodukter skickas inom 1-2 arbetsdagar<\/div>\n<div style=\"text-align: center;\">\u00a0<\/div>\n<div style=\"text-align: center;\">\u00a0 \u00a0Best\u00e4llningsprodukters leveranstid \u00e4r ca. 4-30 dagar och vi h\u00f6r av oss om n\u00e4rmare tidtabell efter best\u00e4llning.\u00a0<\/div>\n<div style=\"text-align: center;\">\u00a0<\/div>\n<div style=\"text-align: center;\">\u00a0 \u00a0Betalningsalternativ<\/div>\n<div style=\"text-align: center;\">\u00a0<\/div>\n<div style=\"text-align: center;\">\u00a0 \u00a0Produkterna och postavgiften betalas i samband med best\u00e4llningen.<\/div>\n<div style=\"text-align: center;\">\u00a0<\/div>\n<div style=\"text-align: center;\">\u00a0 \u00a0F\u00f6ljande betalningsmetoder kan anv\u00e4ndas i webbutiken: Visa, mastercard och Kustom Checkout\u00a0<\/div>\n<div style=\"text-align: center;\">\u00a0<\/div>\n<div style=\"text-align: center;\">\u00a0 \u00a0Kustom payment \u00e4r leverant\u00f6r och betaltj\u00e4nstleverant\u00f6r f\u00f6r betalningsf\u00f6rmedlingstj\u00e4nsten. i samarbete med finska banker och kreditinstitut.<\/div>\n<div style=\"text-align: center;\">\u00a0<\/div>\n<div style=\"text-align: center;\">\u00a0<\/div>\n<div style=\"text-align: center;\">\u00a0<\/div>\n<div style=\"text-align: center;\">\u00a0 Leveransvillkor<\/div>\n<div style=\"text-align: center;\">\u00a0 \u00a0Genom att g\u00f6ra en best\u00e4llning samtycker du till anv\u00e4ndningen av dina personuppgifter.\u00a0<\/div>\n<div style=\"text-align: center;\">\u00a0<\/div>\n<div style=\"text-align: center;\">\u00a0 \u00a0Produkter har 14 dagars returr\u00e4tt<\/div>\n<div style=\"text-align: center;\">\u00a0<\/div>\n<div style=\"text-align: center;\">\u00a0 \u00a0Produkter som finns i lager 1 \u2013 4 arbetsdagar. Om den best\u00e4llda produkten undantagsvis \u00e4r slut i lager, meddelas kunden omedelbart.<\/div>\n<div style=\"text-align: center;\">\u00a0<\/div>\n<div style=\"text-align: center;\">\u00a0 \u00a0Om fel produkt har levererats till konsumenten eller produkten \u00e4r defekt ska konsumenten meddela info@unnadeluxe.fi<\/div>\n<div style=\"text-align: center;\">\u00a0<\/div>\n<div style=\"text-align: center;\">\u00a0 \u00a0Leveranss\u00e4tt<\/div>\n<div style=\"text-align: center;\">\u00a0<\/div>\n<div style=\"text-align: center;\">\u00a0 \u00a0H\u00e4mtning fr\u00e5n n\u00e4rmaste postkontor, pris 6,90 \u20ac<\/div>\n<div style=\"text-align: center;\">\u00a0<\/div>\n<div style=\"text-align: center;\">Sm\u00e5 best\u00e4llningar skickas med brev 2,90\u20ac (ingen f\u00f6rs\u00e4ndelsekod)<\/div>\n<div style=\"text-align: center;\">\u00a0<\/div>\n<div style=\"text-align: center;\">\u00a0<\/div>\n<div style=\"text-align: center;\">\u00a0<\/div>\n<div style=\"text-align: center;\">\u00a0 \u00a0H\u00e4mta produkterna du best\u00e4llt fr\u00e5n ditt eget postkontor. Du kommer att meddelas om paketets ankomst via sms eller e-post<\/div>\n<div style=\"text-align: center;\">\u00a0<\/div>\n<div style=\"text-align: center;\">\u00a0 \u00a0Efter best\u00e4llning f\u00e5r du en orderbekr\u00e4ftelse via e-post och en l\u00e4nk genom vilken du bekv\u00e4mt kan f\u00f6lja med din best\u00e4llning.<\/div>\n<div style=\"text-align: center;\">\u00a0<\/div>\n<div style=\"text-align: center;\">\u00a0 \u00a0 Returr\u00e4tt och produktbyte<\/div>\n<div style=\"text-align: center;\">\u00a0<\/div>\n<div style=\"text-align: center;\">\u00a0 \u00a0Produkterna har hela 14 dagars returr\u00e4tt. Produkten som ska returneras m\u00e5ste vara oanv\u00e4nda och of\u00f6r\u00e4ndrad.<\/div>\n<div style=\"text-align: center;\">\u00a0<\/div>\n<div style=\"text-align: center;\">\u00a0 \u00a0Samma returr\u00e4tt g\u00e4ller f\u00f6r skadade produkter eller om du p\u00e5 annat s\u00e4tt har f\u00e5tt en felaktig leverans. I detta fall kr\u00e4vs inga leveranskostnader.<\/div>\n<div style=\"text-align: center;\">\u00a0<\/div>\n<div style=\"text-align: center;\">\u00a0 \u00a0 V\u00e4nligen ange denna information i ditt meddelande:<\/div>\n<div style=\"text-align: center;\">\u00a0 \u00a0Orsaken till returen (ifall s\u00f6ndrig eller felaktig produkt)<\/div>\n<div style=\"text-align: center;\">\u00a0 \u00a0Best\u00e4llarens uppgifter (namn \/ ordernummer)<\/div>\n<div style=\"text-align: center;\">\u00a0 \u00a0Vill du bara returnera produkten och f\u00e5 tillbaka pengarna p\u00e5 ditt konto, eller vill du att vi skickar en liknande produkt f\u00f6r att ers\u00e4tta den skadade eller felaktiga produkten (och \u00e5terbetala eventuell skillnad)<\/div>\n<div style=\"text-align: center;\">\u00a0<\/div>\n<div style=\"text-align: center;\">\u00a0 \u00a0F\u00f6r att returnera produkten v\u00e4nligen kontakta: info@unnadeluxe.fi<\/div>\n<div style=\"text-align: center;\">\u00a0 \u00a0Vi svarar inom 24 timmar.<\/div>\n<div style=\"text-align: center;\">\u00a0<\/div>\n<div style=\"text-align: center;\">\u00a0 \u00a0Reklamationer<\/div>\n<div style=\"text-align: center;\">\u00a0<\/div>\n<div style=\"text-align: center;\">\u00a0 \u00a0Alla reklamationer ang\u00e5ende best\u00e4llningen eller leveransen ska skickas inom sju (7) dagar efter mottagandet av best\u00e4llningen till: info@unnadeluxe.fi<\/div>\n<div style=\"text-align: center;\">\u00a0<\/div>\n<div style=\"text-align: center;\">\u00a0 \u00a0Avbokning av order<\/div>\n<div style=\"text-align: center;\">\u00a0<\/div>\n<div style=\"text-align: center;\">\u00a0 \u00a0Kunden kan \u00e5ngra sin best\u00e4llning om leverans inte har skett inom sk\u00e4lig tid. Avbokningar m\u00e5ste meddelas till info@unnadeluxe.fi<\/div>\n<div style=\"text-align: center;\">\u00a0<\/div>\n<div style=\"text-align: center;\">\u00a0 \u00a0Vi meddelar v\u00e5ra kunder via mail eller telefon om leveranstiden avviker fr\u00e5n normalt. UnnaDeluxe.fi f\u00f6rbeh\u00e5ller sig \u00e4ven r\u00e4tten att annullera best\u00e4llningen och \u00e5terbetala pengarna till kundens konto.<\/div>\n<div style=\"text-align: center;\">\u00a0<\/div>\n<div style=\"text-align: center;\">\u00a0 \u00a0Kontaktuppgifter<\/div>\n<div style=\"text-align: center;\">\u00a0<\/div>\n<div style=\"text-align: center;\">\u00a0 \u00a0UnnaDeluxe<\/div>\n<div style=\"text-align: center;\">\u00a0 \u00a0Topeliusesplanaden 11<\/div>\n<div style=\"text-align: center;\">\u00a0 \u00a066900 Nykarleby<\/div>\n<div style=\"text-align: center;\">\u00a0 \u00a0Fo-nr: 1533164-6<\/div>\n<div style=\"text-align: center;\">\u00a0<\/div>\n<div style=\"text-align: center;\">\u00a0 \u00a0S\u00e4hk\u00f6posti: info@unnadeluxe.fi<\/div>","protected":false},"excerpt":{"rendered":"","protected":false},"author":2,"featured_media":14,"parent":41,"menu_order":0,"comment_status":"closed","ping_status":"closed","template":"page-blank.php","meta":{"footnotes":""},"class_list":["post-82","page","type-page","status-publish","has-post-thumbnail","hentry"],"yoast_head":"<!-- This site is optimized with the Yoast SEO plugin v27.5 - https:\/\/yoast.com\/product\/yoast-seo-wordpress\/ -->\n<title>Leverans- och betalning - Unnadeluxe<\/title>\n<meta name=\"robots\" content=\"index, follow, max-snippet:-1, max-image-preview:large, max-video-preview:-1\" \/>\n<link rel=\"canonical\" href=\"https:\/\/unnadeluxe.fi\/fi\/pages\/contact\/\" \/>\n<meta property=\"og:locale\" content=\"fi_FI\" \/>\n<meta property=\"og:type\" content=\"article\" \/>\n<meta property=\"og:title\" content=\"Leverans- och betalning - Unnadeluxe\" \/>\n<meta property=\"og:url\" content=\"https:\/\/unnadeluxe.fi\/fi\/pages\/contact\/\" \/>\n<meta property=\"og:site_name\" content=\"Unnadeluxe\" \/>\n<meta property=\"article:publisher\" content=\"https:\/\/www.facebook.com\/UnnaDeluxe\" \/>\n<meta property=\"article:modified_time\" content=\"2026-02-25T16:39:22+00:00\" \/>\n<meta property=\"og:image\" content=\"https:\/\/unnadeluxe.fi\/wp-content\/uploads\/2016\/08\/dummy-1.jpg\" \/>\n\t<meta property=\"og:image:width\" content=\"400\" \/>\n\t<meta property=\"og:image:height\" content=\"260\" \/>\n\t<meta property=\"og:image:type\" content=\"image\/jpeg\" \/>\n<meta name=\"twitter:card\" content=\"summary_large_image\" \/>\n<meta name=\"twitter:label1\" content=\"Arvioitu lukuaika\" \/>\n\t<meta name=\"twitter:data1\" content=\"2 minuuttia\" \/>\n<script type=\"application\/ld+json\" class=\"yoast-schema-graph\">{\"@context\":\"https:\\\/\\\/schema.org\",\"@graph\":[{\"@type\":\"WebPage\",\"@id\":\"https:\\\/\\\/unnadeluxe.fi\\\/pages\\\/contact\\\/\",\"url\":\"https:\\\/\\\/unnadeluxe.fi\\\/pages\\\/contact\\\/\",\"name\":\"Leverans- och betalning - Unnadeluxe\",\"isPartOf\":{\"@id\":\"https:\\\/\\\/unnadeluxe.fi\\\/#website\"},\"primaryImageOfPage\":{\"@id\":\"https:\\\/\\\/unnadeluxe.fi\\\/pages\\\/contact\\\/#primaryimage\"},\"image\":{\"@id\":\"https:\\\/\\\/unnadeluxe.fi\\\/pages\\\/contact\\\/#primaryimage\"},\"thumbnailUrl\":\"https:\\\/\\\/unnadeluxe.fi\\\/wp-content\\\/uploads\\\/2016\\\/08\\\/dummy-1.jpg\",\"datePublished\":\"2013-08-11T19:22:53+00:00\",\"dateModified\":\"2026-02-25T16:39:22+00:00\",\"breadcrumb\":{\"@id\":\"https:\\\/\\\/unnadeluxe.fi\\\/pages\\\/contact\\\/#breadcrumb\"},\"inLanguage\":\"fi\",\"potentialAction\":[{\"@type\":\"ReadAction\",\"target\":[\"https:\\\/\\\/unnadeluxe.fi\\\/pages\\\/contact\\\/\"]}]},{\"@type\":\"ImageObject\",\"inLanguage\":\"fi\",\"@id\":\"https:\\\/\\\/unnadeluxe.fi\\\/pages\\\/contact\\\/#primaryimage\",\"url\":\"https:\\\/\\\/unnadeluxe.fi\\\/wp-content\\\/uploads\\\/2016\\\/08\\\/dummy-1.jpg\",\"contentUrl\":\"https:\\\/\\\/unnadeluxe.fi\\\/wp-content\\\/uploads\\\/2016\\\/08\\\/dummy-1.jpg\",\"width\":400,\"height\":260},{\"@type\":\"BreadcrumbList\",\"@id\":\"https:\\\/\\\/unnadeluxe.fi\\\/pages\\\/contact\\\/#breadcrumb\",\"itemListElement\":[{\"@type\":\"ListItem\",\"position\":1,\"name\":\"Hem\",\"item\":\"https:\\\/\\\/unnadeluxe.fi\\\/\"},{\"@type\":\"ListItem\",\"position\":2,\"name\":\"Pages\",\"item\":\"https:\\\/\\\/unnadeluxe.fi\\\/pages\\\/\"},{\"@type\":\"ListItem\",\"position\":3,\"name\":\"Leverans- och betalning\"}]},{\"@type\":\"WebSite\",\"@id\":\"https:\\\/\\\/unnadeluxe.fi\\\/#website\",\"url\":\"https:\\\/\\\/unnadeluxe.fi\\\/\",\"name\":\"Unnadeluxe\",\"description\":\"UnnaDeluxe\",\"publisher\":{\"@id\":\"https:\\\/\\\/unnadeluxe.fi\\\/#organization\"},\"potentialAction\":[{\"@type\":\"SearchAction\",\"target\":{\"@type\":\"EntryPoint\",\"urlTemplate\":\"https:\\\/\\\/unnadeluxe.fi\\\/?s={search_term_string}\"},\"query-input\":{\"@type\":\"PropertyValueSpecification\",\"valueRequired\":true,\"valueName\":\"search_term_string\"}}],\"inLanguage\":\"fi\"},{\"@type\":\"Organization\",\"@id\":\"https:\\\/\\\/unnadeluxe.fi\\\/#organization\",\"name\":\"Unnadeluxe\",\"url\":\"https:\\\/\\\/unnadeluxe.fi\\\/\",\"logo\":{\"@type\":\"ImageObject\",\"inLanguage\":\"fi\",\"@id\":\"https:\\\/\\\/unnadeluxe.fi\\\/#\\\/schema\\\/logo\\\/image\\\/\",\"url\":\"https:\\\/\\\/unnadeluxe.fi\\\/wp-content\\\/uploads\\\/2022\\\/09\\\/Unna-logo-lingerie-black-and-gold.png\",\"contentUrl\":\"https:\\\/\\\/unnadeluxe.fi\\\/wp-content\\\/uploads\\\/2022\\\/09\\\/Unna-logo-lingerie-black-and-gold.png\",\"width\":3150,\"height\":3937,\"caption\":\"Unnadeluxe\"},\"image\":{\"@id\":\"https:\\\/\\\/unnadeluxe.fi\\\/#\\\/schema\\\/logo\\\/image\\\/\"},\"sameAs\":[\"https:\\\/\\\/www.facebook.com\\\/UnnaDeluxe\"]}]}<\/script>\n<!-- \/ Yoast SEO plugin. -->","yoast_head_json":{"title":"Leverans- och betalning - Unnadeluxe","robots":{"index":"index","follow":"follow","max-snippet":"max-snippet:-1","max-image-preview":"max-image-preview:large","max-video-preview":"max-video-preview:-1"},"canonical":"https:\/\/unnadeluxe.fi\/fi\/pages\/contact\/","og_locale":"fi_FI","og_type":"article","og_title":"Leverans- och betalning - Unnadeluxe","og_url":"https:\/\/unnadeluxe.fi\/fi\/pages\/contact\/","og_site_name":"Unnadeluxe","article_publisher":"https:\/\/www.facebook.com\/UnnaDeluxe","article_modified_time":"2026-02-25T16:39:22+00:00","og_image":[{"width":400,"height":260,"url":"https:\/\/unnadeluxe.fi\/wp-content\/uploads\/2016\/08\/dummy-1.jpg","type":"image\/jpeg"}],"twitter_card":"summary_large_image","twitter_misc":{"Arvioitu lukuaika":"2 minuuttia"},"schema":{"@context":"https:\/\/schema.org","@graph":[{"@type":"WebPage","@id":"https:\/\/unnadeluxe.fi\/pages\/contact\/","url":"https:\/\/unnadeluxe.fi\/pages\/contact\/","name":"Leverans- och betalning - Unnadeluxe","isPartOf":{"@id":"https:\/\/unnadeluxe.fi\/#website"},"primaryImageOfPage":{"@id":"https:\/\/unnadeluxe.fi\/pages\/contact\/#primaryimage"},"image":{"@id":"https:\/\/unnadeluxe.fi\/pages\/contact\/#primaryimage"},"thumbnailUrl":"https:\/\/unnadeluxe.fi\/wp-content\/uploads\/2016\/08\/dummy-1.jpg","datePublished":"2013-08-11T19:22:53+00:00","dateModified":"2026-02-25T16:39:22+00:00","breadcrumb":{"@id":"https:\/\/unnadeluxe.fi\/pages\/contact\/#breadcrumb"},"inLanguage":"fi","potentialAction":[{"@type":"ReadAction","target":["https:\/\/unnadeluxe.fi\/pages\/contact\/"]}]},{"@type":"ImageObject","inLanguage":"fi","@id":"https:\/\/unnadeluxe.fi\/pages\/contact\/#primaryimage","url":"https:\/\/unnadeluxe.fi\/wp-content\/uploads\/2016\/08\/dummy-1.jpg","contentUrl":"https:\/\/unnadeluxe.fi\/wp-content\/uploads\/2016\/08\/dummy-1.jpg","width":400,"height":260},{"@type":"BreadcrumbList","@id":"https:\/\/unnadeluxe.fi\/pages\/contact\/#breadcrumb","itemListElement":[{"@type":"ListItem","position":1,"name":"Hem","item":"https:\/\/unnadeluxe.fi\/"},{"@type":"ListItem","position":2,"name":"Pages","item":"https:\/\/unnadeluxe.fi\/pages\/"},{"@type":"ListItem","position":3,"name":"Leverans- och betalning"}]},{"@type":"WebSite","@id":"https:\/\/unnadeluxe.fi\/#website","url":"https:\/\/unnadeluxe.fi\/","name":"Unnadeluxe","description":"UnnaDeluxe","publisher":{"@id":"https:\/\/unnadeluxe.fi\/#organization"},"potentialAction":[{"@type":"SearchAction","target":{"@type":"EntryPoint","urlTemplate":"https:\/\/unnadeluxe.fi\/?s={search_term_string}"},"query-input":{"@type":"PropertyValueSpecification","valueRequired":true,"valueName":"search_term_string"}}],"inLanguage":"fi"},{"@type":"Organization","@id":"https:\/\/unnadeluxe.fi\/#organization","name":"Unnadeluxe","url":"https:\/\/unnadeluxe.fi\/","logo":{"@type":"ImageObject","inLanguage":"fi","@id":"https:\/\/unnadeluxe.fi\/#\/schema\/logo\/image\/","url":"https:\/\/unnadeluxe.fi\/wp-content\/uploads\/2022\/09\/Unna-logo-lingerie-black-and-gold.png","contentUrl":"https:\/\/unnadeluxe.fi\/wp-content\/uploads\/2022\/09\/Unna-logo-lingerie-black-and-gold.png","width":3150,"height":3937,"caption":"Unnadeluxe"},"image":{"@id":"https:\/\/unnadeluxe.fi\/#\/schema\/logo\/image\/"},"sameAs":["https:\/\/www.facebook.com\/UnnaDeluxe"]}]}},"_links":{"self":[{"href":"https:\/\/unnadeluxe.fi\/fi\/wp-json\/wp\/v2\/pages\/82","targetHints":{"allow":["GET"]}}],"collection":[{"href":"https:\/\/unnadeluxe.fi\/fi\/wp-json\/wp\/v2\/pages"}],"about":[{"href":"https:\/\/unnadeluxe.fi\/fi\/wp-json\/wp\/v2\/types\/page"}],"author":[{"embeddable":true,"href":"https:\/\/unnadeluxe.fi\/fi\/wp-json\/wp\/v2\/users\/2"}],"replies":[{"embeddable":true,"href":"https:\/\/unnadeluxe.fi\/fi\/wp-json\/wp\/v2\/comments?post=82"}],"version-history":[{"count":9,"href":"https:\/\/unnadeluxe.fi\/fi\/wp-json\/wp\/v2\/pages\/82\/revisions"}],"predecessor-version":[{"id":8295,"href":"https:\/\/unnadeluxe.fi\/fi\/wp-json\/wp\/v2\/pages\/82\/revisions\/8295"}],"up":[{"embeddable":true,"href":"https:\/\/unnadeluxe.fi\/fi\/wp-json\/wp\/v2\/pages\/41"}],"wp:featuredmedia":[{"embeddable":true,"href":"https:\/\/unnadeluxe.fi\/fi\/wp-json\/wp\/v2\/media\/14"}],"wp:attachment":[{"href":"https:\/\/unnadeluxe.fi\/fi\/wp-json\/wp\/v2\/media?parent=82"}],"curies":[{"name":"wp","href":"https:\/\/api.w.org\/{rel}","templated":true}]}}